{"id":7908,"date":"2023-11-28T14:46:33","date_gmt":"2023-11-28T14:46:33","guid":{"rendered":"https:\/\/edl-training.eu\/faq\/"},"modified":"2024-04-26T07:28:23","modified_gmt":"2024-04-26T07:28:23","slug":"faq","status":"publish","type":"page","link":"https:\/\/edl-training.eu\/de\/faq\/","title":{"rendered":"FAQ"},"content":{"rendered":"\t\t<div data-elementor-type=\"wp-page\" data-elementor-id=\"7908\" class=\"elementor elementor-7908 elementor-7851\">\n\t\t\t\t\t\t\t<div class=\"elementor-element elementor-element-f93ff98 e-con-full e-flex e-con e-parent\" data-id=\"f93ff98\" data-element_type=\"container\" data-settings=\"{&quot;content_width&quot;:&quot;full&quot;,&quot;background_background&quot;:&quot;classic&quot;}\" data-core-v316-plus=\"true\">\n\t\t<div class=\"elementor-element elementor-element-685cb7e e-flex e-con-boxed e-con e-child\" data-id=\"685cb7e\" data-element_type=\"container\" data-settings=\"{&quot;content_width&quot;:&quot;boxed&quot;}\">\n\t\t\t\t\t<div class=\"e-con-inner\">\n\t\t\t\t<div class=\"elementor-element elementor-element-e7b611c elementor-widget elementor-widget-heading\" data-id=\"e7b611c\" data-element_type=\"widget\" data-widget_type=\"heading.default\">\n\t\t\t\t<div class=\"elementor-widget-container\">\n\t\t\t<style>\/*! elementor - v3.16.0 - 20-09-2023 *\/\n.elementor-heading-title{padding:0;margin:0;line-height:1}.elementor-widget-heading .elementor-heading-title[class*=elementor-size-]>a{color:inherit;font-size:inherit;line-height:inherit}.elementor-widget-heading .elementor-heading-title.elementor-size-small{font-size:15px}.elementor-widget-heading .elementor-heading-title.elementor-size-medium{font-size:19px}.elementor-widget-heading .elementor-heading-title.elementor-size-large{font-size:29px}.elementor-widget-heading .elementor-heading-title.elementor-size-xl{font-size:39px}.elementor-widget-heading .elementor-heading-title.elementor-size-xxl{font-size:59px}<\/style><h2 class=\"elementor-heading-title elementor-size-default\">H\u00e4ufig gestellte Fragen<\/h2>\t\t<\/div>\n\t\t\t\t<\/div>\n\t\t\t\t\t<\/div>\n\t\t\t\t<\/div>\n\t\t\t\t<\/div>\n\t\t<div class=\"elementor-element elementor-element-5d188e9 e-con-full e-flex e-con e-parent\" data-id=\"5d188e9\" data-element_type=\"container\" data-settings=\"{&quot;content_width&quot;:&quot;full&quot;,&quot;background_background&quot;:&quot;classic&quot;}\" data-core-v316-plus=\"true\">\n\t\t<div class=\"elementor-element elementor-element-88c8c46 e-flex e-con-boxed e-con e-child\" data-id=\"88c8c46\" data-element_type=\"container\" data-settings=\"{&quot;content_width&quot;:&quot;boxed&quot;}\">\n\t\t\t\t\t<div class=\"e-con-inner\">\n\t\t<div class=\"elementor-element elementor-element-9b95805 msr-edl-faq-wrapper e-flex e-con-boxed e-con e-child\" data-id=\"9b95805\" data-element_type=\"container\" data-settings=\"{&quot;content_width&quot;:&quot;boxed&quot;}\">\n\t\t\t\t\t<div class=\"e-con-inner\">\n\t\t\t\t<div class=\"elementor-element elementor-element-afee5a7 elementor-widget elementor-widget-toggle\" data-id=\"afee5a7\" data-element_type=\"widget\" data-widget_type=\"toggle.default\">\n\t\t\t\t<div class=\"elementor-widget-container\">\n\t\t\t<style>.elementor-toggle{text-align:left}.elementor-toggle .elementor-tab-title{font-weight:700;line-height:1;margin:0;padding:15px;border-bottom:1px solid #d5d8dc;cursor:pointer;outline:none}.elementor-toggle .elementor-tab-title .elementor-toggle-icon{display:inline-block;width:1em}.elementor-toggle .elementor-tab-title .elementor-toggle-icon svg{margin-inline-start:-5px;width:1em;height:1em}.elementor-toggle .elementor-tab-title .elementor-toggle-icon.elementor-toggle-icon-right{float:right;text-align:right}.elementor-toggle .elementor-tab-title .elementor-toggle-icon.elementor-toggle-icon-left{float:left;text-align:left}.elementor-toggle .elementor-tab-title .elementor-toggle-icon .elementor-toggle-icon-closed{display:block}.elementor-toggle .elementor-tab-title .elementor-toggle-icon .elementor-toggle-icon-opened{display:none}.elementor-toggle .elementor-tab-title.elementor-active{border-bottom:none}.elementor-toggle .elementor-tab-title.elementor-active .elementor-toggle-icon-closed{display:none}.elementor-toggle .elementor-tab-title.elementor-active .elementor-toggle-icon-opened{display:block}.elementor-toggle .elementor-tab-content{padding:15px;border-bottom:1px solid #d5d8dc;display:none}@media (max-width:480px){.elementor-toggle .elementor-tab-title{padding:12px}.elementor-toggle .elementor-tab-content{padding:12px 10px}}.e-con-inner>.elementor-widget-toggle,.e-con>.elementor-widget-toggle{width:var(--container-widget-width);--flex-grow:var(--container-widget-flex-grow)}<\/style>\t\t<div class=\"elementor-toggle\">\n\t\t\t\t\t\t\t<div class=\"elementor-toggle-item\">\n\t\t\t\t\t<div id=\"elementor-tab-title-1841\" class=\"elementor-tab-title\" data-tab=\"1\" role=\"button\" aria-controls=\"elementor-tab-content-1841\" aria-expanded=\"false\">\n\t\t\t\t\t\t\t\t\t\t\t\t<span class=\"elementor-toggle-icon elementor-toggle-icon-right\" aria-hidden=\"true\">\n\t\t\t\t\t\t\t\t\t\t\t\t\t\t\t<span class=\"elementor-toggle-icon-closed\"><i class=\"fas fa-caret-right\"><\/i><\/span>\n\t\t\t\t\t\t\t\t<span class=\"elementor-toggle-icon-opened\"><i class=\"elementor-toggle-icon-opened fas fa-caret-up\"><\/i><\/span>\n\t\t\t\t\t\t\t\t\t\t\t\t\t<\/span>\n\t\t\t\t\t\t\t\t\t\t\t\t<a class=\"elementor-toggle-title\" tabindex=\"0\">Wie melde ich mich f\u00fcr die EDL-Bildungsplattform an?<\/a>\n\t\t\t\t\t<\/div>\n\n\t\t\t\t\t<div id=\"elementor-tab-content-1841\" class=\"elementor-tab-content elementor-clearfix\" data-tab=\"1\" role=\"region\" aria-labelledby=\"elementor-tab-title-1841\"><p><span style=\"font-weight: 400;\">Um sich f\u00fcr die EDL-Bildungs-Online-Plattform zu registrieren, navigieren Sie einfach zum Anmeldebereich und folgen Sie den Anweisungen. Bei der Registrierung m\u00fcssen Sie einen Benutzernamen, ein Passwort und eine g\u00fcltige E-Mail-Adresse eingeben. Nach der Registrierung k\u00f6nnen Sie sich mit denselben Anmeldeinformationen, die Sie bei der Anmeldung angegeben haben, bei der EDL-Online-Plattform f\u00fcr Bildungseinrichtungen anmelden.<\/span><\/p><\/div>\n\t\t\t\t<\/div>\n\t\t\t\t\t\t\t<div class=\"elementor-toggle-item\">\n\t\t\t\t\t<div id=\"elementor-tab-title-1842\" class=\"elementor-tab-title\" data-tab=\"2\" role=\"button\" aria-controls=\"elementor-tab-content-1842\" aria-expanded=\"false\">\n\t\t\t\t\t\t\t\t\t\t\t\t<span class=\"elementor-toggle-icon elementor-toggle-icon-right\" aria-hidden=\"true\">\n\t\t\t\t\t\t\t\t\t\t\t\t\t\t\t<span class=\"elementor-toggle-icon-closed\"><i class=\"fas fa-caret-right\"><\/i><\/span>\n\t\t\t\t\t\t\t\t<span class=\"elementor-toggle-icon-opened\"><i class=\"elementor-toggle-icon-opened fas fa-caret-up\"><\/i><\/span>\n\t\t\t\t\t\t\t\t\t\t\t\t\t<\/span>\n\t\t\t\t\t\t\t\t\t\t\t\t<a class=\"elementor-toggle-title\" tabindex=\"0\">Wie kann ich mein Passwort zur\u00fccksetzen?<\/a>\n\t\t\t\t\t<\/div>\n\n\t\t\t\t\t<div id=\"elementor-tab-content-1842\" class=\"elementor-tab-content elementor-clearfix\" data-tab=\"2\" role=\"region\" aria-labelledby=\"elementor-tab-title-1842\"><p><span style=\"font-weight: 400;\">Falls Sie sich nicht an Ihr Passwort erinnern k\u00f6nnen, haben Sie die M\u00f6glichkeit, den Abschnitt &#8220;Passwort vergessen&#8221; auszuw\u00e4hlen und auf den bereitgestellten Link zu klicken, um den Reset-Vorgang zu starten.<\/span><\/p><\/div>\n\t\t\t\t<\/div>\n\t\t\t\t\t\t\t<div class=\"elementor-toggle-item\">\n\t\t\t\t\t<div id=\"elementor-tab-title-1843\" class=\"elementor-tab-title\" data-tab=\"3\" role=\"button\" aria-controls=\"elementor-tab-content-1843\" aria-expanded=\"false\">\n\t\t\t\t\t\t\t\t\t\t\t\t<span class=\"elementor-toggle-icon elementor-toggle-icon-right\" aria-hidden=\"true\">\n\t\t\t\t\t\t\t\t\t\t\t\t\t\t\t<span class=\"elementor-toggle-icon-closed\"><i class=\"fas fa-caret-right\"><\/i><\/span>\n\t\t\t\t\t\t\t\t<span class=\"elementor-toggle-icon-opened\"><i class=\"elementor-toggle-icon-opened fas fa-caret-up\"><\/i><\/span>\n\t\t\t\t\t\t\t\t\t\t\t\t\t<\/span>\n\t\t\t\t\t\t\t\t\t\t\t\t<a class=\"elementor-toggle-title\" tabindex=\"0\">Gibt es kostenlose Testoptionen f\u00fcr Kurse?<\/a>\n\t\t\t\t\t<\/div>\n\n\t\t\t\t\t<div id=\"elementor-tab-content-1843\" class=\"elementor-tab-content elementor-clearfix\" data-tab=\"3\" role=\"region\" aria-labelledby=\"elementor-tab-title-1843\"><p><span style=\"font-weight: 400;\">Alle Kurse und digitalen Bildungstools sind kostenlos. Einzige Voraussetzung f\u00fcr die Kursanmeldung ist die Erstellung eines Accounts.<\/span><\/p><\/div>\n\t\t\t\t<\/div>\n\t\t\t\t\t\t\t<div class=\"elementor-toggle-item\">\n\t\t\t\t\t<div id=\"elementor-tab-title-1844\" class=\"elementor-tab-title\" data-tab=\"4\" role=\"button\" aria-controls=\"elementor-tab-content-1844\" aria-expanded=\"false\">\n\t\t\t\t\t\t\t\t\t\t\t\t<span class=\"elementor-toggle-icon elementor-toggle-icon-right\" aria-hidden=\"true\">\n\t\t\t\t\t\t\t\t\t\t\t\t\t\t\t<span class=\"elementor-toggle-icon-closed\"><i class=\"fas fa-caret-right\"><\/i><\/span>\n\t\t\t\t\t\t\t\t<span class=\"elementor-toggle-icon-opened\"><i class=\"elementor-toggle-icon-opened fas fa-caret-up\"><\/i><\/span>\n\t\t\t\t\t\t\t\t\t\t\t\t\t<\/span>\n\t\t\t\t\t\t\t\t\t\t\t\t<a class=\"elementor-toggle-title\" tabindex=\"0\">Wie kann ich nach der Einschreibung auf meine Kursunterlagen zugreifen?<\/a>\n\t\t\t\t\t<\/div>\n\n\t\t\t\t\t<div id=\"elementor-tab-content-1844\" class=\"elementor-tab-content elementor-clearfix\" data-tab=\"4\" role=\"region\" aria-labelledby=\"elementor-tab-title-1844\"><p><span style=\"font-weight: 400;\">Nach der erfolgreichen Erstellung Ihres Kontos und der Anmeldung zum Kurs k\u00f6nnen Sie den Inhalt entweder lesen oder herunterladen.<\/span><\/p><\/div>\n\t\t\t\t<\/div>\n\t\t\t\t\t\t\t<div class=\"elementor-toggle-item\">\n\t\t\t\t\t<div id=\"elementor-tab-title-1845\" class=\"elementor-tab-title\" data-tab=\"5\" role=\"button\" aria-controls=\"elementor-tab-content-1845\" aria-expanded=\"false\">\n\t\t\t\t\t\t\t\t\t\t\t\t<span class=\"elementor-toggle-icon elementor-toggle-icon-right\" aria-hidden=\"true\">\n\t\t\t\t\t\t\t\t\t\t\t\t\t\t\t<span class=\"elementor-toggle-icon-closed\"><i class=\"fas fa-caret-right\"><\/i><\/span>\n\t\t\t\t\t\t\t\t<span class=\"elementor-toggle-icon-opened\"><i class=\"elementor-toggle-icon-opened fas fa-caret-up\"><\/i><\/span>\n\t\t\t\t\t\t\t\t\t\t\t\t\t<\/span>\n\t\t\t\t\t\t\t\t\t\t\t\t<a class=\"elementor-toggle-title\" tabindex=\"0\">Welche Arten von Ressourcen und Materialien werden in den Kursen zur Verf\u00fcgung gestellt?<\/a>\n\t\t\t\t\t<\/div>\n\n\t\t\t\t\t<div id=\"elementor-tab-content-1845\" class=\"elementor-tab-content elementor-clearfix\" data-tab=\"5\" role=\"region\" aria-labelledby=\"elementor-tab-title-1845\"><p><span style=\"font-weight: 400;\">Die EDL-Online-Bildungsplattform bietet Kurse an, die Videos, Infografiken, Zuordnungskarten, Tutorenkarten, PowerPoint-Pr\u00e4sentationen, Multiple-Choice-Quiz und Selbsteinsch\u00e4tzungssitzungen umfassen.<\/span><\/p><\/div>\n\t\t\t\t<\/div>\n\t\t\t\t\t\t\t\t<\/div>\n\t\t\t\t<\/div>\n\t\t\t\t<\/div>\n\t\t\t\t\t<\/div>\n\t\t\t\t<\/div>\n\t\t<div class=\"elementor-element elementor-element-d0bb11f msr-edl-faq-wrapper e-flex e-con-boxed e-con e-child\" data-id=\"d0bb11f\" data-element_type=\"container\" data-settings=\"{&quot;content_width&quot;:&quot;boxed&quot;}\">\n\t\t\t\t\t<div class=\"e-con-inner\">\n\t\t\t\t<div class=\"elementor-element elementor-element-457e22f elementor-widget elementor-widget-toggle\" data-id=\"457e22f\" data-element_type=\"widget\" data-widget_type=\"toggle.default\">\n\t\t\t\t<div class=\"elementor-widget-container\">\n\t\t\t\t\t<div class=\"elementor-toggle\">\n\t\t\t\t\t\t\t<div class=\"elementor-toggle-item\">\n\t\t\t\t\t<div id=\"elementor-tab-title-7281\" class=\"elementor-tab-title\" data-tab=\"1\" role=\"button\" aria-controls=\"elementor-tab-content-7281\" aria-expanded=\"false\">\n\t\t\t\t\t\t\t\t\t\t\t\t<span class=\"elementor-toggle-icon elementor-toggle-icon-right\" aria-hidden=\"true\">\n\t\t\t\t\t\t\t\t\t\t\t\t\t\t\t<span class=\"elementor-toggle-icon-closed\"><i class=\"fas fa-caret-right\"><\/i><\/span>\n\t\t\t\t\t\t\t\t<span class=\"elementor-toggle-icon-opened\"><i class=\"elementor-toggle-icon-opened fas fa-caret-up\"><\/i><\/span>\n\t\t\t\t\t\t\t\t\t\t\t\t\t<\/span>\n\t\t\t\t\t\t\t\t\t\t\t\t<a class=\"elementor-toggle-title\" tabindex=\"0\">Kann ich Kursmaterialien f\u00fcr den Offline-Zugriff herunterladen?<\/a>\n\t\t\t\t\t<\/div>\n\n\t\t\t\t\t<div id=\"elementor-tab-content-7281\" class=\"elementor-tab-content elementor-clearfix\" data-tab=\"1\" role=\"region\" aria-labelledby=\"elementor-tab-title-7281\"><p><span style=\"font-weight: 400;\">Mit Ausnahme der Videoinhalte der Plattform k\u00f6nnen alle Materialien f\u00fcr jeden registrierten Nutzer kostenlos heruntergeladen werden. Die Nutzung der Inhalte der Plattform erfolgt f\u00fcr den pers\u00f6nlichen Gebrauch.\u00a0<\/span><\/p><\/div>\n\t\t\t\t<\/div>\n\t\t\t\t\t\t\t<div class=\"elementor-toggle-item\">\n\t\t\t\t\t<div id=\"elementor-tab-title-7282\" class=\"elementor-tab-title\" data-tab=\"2\" role=\"button\" aria-controls=\"elementor-tab-content-7282\" aria-expanded=\"false\">\n\t\t\t\t\t\t\t\t\t\t\t\t<span class=\"elementor-toggle-icon elementor-toggle-icon-right\" aria-hidden=\"true\">\n\t\t\t\t\t\t\t\t\t\t\t\t\t\t\t<span class=\"elementor-toggle-icon-closed\"><i class=\"fas fa-caret-right\"><\/i><\/span>\n\t\t\t\t\t\t\t\t<span class=\"elementor-toggle-icon-opened\"><i class=\"elementor-toggle-icon-opened fas fa-caret-up\"><\/i><\/span>\n\t\t\t\t\t\t\t\t\t\t\t\t\t<\/span>\n\t\t\t\t\t\t\t\t\t\t\t\t<a class=\"elementor-toggle-title\" tabindex=\"0\">Wie kann ich die Inhalte der Plattform nutzen?<\/a>\n\t\t\t\t\t<\/div>\n\n\t\t\t\t\t<div id=\"elementor-tab-content-7282\" class=\"elementor-tab-content elementor-clearfix\" data-tab=\"2\" role=\"region\" aria-labelledby=\"elementor-tab-title-7282\"><p><span style=\"font-weight: 400;\">Die auf dieser Plattform zum Download verf\u00fcgbaren Inhalte werden unter der Voraussetzung zur Verf\u00fcgung gestellt, dass sie ausschlie\u00dflich f\u00fcr Forschungs- und Bildungszwecke bestimmt sind. Durch das Herunterladen und die Nutzung dieser Inhalte erkl\u00e4ren Sie sich mit den folgenden Bedingungen einverstanden:<\/span><\/p>\n<p><\/p>\n<p><b>Nur zu Forschungszwecken<\/b><span style=\"font-weight: 400;\">: Die heruntergeladenen Inhalte werden Ihnen ausschlie\u00dflich zur Nutzung im Zusammenhang mit akademischen oder nicht-kommerziellen Forschungsaktivit\u00e4ten lizenziert. Jegliche Nutzung der Inhalte zu kommerziellen Zwecken ist strengstens untersagt.<\/span><\/p>\n<p><\/p>\n<p><b>Nicht \u00fcbertragbare Lizenz<\/b><span style=\"font-weight: 400;\">: Die f\u00fcr die herunterladbaren Inhalte gew\u00e4hrte Lizenz ist nicht exklusiv und nicht \u00fcbertragbar. Sie sind ausschlie\u00dflich f\u00fcr Ihren pers\u00f6nlichen oder internen Forschungszweck bestimmt und d\u00fcrfen nicht unterlizenziert, \u00fcbertragen oder an Dritte abgetreten werden.<\/span><\/p>\n<p><\/p>\n<p><b>Keine Modifikation oder abgeleitete Werke:<\/b><span style=\"font-weight: 400;\"> Es ist Ihnen untersagt, die heruntergeladenen Inhalte zu modifizieren, anzupassen oder abgeleitete Werke zu erstellen. Die Inhalte m\u00fcssen in ihrer urspr\u00fcnglichen Form f\u00fcr Forschungs- und Bildungszwecke verwendet werden.<\/span><\/p>\n<p><b>Namensnennung:<\/b><span style=\"font-weight: 400;\"> Wenn Sie den Inhalt&nbsp; in Forschungspublikationen, Pr\u00e4sentationen oder verwandten Werken verwenden, erkl\u00e4ren Sie sich damit einverstanden, die Quelle des Inhalts angemessen anzugeben und den Inhalt der EU-Plattform und des zust\u00e4ndigen EU-Mitgliedskonsortiums zu nennen.<\/span><\/p>\n<p><b>Nur f\u00fcr Forschungszwecke: <\/b>Der heruntergeladene Inhalt wird Ihnen ausschlie\u00dflich zur Verwendung im Zusammenhang mit akademischen oder nichtkommerziellen Forschungsaktivit\u00e4ten lizenziert. Jegliche Nutzung der Inhalte zu kommerziellen Zwecken ist strengstens untersagt<span style=\"font-weight: 400;\">.<\/span><\/p>\n<p><b>Nicht \u00fcbertragbare Lizenz: D<\/b>ie f\u00fcr die herunterladbaren Inhalte gew\u00e4hrte Lizenz ist nicht exklusiv und nicht \u00fcbertragbar. Es dient ausschlie\u00dflich Ihrem pers\u00f6nlichen oder internen Forschungsgebrauch und darf nicht unterlizenziert, \u00fcbertragen oder an Dritte abgetreten werden<b>.<\/b><\/p>\n<p><b>Keine \u00c4nderungen oder abgeleiteten Werke: <\/b>Es ist Ihnen untersagt, die heruntergeladenen Inhalte zu \u00e4ndern, anzupassen oder abgeleitete Werke daraus zu erstellen. Die Inhalte m\u00fcssen in ihrer urspr\u00fcnglichen Form f\u00fcr Forschungs- und Bildungszwecke genutzt werden<b>.<\/b><\/p>\n<p><b>Namensnennung: <\/b>Wenn Sie den Inhalt in Forschungspublikationen, Pr\u00e4sentationen oder verwandten Arbeiten verwenden, erkl\u00e4ren Sie sich damit einverstanden, die Quelle des Inhalts angemessen anzugeben und den Inhalt der EU-Plattform und des verantwortlichen EU-Mitgliedskonsortiums zu w\u00fcrdigen<span style=\"font-weight: 400;\">.<\/span><\/p><\/div>\n\t\t\t\t<\/div>\n\t\t\t\t\t\t\t<div class=\"elementor-toggle-item\">\n\t\t\t\t\t<div id=\"elementor-tab-title-7283\" class=\"elementor-tab-title\" data-tab=\"3\" role=\"button\" aria-controls=\"elementor-tab-content-7283\" aria-expanded=\"false\">\n\t\t\t\t\t\t\t\t\t\t\t\t<span class=\"elementor-toggle-icon elementor-toggle-icon-right\" aria-hidden=\"true\">\n\t\t\t\t\t\t\t\t\t\t\t\t\t\t\t<span class=\"elementor-toggle-icon-closed\"><i class=\"fas fa-caret-right\"><\/i><\/span>\n\t\t\t\t\t\t\t\t<span class=\"elementor-toggle-icon-opened\"><i class=\"elementor-toggle-icon-opened fas fa-caret-up\"><\/i><\/span>\n\t\t\t\t\t\t\t\t\t\t\t\t\t<\/span>\n\t\t\t\t\t\t\t\t\t\t\t\t<a class=\"elementor-toggle-title\" tabindex=\"0\">Kann ich als Trainer einen Kurs auf die Plattform hochladen?<\/a>\n\t\t\t\t\t<\/div>\n\n\t\t\t\t\t<div id=\"elementor-tab-content-7283\" class=\"elementor-tab-content elementor-clearfix\" data-tab=\"3\" role=\"region\" aria-labelledby=\"elementor-tab-title-7283\"><p><span style=\"font-weight: 400;\">Um einen Kurs auf die Plattform hochzuladen, m\u00fcssen Sie zun\u00e4chst ein Konto registrieren. Anschlie\u00dfend m\u00fcssen Sie Inhalte generieren, die mit den Zielen des EDL-Projekts \u00fcbereinstimmen. Verwenden Sie au\u00dferdem die bereitgestellte Vorlage (<\/span><a href=\"https:\/\/docs.google.com\/presentation\/d\/1V_8gDoL_GLreaZ1HqiNdcBZBCzv9Qdv3\/edit?usp=sharing&amp;ouid=106745725041095685988&amp;rtpof=true&amp;sd=true\" target=\"_blank\">Vorlage<\/a><span style=\"font-weight: 400;\">) f\u00fcr die Strukturierung Ihres Kurses. Nach einem detaillierten Qualit\u00e4tspr\u00fcfungsprozess Ihres Moduls reichen die Plattformadministratoren Ihre entwickelten Inhalte schlie\u00dflich bei der EU-Plattform ein. Bitte senden Sie Ihre produzierten Kurse an <\/span><a href=\"http:\/\/emotionaldistancelearning03@gmail.com\"><span style=\"font-weight: 400;\">emotionaldistancelearning03@gmail.com<\/span><\/a><\/p><\/div>\n\t\t\t\t<\/div>\n\t\t\t\t\t\t\t<div class=\"elementor-toggle-item\">\n\t\t\t\t\t<div id=\"elementor-tab-title-7284\" class=\"elementor-tab-title\" data-tab=\"4\" role=\"button\" aria-controls=\"elementor-tab-content-7284\" aria-expanded=\"false\">\n\t\t\t\t\t\t\t\t\t\t\t\t<span class=\"elementor-toggle-icon elementor-toggle-icon-right\" aria-hidden=\"true\">\n\t\t\t\t\t\t\t\t\t\t\t\t\t\t\t<span class=\"elementor-toggle-icon-closed\"><i class=\"fas fa-caret-right\"><\/i><\/span>\n\t\t\t\t\t\t\t\t<span class=\"elementor-toggle-icon-opened\"><i class=\"elementor-toggle-icon-opened fas fa-caret-up\"><\/i><\/span>\n\t\t\t\t\t\t\t\t\t\t\t\t\t<\/span>\n\t\t\t\t\t\t\t\t\t\t\t\t<a class=\"elementor-toggle-title\" tabindex=\"0\">Wie verfolge ich meinen Fortschritt innerhalb eines Kurses?<\/a>\n\t\t\t\t\t<\/div>\n\n\t\t\t\t\t<div id=\"elementor-tab-content-7284\" class=\"elementor-tab-content elementor-clearfix\" data-tab=\"4\" role=\"region\" aria-labelledby=\"elementor-tab-title-7284\"><p><span style=\"font-weight: 400;\">Oben auf der Plattformseite befindet sich ein Fortschrittsbalken zum Verfolgen.<\/span><\/p><\/div>\n\t\t\t\t<\/div>\n\t\t\t\t\t\t\t<div class=\"elementor-toggle-item\">\n\t\t\t\t\t<div id=\"elementor-tab-title-7285\" class=\"elementor-tab-title\" data-tab=\"5\" role=\"button\" aria-controls=\"elementor-tab-content-7285\" aria-expanded=\"false\">\n\t\t\t\t\t\t\t\t\t\t\t\t<span class=\"elementor-toggle-icon elementor-toggle-icon-right\" aria-hidden=\"true\">\n\t\t\t\t\t\t\t\t\t\t\t\t\t\t\t<span class=\"elementor-toggle-icon-closed\"><i class=\"fas fa-caret-right\"><\/i><\/span>\n\t\t\t\t\t\t\t\t<span class=\"elementor-toggle-icon-opened\"><i class=\"elementor-toggle-icon-opened fas fa-caret-up\"><\/i><\/span>\n\t\t\t\t\t\t\t\t\t\t\t\t\t<\/span>\n\t\t\t\t\t\t\t\t\t\t\t\t<a class=\"elementor-toggle-title\" tabindex=\"0\">Kann ich mit einem Live-Agenten sprechen?<\/a>\n\t\t\t\t\t<\/div>\n\n\t\t\t\t\t<div id=\"elementor-tab-content-7285\" class=\"elementor-tab-content elementor-clearfix\" data-tab=\"5\" role=\"region\" aria-labelledby=\"elementor-tab-title-7285\"><p><span style=\"font-weight: 400;\">F\u00fcr Live-Engagement und direkte Kommunikation k\u00f6nnen Sie Ihre Nachrichten an <\/span><a href=\"mailto:csp@hs-wismar.de\"><span style=\"font-weight: 400;\">csp@hs-wismar.de senden<\/span><\/a><\/p><\/div>\n\t\t\t\t<\/div>\n\t\t\t\t\t\t\t\t<\/div>\n\t\t\t\t<\/div>\n\t\t\t\t<\/div>\n\t\t\t\t\t<\/div>\n\t\t\t\t<\/div>\n\t\t\t\t\t<\/div>\n\t\t\t\t<\/div>\n\t\t\t\t<\/div>\n\t\t\t\t\t\t\t<\/div>\n\t\t","protected":false},"excerpt":{"rendered":"<p>H\u00e4ufig gestellte Fragen Wie melde ich mich f\u00fcr die EDL-Bildungsplattform an? Um sich f\u00fcr die EDL-Bildungs-Online-Plattform zu registrieren, navigieren Sie einfach zum Anmeldebereich und folgen Sie den Anweisungen. Bei der Registrierung m\u00fcssen Sie einen Benutzernamen, ein Passwort und eine g\u00fcltige E-Mail-Adresse eingeben. Nach der Registrierung k\u00f6nnen Sie sich mit denselben Anmeldeinformationen, die Sie bei der [&hellip;]<\/p>\n","protected":false},"author":1,"featured_media":0,"parent":0,"menu_order":0,"comment_status":"closed","ping_status":"closed","template":"","meta":{"footnotes":""},"class_list":["post-7908","page","type-page","status-publish","hentry"],"_links":{"self":[{"href":"https:\/\/edl-training.eu\/de\/wp-json\/wp\/v2\/pages\/7908","targetHints":{"allow":["GET"]}}],"collection":[{"href":"https:\/\/edl-training.eu\/de\/wp-json\/wp\/v2\/pages"}],"about":[{"href":"https:\/\/edl-training.eu\/de\/wp-json\/wp\/v2\/types\/page"}],"author":[{"embeddable":true,"href":"https:\/\/edl-training.eu\/de\/wp-json\/wp\/v2\/users\/1"}],"replies":[{"embeddable":true,"href":"https:\/\/edl-training.eu\/de\/wp-json\/wp\/v2\/comments?post=7908"}],"version-history":[{"count":24,"href":"https:\/\/edl-training.eu\/de\/wp-json\/wp\/v2\/pages\/7908\/revisions"}],"predecessor-version":[{"id":8523,"href":"https:\/\/edl-training.eu\/de\/wp-json\/wp\/v2\/pages\/7908\/revisions\/8523"}],"wp:attachment":[{"href":"https:\/\/edl-training.eu\/de\/wp-json\/wp\/v2\/media?parent=7908"}],"curies":[{"name":"wp","href":"https:\/\/api.w.org\/{rel}","templated":true}]}}