{"id":8453,"date":"2023-09-07T09:26:42","date_gmt":"2023-09-07T09:26:42","guid":{"rendered":"https:\/\/edl-training.eu\/privacy-policy\/"},"modified":"2024-04-22T11:06:12","modified_gmt":"2024-04-22T11:06:12","slug":"privacy-policy","status":"publish","type":"page","link":"https:\/\/edl-training.eu\/de\/privacy-policy\/","title":{"rendered":"Datenschutzrichtlinie"},"content":{"rendered":"\r\n<p><strong>Allgemein<\/strong><\/p>\r\n<p>Die von den Benutzern der genannten Website freiwillig bereitgestellten Informationen werden von edl-training.eu verwendet, um den Benutzern eine direkte und sinnvolle Kommunikation mit dem Shop zu erm\u00f6glichen, Antworten auf spezifische von ihnen gestellte Fragen zu erhalten und schlie\u00dflich bedient zu werden und f\u00fchrten ihre Befehle aus. Die Informationen, die edl-training.eu \u00fcber die Website sammelt, dienen dazu, die Verkehrszahlen zu messen, die Anforderungen der Kunden an weitere Produkte zu ermitteln und den Umgang mit dem Unternehmen zu erleichtern. edl-training.eu gibt die E-Mail-Adressen oder andere Informationen \u00fcber seine Benutzer und Kunden nicht an andere Organisationen oder Partner weiter, die nicht mit edl-training.eu verbunden sind.<\/p>\r\n<p><strong>Informationen sammeln<\/strong><\/p>\r\n<p>Edl-training.eu hat seine Website so gestaltet, dass seine Benutzer sie besuchen k\u00f6nnen, ohne ihre Identit\u00e4t preiszugeben, es sei denn, sie m\u00f6chten dies tun. Besucher unserer Website werden nur dann gebeten, uns ihre pers\u00f6nlichen Daten mitzuteilen, wenn sie Produkte bestellen, sich auf unserer Website registrieren und\/oder eine E-Mail an edl-training.eu senden m\u00f6chten.<\/p>\r\n<p><strong>Verwendung von Informationen<\/strong><\/p>\r\n<p>Edl-training.eu erhebt zwei Arten von Informationen \u00fcber Benutzer: (1) Informationen, die der Benutzer uns bei der Registrierung als Kunde mitteilt, (2) Informationen, die der Benutzer uns mitteilt, um seine Bestellung bei edl-training.eu auszuf\u00fchren. Wenn Sie ein Bestellformular auf unserer Website ausf\u00fcllen, werden Sie nach Ihrem vollst\u00e4ndigen Namen, Ihrer Adresse, der Postleitzahl Ihrer Region, Ihrer E-Mail-Adresse, Ihrer Telefonnummer, Ihren Kreditkartendaten und der Zahlungsmethode f\u00fcr die Bestellung gefragt. Dar\u00fcber hinaus werden Sie m\u00f6glicherweise nach weiteren spezifischen Informationen gefragt, wie z. B. Versand- und Lieferinformationen f\u00fcr eine Bestellung, Rechnungsinformationen oder Details zu einem von Ihnen angeforderten Angebot. edl-training.eu verwendet die Informationen, die Sie uns bei der Online-\u00dcbermittlung des Formulars mitteilen, um Sie bez\u00fcglich (i) der Lieferung der Bestellung an Ihren Standort zu kontaktieren, (ii) um den Kunden zu best\u00e4tigen und gegebenenfalls zu identifizieren, (iii) f\u00fcr neue oder alternative Produkte von edl-training.eu, (iv) Sonderangebote von edl-training.eu, (v) Erhalt von Preisen nach einer Gewinnspielverlosung.<\/p>\r\n<p><strong>Korrigieren, \u00c4ndern oder L\u00f6schen von Informationen<\/strong><\/p>\r\n<p>Edl-training.eu erm\u00f6glicht seinen Nutzern, an edl-training.eu \u00fcbermittelte Daten und Informationen zu korrigieren, zu \u00e4ndern, zu vervollst\u00e4ndigen oder zu l\u00f6schen. Wenn Sie sich f\u00fcr die L\u00f6schung von Informationen entscheiden, wird edl-training.eu diese Informationen unverz\u00fcglich aus seinen Aufzeichnungen l\u00f6schen. Zum Schutz und zur Sicherheit des Benutzers wird edl-training.eu versuchen sicherzustellen, dass es sich bei der Person, die die \u00c4nderungen vornimmt, tats\u00e4chlich um dieselbe Person wie der Benutzer handelt. Um auf Ihre pers\u00f6nlichen Daten zuzugreifen, sie zu \u00e4ndern oder zu l\u00f6schen, um Probleme beim Betrieb der Website zu melden oder Fragen zu stellen, wenden Sie sich bitte \u00fcber www.edl-training.eu an edl-training.eu. Eine \u00c4nderung oder Berichtigung Ihrer pers\u00f6nlichen Daten ist auch \u00fcber die Registrierungsseite von edl-training.eu m\u00f6glich. Bitte beachten Sie, dass wir unser Bestes tun, um Ihre pers\u00f6nlichen Daten zu sch\u00fctzen. Der Schutz Ihres Passworts auf unserer Website liegt jedoch auch bei Ihnen.<\/p>\r\n<p><strong>Periodische \u00c4nderungen<\/strong><\/p>\r\n<p>Edl-training.eu erweitert, aktualisiert und verbessert seine Website sowie die damit verbundenen Produkte und Dienstleistungen st\u00e4ndig und wird diese Richtlinie aktualisieren. Wir empfehlen Ihnen, diese Anleitung in regelm\u00e4\u00dfigen Abst\u00e4nden durchzulesen, um \u00fcber etwaige inhaltliche \u00c4nderungen dieser Datenschutzrichtlinie informiert zu sein. Diese Richtlinie kann von Zeit zu Zeit ohne vorherige Ank\u00fcndigung an die Benutzer ge\u00e4ndert werden. Akzeptanz der von edl-training.eu implementierten Datenschutzverfahren<\/p>\r\n<p>Wenn Sie diese Website nutzen, akzeptieren Sie diese Datenschutzerkl\u00e4rung sowie die dar\u00fcber bekannt gegebenen Nutzungsbedingungen der Website und stimmen ihnen zu.<\/p>\r\n<p><strong>Cookie-Richtlinie<\/strong><\/p>\r\n<p>Diese Website verwendet Cookies. Wir tun dies, um besser zu verstehen, wie Besucher unsere Website nutzen, und um Ihnen ein pers\u00f6nlicheres Erlebnis zu bieten. Wir k\u00f6nnen w\u00e4hrend Ihres Besuchs Statistiken direkt und \u00fcber unsere Partner sammeln.<\/p>\r\n<p><strong>Was sind Cookies?<\/strong><\/p>\r\n<p>Cookies sind kleine Textdateien, die auf der Festplatte jedes Besuchers\/Benutzers, auf seinem Smartphone oder auf einem anderen mit dem Internet verbundenen Ger\u00e4t gespeichert werden, um den Browser des Besuchers eindeutig zu identifizieren oder Informationen &amp; Einstellungen im Browser zu speichern, wie z die bevorzugte Sprache.<\/p>\r\n<p>Sie werden verwendet, um den Besuchern\/Benutzern den Zugang im Hinblick auf die Nutzung bestimmter Dienste unserer Website zu erleichtern, um personalisierte Webseiten bereitzustellen und um Werbung und andere Inhalte an Ihre besonderen Bed\u00fcrfnisse und Interessen anzupassen. Dies kann Ihren n\u00e4chsten Besuch erleichtern und die Website f\u00fcr Sie n\u00fctzlicher machen.<\/p>\r\n<p>Cookies k\u00f6nnen nicht als Code ausgef\u00fchrt oder zur \u00dcbertragung von Viren genutzt werden und erm\u00f6glichen uns keinen Zugriff auf Ihre Festplatte. Wir k\u00f6nnen keine Informationen von Ihrer Festplatte lesen, auch wenn wir dort Cookies speichern. Aus diesen Informationen k\u00f6nnen wir keine R\u00fcckschl\u00fcsse auf Ihre pers\u00f6nliche Identit\u00e4t ziehen.<\/p>\r\n<p>Sie k\u00f6nnen bereits auf Ihrem Computer gespeicherte Cookies deaktivieren. Beachten Sie jedoch, dass einige Funktionen nur durch die Verwendung von Cookies verf\u00fcgbar sind. Wenn Sie sich daf\u00fcr entscheiden, Cookies abzulehnen, sind diese Funktionen m\u00f6glicherweise nicht verf\u00fcgbar.<\/p>\r\n<p>Die Verwendung von Cookies auf unserer Website bezieht sich auf die folgenden Kategorien:<\/p>\r\n<p><strong>Die Verwendung von Cookies auf unserer Website bezieht sich auf die folgenden Kategorien<\/strong><\/p>\r\n<p>Diese Cookies sind f\u00fcr die Durchf\u00fchrung einer Transaktion oder einer von Ihnen \u00fcbermittelten Anfrage unerl\u00e4sslich. Beispiele hierf\u00fcr sind das Speichern (\u201eErinnern\u201c) von Informationen, die Sie beim Surfen auf der Website bereitgestellt haben, um ein Paket zu versenden oder zu verfolgen, und die Verwaltung Ihres Anmeldestatus w\u00e4hrend Ihres Besuchs.<\/p>\r\n<p><strong>Funktionale Cookies<\/strong><\/p>\r\n<p>Diese Cookies erm\u00f6glichen es der Website, sich an die von Ihnen getroffenen Entscheidungen zu erinnern, um die Funktionalit\u00e4t zu Ihrem Vorteil bereitzustellen. Funktionale Cookies erm\u00f6glichen es der Website beispielsweise, sich an f\u00fcr Sie spezifische Einstellungen zu erinnern, wie z. B. Ihre L\u00e4nderauswahl und den kontinuierlichen Verbindungsstatus, sofern Sie dies ausgew\u00e4hlt haben, und fr\u00fchere Sendungen, verfolgte Pakete und andere personalisierte Funktionen anzuzeigen.<\/p>\r\n<p><strong>Detaillierte Cookies<\/strong><\/p>\r\n<p>Diese Cookies erm\u00f6glichen es uns, Daten im Zusammenhang mit Ihrer Nutzung der Website zu sammeln, einschlie\u00dflich der Inhalte, auf die Sie beim Durchsuchen der Website klicken, um die Leistung und das Design der Website zu verbessern. Diese Cookies k\u00f6nnen von Drittanbietern von Analysetools bereitgestellt werden, werden jedoch nur f\u00fcr Zwecke im Zusammenhang mit unseren Websites verwendet.<\/p>\r\n<p><strong>Gezielte Cookies<\/strong><\/p>\r\n<p>Diese Cookies speichern Informationen \u00fcber Ihre Website-Nutzung, damit wir Ihnen auf unserer Website Werbe- und andere gezielte Informationen bereitstellen k\u00f6nnen.<\/p>\r\n<p><strong>Cookies zur Betrugspr\u00e4vention<\/strong><\/p>\r\n<p>Diese Cookies speichern Informationen, die uns helfen, die betr\u00fcgerische Nutzung der Website zu verhindern.<\/p>\r\n<p><strong>Tracking cookies<\/strong><\/p>\r\n<p>Mithilfe dieser Cookies k\u00f6nnen wir Informationen dar\u00fcber speichern, wie Benutzer auf die Website gelangt sind. Wir m\u00fcssen dies aufzeichnen, damit wir unsere Partner angemessen bezahlen k\u00f6nnen.<\/p>\r\n<p><strong>Cookies zur Messung der Website-Leistung<\/strong><\/p>\r\n<p>Diese Cookies werden verwendet, um anonyme statistische Daten zu sammeln, die es uns erm\u00f6glichen, zu verstehen, wie die \u00d6ffentlichkeit unsere Website nutzt, und uns dabei helfen, deren Struktur und Inhalt zu verbessern.<\/p>\r\n<p>Wenn auf der Website Links zu Websites Dritter bereitgestellt werden, ist es wichtig zu bedenken, dass diese Websites \u00fcber eigene Cookies und Datenschutzrichtlinien verf\u00fcgen, die f\u00fcr alle von Ihnen \u00fcbermittelten Informationen gelten. Wenn Sie sich entscheiden, eine verlinkte Website Dritter zu nutzen, lesen Sie bitte vorher deren Cookies und Datenschutzrichtlinien<\/p>\r\n<p><strong>\u00dcberarbeitung der Cookie-Einstellungen im Browser<\/strong><\/p>\r\n<p>Jeder Webbrowser bietet klare Anweisungen zur Verwendung von Cookies. Weitere Informationen zur Verwaltung von Cookies finden Sie unter dem entsprechenden Link unten.<\/p>\r\n<p>Internet Explorer<\/p>\r\n<p>Feuerfuchs<\/p>\r\n<p>Google Chrome<\/p>\r\n<p>Safari<\/p>\r\n<p>Wir empfehlen Ihnen, f\u00fcr die aktuellsten Informationen die offizielle Literatur des Herstellers zu konsultieren. Weitere Informationen zu Cookies finden Sie unter www.allaboutcookies.org. Wenn Sie diese Website weiterhin nutzen, erkl\u00e4ren Sie sich damit mit der Verwendung von Cookies einverstanden.<\/p>\r\n","protected":false},"excerpt":{"rendered":"<p>Allgemein Die von den Benutzern der genannten Website freiwillig bereitgestellten Informationen werden von edl-training.eu verwendet, um den Benutzern eine direkte und sinnvolle Kommunikation mit dem Shop zu erm\u00f6glichen, Antworten auf spezifische von ihnen gestellte Fragen zu erhalten und schlie\u00dflich bedient zu werden und f\u00fchrten ihre Befehle aus. Die Informationen, die edl-training.eu \u00fcber die Website sammelt, [&hellip;]<\/p>\n","protected":false},"author":1,"featured_media":0,"parent":0,"menu_order":0,"comment_status":"closed","ping_status":"open","template":"","meta":{"footnotes":""},"class_list":["post-8453","page","type-page","status-publish","hentry"],"_links":{"self":[{"href":"https:\/\/edl-training.eu\/de\/wp-json\/wp\/v2\/pages\/8453","targetHints":{"allow":["GET"]}}],"collection":[{"href":"https:\/\/edl-training.eu\/de\/wp-json\/wp\/v2\/pages"}],"about":[{"href":"https:\/\/edl-training.eu\/de\/wp-json\/wp\/v2\/types\/page"}],"author":[{"embeddable":true,"href":"https:\/\/edl-training.eu\/de\/wp-json\/wp\/v2\/users\/1"}],"replies":[{"embeddable":true,"href":"https:\/\/edl-training.eu\/de\/wp-json\/wp\/v2\/comments?post=8453"}],"version-history":[{"count":3,"href":"https:\/\/edl-training.eu\/de\/wp-json\/wp\/v2\/pages\/8453\/revisions"}],"predecessor-version":[{"id":8486,"href":"https:\/\/edl-training.eu\/de\/wp-json\/wp\/v2\/pages\/8453\/revisions\/8486"}],"wp:attachment":[{"href":"https:\/\/edl-training.eu\/de\/wp-json\/wp\/v2\/media?parent=8453"}],"curies":[{"name":"wp","href":"https:\/\/api.w.org\/{rel}","templated":true}]}}