{"id":7986,"date":"2023-11-29T09:21:43","date_gmt":"2023-11-29T09:21:43","guid":{"rendered":"https:\/\/edl-training.eu\/glossary\/"},"modified":"2023-11-30T11:47:10","modified_gmt":"2023-11-30T11:47:10","slug":"glossary","status":"publish","type":"page","link":"https:\/\/edl-training.eu\/es\/glossary\/","title":{"rendered":"Glossary"},"content":{"rendered":"\t\t<div data-elementor-type=\"wp-page\" data-elementor-id=\"7986\" class=\"elementor elementor-7986 elementor-7958\">\n\t\t\t\t\t\t\t<div class=\"elementor-element elementor-element-8818978 e-con-full e-flex e-con e-parent\" data-id=\"8818978\" data-element_type=\"container\" data-settings=\"{&quot;content_width&quot;:&quot;full&quot;,&quot;background_background&quot;:&quot;classic&quot;}\" data-core-v316-plus=\"true\">\n\t\t<div class=\"elementor-element elementor-element-717b321 msr-page-header e-flex e-con-boxed e-con e-child\" data-id=\"717b321\" data-element_type=\"container\" data-settings=\"{&quot;content_width&quot;:&quot;boxed&quot;}\">\n\t\t\t\t\t<div class=\"e-con-inner\">\n\t\t\t\t<div class=\"elementor-element elementor-element-5776e35 elementor-widget elementor-widget-heading\" data-id=\"5776e35\" data-element_type=\"widget\" data-widget_type=\"heading.default\">\n\t\t\t\t<div class=\"elementor-widget-container\">\n\t\t\t<style>\/*! elementor - v3.16.0 - 20-09-2023 *\/\n.elementor-heading-title{padding:0;margin:0;line-height:1}.elementor-widget-heading .elementor-heading-title[class*=elementor-size-]>a{color:inherit;font-size:inherit;line-height:inherit}.elementor-widget-heading .elementor-heading-title.elementor-size-small{font-size:15px}.elementor-widget-heading .elementor-heading-title.elementor-size-medium{font-size:19px}.elementor-widget-heading .elementor-heading-title.elementor-size-large{font-size:29px}.elementor-widget-heading .elementor-heading-title.elementor-size-xl{font-size:39px}.elementor-widget-heading .elementor-heading-title.elementor-size-xxl{font-size:59px}<\/style><h2 class=\"elementor-heading-title elementor-size-default\">Glosario<\/h2>\t\t<\/div>\n\t\t\t\t<\/div>\n\t\t\t\t\t<\/div>\n\t\t\t\t<\/div>\n\t\t\t\t<\/div>\n\t\t<div class=\"elementor-element elementor-element-6aca497 e-con-full e-flex e-con e-parent\" data-id=\"6aca497\" data-element_type=\"container\" data-settings=\"{&quot;content_width&quot;:&quot;full&quot;,&quot;background_background&quot;:&quot;classic&quot;}\" data-core-v316-plus=\"true\">\n\t\t<div class=\"elementor-element elementor-element-c0f1bc5 e-flex e-con-boxed e-con e-child\" data-id=\"c0f1bc5\" data-element_type=\"container\" data-settings=\"{&quot;content_width&quot;:&quot;boxed&quot;}\">\n\t\t\t\t\t<div class=\"e-con-inner\">\n\t\t<div class=\"elementor-element elementor-element-c1f5d6d msr-edl-faq-wrapper e-flex e-con-boxed e-con e-child\" data-id=\"c1f5d6d\" data-element_type=\"container\" data-settings=\"{&quot;background_background&quot;:&quot;classic&quot;,&quot;content_width&quot;:&quot;boxed&quot;}\">\n\t\t\t\t\t<div class=\"e-con-inner\">\n\t\t\t\t<div class=\"elementor-element elementor-element-a43f0d4 elementor-widget elementor-widget-heading\" data-id=\"a43f0d4\" data-element_type=\"widget\" data-widget_type=\"heading.default\">\n\t\t\t\t<div class=\"elementor-widget-container\">\n\t\t\t<h2 class=\"elementor-heading-title elementor-size-default\">Platforma de EDL\n\n<\/h2>\t\t<\/div>\n\t\t\t\t<\/div>\n\t\t\t\t<div class=\"elementor-element elementor-element-f9268d3 elementor-widget elementor-widget-text-editor\" data-id=\"f9268d3\" data-element_type=\"widget\" data-widget_type=\"text-editor.default\">\n\t\t\t\t<div class=\"elementor-widget-container\">\n\t\t\t<style>\/*! elementor - v3.16.0 - 20-09-2023 *\/\n.elementor-widget-text-editor.elementor-drop-cap-view-stacked .elementor-drop-cap{background-color:#69727d;color:#fff}.elementor-widget-text-editor.elementor-drop-cap-view-framed .elementor-drop-cap{color:#69727d;border:3px solid;background-color:transparent}.elementor-widget-text-editor:not(.elementor-drop-cap-view-default) .elementor-drop-cap{margin-top:8px}.elementor-widget-text-editor:not(.elementor-drop-cap-view-default) .elementor-drop-cap-letter{width:1em;height:1em}.elementor-widget-text-editor .elementor-drop-cap{float:left;text-align:center;line-height:1;font-size:50px}.elementor-widget-text-editor .elementor-drop-cap-letter{display:inline-block}<\/style>\t\t\t\t<p><span style=\"font-weight: 400;\">La Plataforma de EDL es una plataforma educativa en l\u00ednea creada para el proyecto \u201cEmotional Distance Learning\u201d (Aprendizaje Emocional a Distancia en espa\u00f1ol). Ofrece una variedad de cursos, m\u00f3dulos y herramientas interactivas dise\u00f1ados para mejorar la inteligencia emocional y facilitar el desarrollo personal en el contexto de la educaci\u00f3n a distancia.<\/span><\/p>\t\t\t\t\t\t<\/div>\n\t\t\t\t<\/div>\n\t\t\t\t\t<\/div>\n\t\t\t\t<\/div>\n\t\t<div class=\"elementor-element elementor-element-c34493e msr-edl-faq-wrapper e-flex e-con-boxed e-con e-child\" data-id=\"c34493e\" data-element_type=\"container\" data-settings=\"{&quot;background_background&quot;:&quot;classic&quot;,&quot;content_width&quot;:&quot;boxed&quot;}\">\n\t\t\t\t\t<div class=\"e-con-inner\">\n\t\t\t\t<div class=\"elementor-element elementor-element-f02bb51 elementor-widget elementor-widget-heading\" data-id=\"f02bb51\" data-element_type=\"widget\" data-widget_type=\"heading.default\">\n\t\t\t\t<div class=\"elementor-widget-container\">\n\t\t\t<h2 class=\"elementor-heading-title elementor-size-default\">M\u00f3dulo<\/h2>\t\t<\/div>\n\t\t\t\t<\/div>\n\t\t\t\t<div class=\"elementor-element elementor-element-d321c7c elementor-widget elementor-widget-text-editor\" data-id=\"d321c7c\" data-element_type=\"widget\" data-widget_type=\"text-editor.default\">\n\t\t\t\t<div class=\"elementor-widget-container\">\n\t\t\t\t\t\t\t<p><span style=\"font-weight: 400;\">Un m\u00f3dulo educativo es una secci\u00f3n aut\u00f3noma de contenido did\u00e1ctico que se encuentra en un programa o curso educativo. Su prop\u00f3sito es abordar un tema concreto o un grupo de temas interconectados, y suele estar organizado para apoyar un aprendizaje centrado y coherente. Los m\u00f3dulos educativos abarcan diversos materiales, como conferencias, lecturas, recursos multimedia, evaluaciones y actividades interactivas. Estos m\u00f3dulos suelen organizarse para guiar a los alumnos en la adquisici\u00f3n de conocimientos y habilidades de forma estructurada y secuencial.<\/span><\/p>\t\t\t\t\t\t<\/div>\n\t\t\t\t<\/div>\n\t\t\t\t\t<\/div>\n\t\t\t\t<\/div>\n\t\t<div class=\"elementor-element elementor-element-addba54 msr-edl-faq-wrapper e-flex e-con-boxed e-con e-child\" data-id=\"addba54\" data-element_type=\"container\" data-settings=\"{&quot;background_background&quot;:&quot;classic&quot;,&quot;content_width&quot;:&quot;boxed&quot;}\">\n\t\t\t\t\t<div class=\"e-con-inner\">\n\t\t\t\t<div class=\"elementor-element elementor-element-ea00789 elementor-widget elementor-widget-heading\" data-id=\"ea00789\" data-element_type=\"widget\" data-widget_type=\"heading.default\">\n\t\t\t\t<div class=\"elementor-widget-container\">\n\t\t\t<h2 class=\"elementor-heading-title elementor-size-default\">Herramientas Digitales\n<\/h2>\t\t<\/div>\n\t\t\t\t<\/div>\n\t\t\t\t<div class=\"elementor-element elementor-element-e1659f4 elementor-widget elementor-widget-text-editor\" data-id=\"e1659f4\" data-element_type=\"widget\" data-widget_type=\"text-editor.default\">\n\t\t\t\t<div class=\"elementor-widget-container\">\n\t\t\t\t\t\t\t<p><span style=\"font-weight: 400;\">Atractivos recursos y aplicaciones incorporados a la plataforma de EDL para enriquecer el viaje de aprendizaje, que abarcan diversos elementos como v\u00eddeos, infograf\u00edas, tarjetas de emparejamiento y tarjetas de tutor\u00eda, entre otros.<\/span><\/p>\t\t\t\t\t\t<\/div>\n\t\t\t\t<\/div>\n\t\t\t\t\t<\/div>\n\t\t\t\t<\/div>\n\t\t<div class=\"elementor-element elementor-element-faa4077 msr-edl-faq-wrapper e-flex e-con-boxed e-con e-child\" data-id=\"faa4077\" data-element_type=\"container\" data-settings=\"{&quot;background_background&quot;:&quot;classic&quot;,&quot;content_width&quot;:&quot;boxed&quot;}\">\n\t\t\t\t\t<div class=\"e-con-inner\">\n\t\t\t\t<div class=\"elementor-element elementor-element-d3e7dd1 elementor-widget elementor-widget-heading\" data-id=\"d3e7dd1\" data-element_type=\"widget\" data-widget_type=\"heading.default\">\n\t\t\t\t<div class=\"elementor-widget-container\">\n\t\t\t<h2 class=\"elementor-heading-title elementor-size-default\">Habilidades emocionales interpersonales \n<\/h2>\t\t<\/div>\n\t\t\t\t<\/div>\n\t\t\t\t<div class=\"elementor-element elementor-element-54a146f elementor-widget elementor-widget-text-editor\" data-id=\"54a146f\" data-element_type=\"widget\" data-widget_type=\"text-editor.default\">\n\t\t\t\t<div class=\"elementor-widget-container\">\n\t\t\t\t\t\t\t<p><span style=\"font-weight: 400;\">Una secci\u00f3n especializada que profundiza en el cultivo de las habilidades interpersonales emocionales. Este segmento hace especial hincapi\u00e9 en fomentar la destreza en la comunicaci\u00f3n, la colaboraci\u00f3n y la creaci\u00f3n de relaciones en el contexto \u00fanico de la educaci\u00f3n a distancia.<\/span><\/p>\t\t\t\t\t\t<\/div>\n\t\t\t\t<\/div>\n\t\t\t\t\t<\/div>\n\t\t\t\t<\/div>\n\t\t<div class=\"elementor-element elementor-element-fd971b4 msr-edl-faq-wrapper e-flex e-con-boxed e-con e-child\" data-id=\"fd971b4\" data-element_type=\"container\" data-settings=\"{&quot;background_background&quot;:&quot;classic&quot;,&quot;content_width&quot;:&quot;boxed&quot;}\">\n\t\t\t\t\t<div class=\"e-con-inner\">\n\t\t\t\t<div class=\"elementor-element elementor-element-32b8738 elementor-widget elementor-widget-heading\" data-id=\"32b8738\" data-element_type=\"widget\" data-widget_type=\"heading.default\">\n\t\t\t\t<div class=\"elementor-widget-container\">\n\t\t\t<h2 class=\"elementor-heading-title elementor-size-default\">Habilidades emocional intrapersonales\n\n<\/h2>\t\t<\/div>\n\t\t\t\t<\/div>\n\t\t\t\t<div class=\"elementor-element elementor-element-532b753 elementor-widget elementor-widget-text-editor\" data-id=\"532b753\" data-element_type=\"widget\" data-widget_type=\"text-editor.default\">\n\t\t\t\t<div class=\"elementor-widget-container\">\n\t\t\t\t\t\t\t<p><span style=\"font-weight: 400;\">Secci\u00f3n que se centra en potenciar la autoconciencia individual, la autorregulaci\u00f3n y el crecimiento personal. Su objetivo es fomentar una comprensi\u00f3n profunda de las propias emociones y comportamientos.<\/span><\/p>\t\t\t\t\t\t<\/div>\n\t\t\t\t<\/div>\n\t\t\t\t\t<\/div>\n\t\t\t\t<\/div>\n\t\t<div class=\"elementor-element elementor-element-f3e712c msr-edl-faq-wrapper e-flex e-con-boxed e-con e-child\" data-id=\"f3e712c\" data-element_type=\"container\" data-settings=\"{&quot;background_background&quot;:&quot;classic&quot;,&quot;content_width&quot;:&quot;boxed&quot;}\">\n\t\t\t\t\t<div class=\"e-con-inner\">\n\t\t\t\t<div class=\"elementor-element elementor-element-2960be3 elementor-widget elementor-widget-heading\" data-id=\"2960be3\" data-element_type=\"widget\" data-widget_type=\"heading.default\">\n\t\t\t\t<div class=\"elementor-widget-container\">\n\t\t\t<h2 class=\"elementor-heading-title elementor-size-default\">Cuenta de usuario\n<\/h2>\t\t<\/div>\n\t\t\t\t<\/div>\n\t\t\t\t<div class=\"elementor-element elementor-element-f281a25 elementor-widget elementor-widget-text-editor\" data-id=\"f281a25\" data-element_type=\"widget\" data-widget_type=\"text-editor.default\">\n\t\t\t\t<div class=\"elementor-widget-container\">\n\t\t\t\t\t\t\t<p><span style=\"font-weight: 400;\">Perfiles personalizados establecidos por las personas dentro de la plataforma de EDL, que proporcionan acceso a cursos, m\u00f3dulos y herramientas dise\u00f1ados para adaptarse a sus necesidades espec\u00edficas de aprendizaje.<\/span><\/p>\t\t\t\t\t\t<\/div>\n\t\t\t\t<\/div>\n\t\t\t\t\t<\/div>\n\t\t\t\t<\/div>\n\t\t<div class=\"elementor-element elementor-element-2bdbf83 msr-edl-faq-wrapper e-flex e-con-boxed e-con e-child\" data-id=\"2bdbf83\" data-element_type=\"container\" data-settings=\"{&quot;background_background&quot;:&quot;classic&quot;,&quot;content_width&quot;:&quot;boxed&quot;}\">\n\t\t\t\t\t<div class=\"e-con-inner\">\n\t\t\t\t<div class=\"elementor-element elementor-element-1ab51be elementor-widget elementor-widget-heading\" data-id=\"1ab51be\" data-element_type=\"widget\" data-widget_type=\"heading.default\">\n\t\t\t\t<div class=\"elementor-widget-container\">\n\t\t\t<h2 class=\"elementor-heading-title elementor-size-default\">Inscripci\u00f3n\n\n<\/h2>\t\t<\/div>\n\t\t\t\t<\/div>\n\t\t\t\t<div class=\"elementor-element elementor-element-99d3555 elementor-widget elementor-widget-text-editor\" data-id=\"99d3555\" data-element_type=\"widget\" data-widget_type=\"text-editor.default\">\n\t\t\t\t<div class=\"elementor-widget-container\">\n\t\t\t\t\t\t\t<p><span style=\"font-weight: 400;\">Proceso de inscripci\u00f3n y acceso a los cursos, m\u00f3dulos o herramientas de la plataforma de EDL.<\/span><\/p>\t\t\t\t\t\t<\/div>\n\t\t\t\t<\/div>\n\t\t\t\t\t<\/div>\n\t\t\t\t<\/div>\n\t\t<div class=\"elementor-element elementor-element-35f2cc5 msr-edl-faq-wrapper e-flex e-con-boxed e-con e-child\" data-id=\"35f2cc5\" data-element_type=\"container\" data-settings=\"{&quot;background_background&quot;:&quot;classic&quot;,&quot;content_width&quot;:&quot;boxed&quot;}\">\n\t\t\t\t\t<div class=\"e-con-inner\">\n\t\t\t\t<div class=\"elementor-element elementor-element-1255454 elementor-widget elementor-widget-heading\" data-id=\"1255454\" data-element_type=\"widget\" data-widget_type=\"heading.default\">\n\t\t\t\t<div class=\"elementor-widget-container\">\n\t\t\t<h2 class=\"elementor-heading-title elementor-size-default\">Seguimiento del progreso\n<\/h2>\t\t<\/div>\n\t\t\t\t<\/div>\n\t\t\t\t<div class=\"elementor-element elementor-element-0fa8445 elementor-widget elementor-widget-text-editor\" data-id=\"0fa8445\" data-element_type=\"widget\" data-widget_type=\"text-editor.default\">\n\t\t\t\t<div class=\"elementor-widget-container\">\n\t\t\t\t\t\t\t<p><span style=\"font-weight: 400;\">La capacidad de los usuarios para observar y evaluar su progreso dentro de la plataforma de EDL, que ofrece informaci\u00f3n sobre los m\u00f3dulos terminados y los logros generales.<\/span><\/p>\t\t\t\t\t\t<\/div>\n\t\t\t\t<\/div>\n\t\t\t\t\t<\/div>\n\t\t\t\t<\/div>\n\t\t<div class=\"elementor-element elementor-element-e1b61f7 msr-edl-faq-wrapper e-flex e-con-boxed e-con e-child\" data-id=\"e1b61f7\" data-element_type=\"container\" data-settings=\"{&quot;background_background&quot;:&quot;classic&quot;,&quot;content_width&quot;:&quot;boxed&quot;}\">\n\t\t\t\t\t<div class=\"e-con-inner\">\n\t\t\t\t<div class=\"elementor-element elementor-element-ee2f94b elementor-widget elementor-widget-heading\" data-id=\"ee2f94b\" data-element_type=\"widget\" data-widget_type=\"heading.default\">\n\t\t\t\t<div class=\"elementor-widget-container\">\n\t\t\t<h2 class=\"elementor-heading-title elementor-size-default\">Herramientas de evaluaci\u00f3n\n\n<\/h2>\t\t<\/div>\n\t\t\t\t<\/div>\n\t\t\t\t<div class=\"elementor-element elementor-element-34b5947 elementor-widget elementor-widget-text-editor\" data-id=\"34b5947\" data-element_type=\"widget\" data-widget_type=\"text-editor.default\">\n\t\t\t\t<div class=\"elementor-widget-container\">\n\t\t\t\t\t\t\t<p><span style=\"font-weight: 400;\">Los elementos de la plataforma de EDL, como cuestionarios y sesiones de autoevaluaci\u00f3n, est\u00e1n pensados para evaluar la comprensi\u00f3n y aplicaci\u00f3n por parte de los alumnos de conceptos relacionados con la inteligencia emocional.<\/span><\/p>\t\t\t\t\t\t<\/div>\n\t\t\t\t<\/div>\n\t\t\t\t\t<\/div>\n\t\t\t\t<\/div>\n\t\t\t\t\t<\/div>\n\t\t\t\t<\/div>\n\t\t\t\t<\/div>\n\t\t\t\t\t\t\t<\/div>\n\t\t","protected":false},"excerpt":{"rendered":"<p>Glosario Platforma de EDL La Plataforma de EDL es una plataforma educativa en l\u00ednea creada para el proyecto \u201cEmotional Distance Learning\u201d (Aprendizaje Emocional a Distancia en espa\u00f1ol). Ofrece una variedad de cursos, m\u00f3dulos y herramientas interactivas dise\u00f1ados para mejorar la inteligencia emocional y facilitar el desarrollo personal en el contexto de la educaci\u00f3n a distancia. [&hellip;]<\/p>\n","protected":false},"author":1,"featured_media":0,"parent":0,"menu_order":0,"comment_status":"closed","ping_status":"closed","template":"","meta":{"footnotes":""},"class_list":["post-7986","page","type-page","status-publish","hentry"],"_links":{"self":[{"href":"https:\/\/edl-training.eu\/es\/wp-json\/wp\/v2\/pages\/7986","targetHints":{"allow":["GET"]}}],"collection":[{"href":"https:\/\/edl-training.eu\/es\/wp-json\/wp\/v2\/pages"}],"about":[{"href":"https:\/\/edl-training.eu\/es\/wp-json\/wp\/v2\/types\/page"}],"author":[{"embeddable":true,"href":"https:\/\/edl-training.eu\/es\/wp-json\/wp\/v2\/users\/1"}],"replies":[{"embeddable":true,"href":"https:\/\/edl-training.eu\/es\/wp-json\/wp\/v2\/comments?post=7986"}],"version-history":[{"count":9,"href":"https:\/\/edl-training.eu\/es\/wp-json\/wp\/v2\/pages\/7986\/revisions"}],"predecessor-version":[{"id":8356,"href":"https:\/\/edl-training.eu\/es\/wp-json\/wp\/v2\/pages\/7986\/revisions\/8356"}],"wp:attachment":[{"href":"https:\/\/edl-training.eu\/es\/wp-json\/wp\/v2\/media?parent=7986"}],"curies":[{"name":"wp","href":"https:\/\/api.w.org\/{rel}","templated":true}]}}