{"id":8457,"date":"2023-09-07T09:26:42","date_gmt":"2023-09-07T09:26:42","guid":{"rendered":"https:\/\/edl-training.eu\/privacy-policy\/"},"modified":"2024-04-22T11:15:56","modified_gmt":"2024-04-22T11:15:56","slug":"privacy-policy","status":"publish","type":"page","link":"https:\/\/edl-training.eu\/es\/privacy-policy\/","title":{"rendered":"Pol\u00edtica de privacidad"},"content":{"rendered":"\r\n<p><strong>Generalmente<\/strong><\/p>\r\n<p>La informaci\u00f3n proporcionada voluntariamente por los usuarios del sitio web mencionado es utilizada por edl-training.eu, con el fin de que sus usuarios tengan una comunicaci\u00f3n directa y significativa con la tienda, para recibir respuestas a las preguntas espec\u00edficas que hacen y finalmente para ser atendidos. y ejecutaron sus \u00f3rdenes. La informaci\u00f3n que edl-training.eu recopila a trav\u00e9s del sitio web tiene como objetivo medir sus cifras de tr\u00e1fico, determinar las necesidades de los clientes de m\u00e1s productos y facilitar las relaciones con la empresa. edl-training.eu no distribuye a ninguna otra organizaci\u00f3n o socio que no est\u00e9 relacionado con edl-training.eu las direcciones de correo electr\u00f3nico ni cualquier otra informaci\u00f3n relativa a sus usuarios y clientes.<\/p>\r\n<p><strong>Reuniendo informaci\u00f3n<\/strong><\/p>\r\n<p>Edl-training.eu ha dise\u00f1ado su sitio web para que sus usuarios puedan visitarlo sin tener que revelar su identidad a menos que as\u00ed lo decidan. A los visitantes de nuestro sitio web se les solicita que nos proporcionen sus datos personales solo si desean solicitar productos, registrarse en nuestro sitio web y\/o enviar un correo electr\u00f3nico a edl-training.eu.<\/p>\r\n<p><strong>Uso de la informaci\u00f3n<\/strong><\/p>\r\n<p>Edl-training.eu recopila dos tipos de informaci\u00f3n sobre los usuarios: (1) informaci\u00f3n que el usuario nos proporciona al registrarse como cliente, (2) informaci\u00f3n que el usuario nos proporciona para cumplir con su pedido desde edl-training.eu. Al completar cualquier formulario de pedido en nuestro sitio web, se le pedir\u00e1 su nombre completo, direcci\u00f3n, c\u00f3digo postal de su \u00e1rea, direcci\u00f3n de correo electr\u00f3nico, n\u00famero de tel\u00e9fono, datos de la tarjeta de cr\u00e9dito, m\u00e9todo de pago del pedido. Adem\u00e1s, es posible que se le solicite informaci\u00f3n m\u00e1s espec\u00edfica, como informaci\u00f3n de env\u00edo y entrega de un pedido, informaci\u00f3n de facturaci\u00f3n o detalles sobre una oferta que haya solicitado. edl-training.eu utiliza la informaci\u00f3n que usted nos proporciona durante el env\u00edo en l\u00ednea del formulario para contactarlo con respecto a (i) la entrega del pedido en su ubicaci\u00f3n, (ii) para confirmar e identificar al cliente en cualquier caso necesario, (iii) para productos nuevos o alternativos ofrecidos por edl-training.eu, (iv) ofertas especiales de edl-training.eu, (v) recepci\u00f3n de premios despu\u00e9s de un sorteo de concurso.<\/p>\r\n<p><strong>Corregir, modificar o eliminar informaci\u00f3n<\/strong><\/p>\r\n<p>Edl-training.eu permite a sus usuarios corregir, cambiar, completar o eliminar datos e informaci\u00f3n enviados a edl-training.eu. Si decide eliminar informaci\u00f3n, edl-training.eu actuar\u00e1 para eliminar esa informaci\u00f3n de sus registros inmediatamente. Para la protecci\u00f3n y seguridad del usuario, edl-training.eu intentar\u00e1 asegurarse de que la persona que realiza los cambios sea efectivamente la misma persona que el usuario. Para acceder, modificar o eliminar sus datos personales, informar problemas relacionados con el funcionamiento del sitio web o realizar cualquier pregunta, p\u00f3ngase en contacto con edl-training.eu a trav\u00e9s de www.edl-training.eu. Tambi\u00e9n puede cambiar o corregir sus datos personales a trav\u00e9s de la p\u00e1gina de registro de edl-training.eu. Tenga en cuenta que haremos todo lo posible para proteger sus datos personales, pero proteger su contrase\u00f1a en nuestro sitio web tambi\u00e9n depende de usted.<\/p>\r\n<p><strong>Cambios peri\u00f3dicos<\/strong><\/p>\r\n<p>Edl-training.eu ampl\u00eda, actualiza y mejora constantemente su sitio web y sus productos y servicios relacionados, y actualizar\u00e1 esta pol\u00edtica. Le recomendamos que lea este procedimiento peri\u00f3dicamente, con el fin de estar informado de cualquier cambio en el contenido de esta pol\u00edtica de protecci\u00f3n de datos personales. Esta pol\u00edtica se modificar\u00e1 peri\u00f3dicamente sin previo aviso a los usuarios. Aceptaci\u00f3n de los Procedimientos de Protecci\u00f3n de Privacidad implementados por edl-training.eu<\/p>\r\n<p>Si utiliza este sitio web, acepta y est\u00e1 de acuerdo con esta Declaraci\u00f3n de Privacidad, as\u00ed como con los t\u00e9rminos y condiciones de uso del sitio web que se han anunciado a trav\u00e9s del mismo.<\/p>\r\n<p><strong>Pol\u00edtica de cookies<\/strong><\/p>\r\n<p>Este sitio web utiliza cookies. Hacemos esto para comprender mejor c\u00f3mo los visitantes utilizan nuestro sitio web y brindarle una experiencia m\u00e1s personalizada. Podemos recopilar estad\u00edsticas directamente y a trav\u00e9s de nuestros socios durante su visita.<\/p>\r\n<p><strong>\u00bfQu\u00e9 son las galletas?<\/strong><\/p>\r\n<p>Las cookies son peque\u00f1os archivos de texto que se almacenan en el disco duro de cada visitante\/usuario, en su tel\u00e9fono inteligente o en otro dispositivo conectado a Internet para la identificaci\u00f3n \u00fanica del navegador del visitante o el almacenamiento de informaci\u00f3n y configuraciones en el navegador, como el idioma preferido.<\/p>\r\n<p>Se utilizan para facilitar el acceso de visitantes\/usuarios en t\u00e9rminos de uso de servicios espec\u00edficos de nuestro sitio, para proporcionar p\u00e1ginas web personalizadas y para adaptar la publicidad y otros contenidos para reflejar sus necesidades e intereses particulares. Esto puede hacer que su pr\u00f3xima visita sea m\u00e1s f\u00e1cil y que el sitio le resulte m\u00e1s \u00fatil.<\/p>\r\n<p>Las cookies no pueden ejecutarse como c\u00f3digos ni utilizarse para transmitir virus y no pueden darnos acceso a su disco duro. No podemos leer ninguna informaci\u00f3n de su disco duro incluso si almacenamos cookies all\u00ed. No podemos determinar su identidad personal a partir de esta informaci\u00f3n.<\/p>\r\n<p>Puede desactivar las cookies que ya est\u00e1n almacenadas en su computadora, pero es importante saber que algunas funciones solo est\u00e1n disponibles mediante el uso de cookies y, si elige rechazar las cookies, es posible que estas funciones no est\u00e9n disponibles.<\/p>\r\n<p>El uso de cookies en nuestro sitio web se refiere a las siguientes categor\u00edas:<\/p>\r\n<p><strong>Cookies estrictamente y \u00fanicamente necesarias<\/strong><\/p>\r\n<p>Estas cookies son esenciales para llevar a cabo una transacci\u00f3n o una solicitud enviada por usted. Los ejemplos incluyen almacenar (\u201crecordar\u201d) informaci\u00f3n proporcionada por usted mientras navega por el Sitio para enviar o rastrear un paquete y administrar su estado de inicio de sesi\u00f3n durante su visita.<\/p>\r\n<p><strong>Cookies funcionales<\/strong><\/p>\r\n<p>Estas cookies permiten que el sitio web recuerde las elecciones que usted ha realizado para proporcionar funcionalidad para su beneficio. Por ejemplo, las cookies funcionales permiten que el sitio web recuerde configuraciones espec\u00edficas para usted, como su selecci\u00f3n de pa\u00eds y el estado de conexi\u00f3n continua si usted lo selecciona, y mostrar env\u00edos anteriores, paquetes rastreados y otras caracter\u00edsticas personalizadas.<\/p>\r\n<p><strong>Cookies detalladas<\/strong><\/p>\r\n<p>Estas cookies nos permiten recopilar datos relacionados con su uso del sitio web, incluido el contenido en el que hace clic mientras navega por el sitio web, para mejorar el rendimiento y el dise\u00f1o del sitio web. Estas cookies pueden ser proporcionadas por un proveedor externo de herramientas anal\u00edticas, pero solo se utilizan para fines relacionados con nuestros sitios web.<\/p>\r\n<p><strong>Cookies dirigidas<\/strong><\/p>\r\n<p>Estas cookies recuerdan informaci\u00f3n sobre el uso de su sitio web para que podamos brindarle informaci\u00f3n promocional y otra informaci\u00f3n espec\u00edfica en nuestro sitio web.<\/p>\r\n<p><strong>Cookies de prevenci\u00f3n de fraude<\/strong><\/p>\r\n<p>Estas cookies almacenan informaci\u00f3n que nos ayuda a detener el uso fraudulento del sitio web.<\/p>\r\n<p><strong>Cookies de rastreo<\/strong><\/p>\r\n<p>Estas cookies nos permiten almacenar informaci\u00f3n sobre c\u00f3mo los usuarios llegaron al sitio web. Necesitamos registrar esto para poder pagar a nuestros Afiliados adecuadamente.<\/p>\r\n<p><strong>Cookies para medir el rendimiento del sitio<\/strong><\/p>\r\n<p>Estas cookies se utilizan para recopilar datos estad\u00edsticos an\u00f3nimos que nos permiten comprender c\u00f3mo el p\u00fablico utiliza nuestro sitio web y nos ayudan a mejorar su estructura y contenido.<\/p>\r\n<p>Cuando se proporcionan enlaces a sitios web de terceros en el sitio web, es importante recordar que estos sitios web tendr\u00e1n sus propias cookies y pol\u00edticas de privacidad que regir\u00e1n cualquier informaci\u00f3n que pueda enviar. Si decide utilizar cualquier sitio web de terceros vinculado, lea sus pol\u00edticas de privacidad y cookies antes de hacerlo.<\/p>\r\n<p><strong>Revisi\u00f3n de la configuraci\u00f3n de cookies en el Navegador<\/strong><\/p>\r\n<p>Cada navegador web proporciona instrucciones claras sobre la pol\u00edtica de uso de cookies. Para obtener m\u00e1s informaci\u00f3n sobre la gesti\u00f3n de cookies, visite el enlace correspondiente a continuaci\u00f3n.<\/p>\r\n<p>Explorador de Internet<\/p>\r\n<p>Firefox<\/p>\r\n<p>Google Chrome<\/p>\r\n<p>Safari<\/p>\r\n<p>Le recomendamos que consulte la literatura oficial del fabricante para obtener la informaci\u00f3n m\u00e1s actualizada. Puede encontrar m\u00e1s informaci\u00f3n sobre las cookies en www.allaboutcookies.org. Si contin\u00faa utilizando este sitio web, esto constituir\u00e1 su consentimiento para el uso de cookies.<\/p>\r\n","protected":false},"excerpt":{"rendered":"<p>Generalmente La informaci\u00f3n proporcionada voluntariamente por los usuarios del sitio web mencionado es utilizada por edl-training.eu, con el fin de que sus usuarios tengan una comunicaci\u00f3n directa y significativa con la tienda, para recibir respuestas a las preguntas espec\u00edficas que hacen y finalmente para ser atendidos. y ejecutaron sus \u00f3rdenes. La informaci\u00f3n que edl-training.eu recopila [&hellip;]<\/p>\n","protected":false},"author":1,"featured_media":0,"parent":0,"menu_order":0,"comment_status":"closed","ping_status":"open","template":"","meta":{"footnotes":""},"class_list":["post-8457","page","type-page","status-publish","hentry"],"_links":{"self":[{"href":"https:\/\/edl-training.eu\/es\/wp-json\/wp\/v2\/pages\/8457","targetHints":{"allow":["GET"]}}],"collection":[{"href":"https:\/\/edl-training.eu\/es\/wp-json\/wp\/v2\/pages"}],"about":[{"href":"https:\/\/edl-training.eu\/es\/wp-json\/wp\/v2\/types\/page"}],"author":[{"embeddable":true,"href":"https:\/\/edl-training.eu\/es\/wp-json\/wp\/v2\/users\/1"}],"replies":[{"embeddable":true,"href":"https:\/\/edl-training.eu\/es\/wp-json\/wp\/v2\/comments?post=8457"}],"version-history":[{"count":2,"href":"https:\/\/edl-training.eu\/es\/wp-json\/wp\/v2\/pages\/8457\/revisions"}],"predecessor-version":[{"id":8496,"href":"https:\/\/edl-training.eu\/es\/wp-json\/wp\/v2\/pages\/8457\/revisions\/8496"}],"wp:attachment":[{"href":"https:\/\/edl-training.eu\/es\/wp-json\/wp\/v2\/media?parent=8457"}],"curies":[{"name":"wp","href":"https:\/\/api.w.org\/{rel}","templated":true}]}}