{"id":2319,"date":"2023-09-07T10:02:45","date_gmt":"2023-09-07T10:02:45","guid":{"rendered":"https:\/\/edl-training.eu\/claru\/"},"modified":"2023-11-09T13:02:54","modified_gmt":"2023-11-09T13:02:54","slug":"claru","status":"publish","type":"page","link":"https:\/\/edl-training.eu\/ga\/claru\/","title":{"rendered":"Cl\u00e1r\u00fa"},"content":{"rendered":"<div class=\"learndash-wrap\">\n\t<div class=\"learndash-wrapper\">\n\n\t<div id=\"learndash-registration-wrapper\" >\n\n\t\n\t<p class=\"registration-login\">An bhfuil cuntas agat cheana f\u00e9in? <a class=\"registration-login-link\" href=\"\">Log\u00e1il isteach<\/a><\/p><div class=\"registration-login-form\" style=\"display: none;\"><form name=\"loginform\" id=\"loginform\" action=\"https:\/\/edl-training.eu\/ga\/wp-login.php\" method=\"post\"><input id=\"learndash-login-form\" type=\"hidden\" name=\"learndash-login-form\" value=\"6fab468542\" \/><p class=\"login-username\">\n\t\t\t\t<label for=\"user_login\">Username or Email Address<\/label>\n\t\t\t\t<input type=\"text\" name=\"log\" id=\"user_login\" autocomplete=\"username\" class=\"input\" value=\"\" size=\"20\" \/>\n\t\t\t<\/p><p class=\"login-password\">\n\t\t\t\t<label for=\"user_pass\">Password<\/label>\n\t\t\t\t<input type=\"password\" name=\"pwd\" id=\"user_pass\" autocomplete=\"current-password\" spellcheck=\"false\" class=\"input\" value=\"\" size=\"20\" \/>\n\t\t\t<\/p><p class=\"login-remember\"><label><input name=\"rememberme\" type=\"checkbox\" id=\"rememberme\" value=\"forever\" \/> Remember Me<\/label><\/p><p class=\"login-submit\">\n\t\t\t\t<input type=\"submit\" name=\"wp-submit\" id=\"wp-submit\" class=\"button button-primary\" value=\"Log In\" \/>\n\t\t\t\t<input type=\"hidden\" name=\"redirect_to\" value=\"https:\/\/edl-training.eu\/registration\/\" \/>\n\t\t\t<\/p><style type=\"text\/css\">div.nsl-container[data-align=\"left\"] {\n    text-align: left;\n}\n\ndiv.nsl-container[data-align=\"center\"] {\n    text-align: center;\n}\n\ndiv.nsl-container[data-align=\"right\"] {\n    text-align: right;\n}\n\n\ndiv.nsl-container div.nsl-container-buttons a[data-plugin=\"nsl\"] {\n    text-decoration: none;\n    box-shadow: none;\n    border: 0;\n}\n\ndiv.nsl-container .nsl-container-buttons {\n    display: flex;\n    padding: 5px 0;\n}\n\ndiv.nsl-container.nsl-container-block .nsl-container-buttons {\n    display: inline-grid;\n    grid-template-columns: minmax(145px, auto);\n}\n\ndiv.nsl-container-block-fullwidth .nsl-container-buttons {\n    flex-flow: column;\n    align-items: center;\n}\n\ndiv.nsl-container-block-fullwidth .nsl-container-buttons a,\ndiv.nsl-container-block .nsl-container-buttons a {\n    flex: 1 1 auto;\n    display: block;\n    margin: 5px 0;\n    width: 100%;\n}\n\ndiv.nsl-container-inline {\n    margin: -5px;\n    text-align: left;\n}\n\ndiv.nsl-container-inline .nsl-container-buttons {\n    justify-content: center;\n    flex-wrap: wrap;\n}\n\ndiv.nsl-container-inline .nsl-container-buttons a {\n    margin: 5px;\n    display: inline-block;\n}\n\ndiv.nsl-container-grid .nsl-container-buttons {\n    flex-flow: row;\n    align-items: center;\n    flex-wrap: wrap;\n}\n\ndiv.nsl-container-grid .nsl-container-buttons a {\n    flex: 1 1 auto;\n    display: block;\n    margin: 5px;\n    max-width: 280px;\n    width: 100%;\n}\n\n@media only screen and (min-width: 650px) {\n    div.nsl-container-grid .nsl-container-buttons a {\n        width: auto;\n    }\n}\n\ndiv.nsl-container .nsl-button {\n    cursor: pointer;\n    vertical-align: top;\n    border-radius: 4px;\n}\n\ndiv.nsl-container .nsl-button-default {\n    color: #fff;\n    display: flex;\n}\n\ndiv.nsl-container .nsl-button-icon {\n    display: inline-block;\n}\n\ndiv.nsl-container .nsl-button-svg-container {\n    flex: 0 0 auto;\n    padding: 8px;\n    display: flex;\n    align-items: center;\n}\n\ndiv.nsl-container svg {\n    height: 24px;\n    width: 24px;\n    vertical-align: top;\n}\n\ndiv.nsl-container .nsl-button-default div.nsl-button-label-container {\n    margin: 0 24px 0 12px;\n    padding: 10px 0;\n    font-family: Helvetica, Arial, sans-serif;\n    font-size: 16px;\n    line-height: 20px;\n    letter-spacing: .25px;\n    overflow: hidden;\n    text-align: center;\n    text-overflow: clip;\n    white-space: nowrap;\n    flex: 1 1 auto;\n    -webkit-font-smoothing: antialiased;\n    -moz-osx-font-smoothing: grayscale;\n    text-transform: none;\n    display: inline-block;\n}\n\ndiv.nsl-container .nsl-button-google[data-skin=\"dark\"] .nsl-button-svg-container {\n    margin: 1px;\n    padding: 7px;\n    border-radius: 3px;\n    background: #fff;\n}\n\ndiv.nsl-container .nsl-button-google[data-skin=\"light\"] {\n    border-radius: 1px;\n    box-shadow: 0 1px 5px 0 rgba(0, 0, 0, .25);\n    color: RGBA(0, 0, 0, 0.54);\n}\n\ndiv.nsl-container .nsl-button-apple .nsl-button-svg-container {\n    padding: 0 6px;\n}\n\ndiv.nsl-container .nsl-button-apple .nsl-button-svg-container svg {\n    height: 40px;\n    width: auto;\n}\n\ndiv.nsl-container .nsl-button-apple[data-skin=\"light\"] {\n    color: #000;\n    box-shadow: 0 0 0 1px #000;\n}\n\ndiv.nsl-container .nsl-button-facebook[data-skin=\"white\"] {\n    color: #000;\n    box-shadow: inset 0 0 0 1px #000;\n}\n\ndiv.nsl-container .nsl-button-facebook[data-skin=\"light\"] {\n    color: #1877F2;\n    box-shadow: inset 0 0 0 1px #1877F2;\n}\n\ndiv.nsl-container .nsl-button-spotify[data-skin=\"white\"] {\n    color: #191414;\n    box-shadow: inset 0 0 0 1px #191414;\n}\n\ndiv.nsl-container .nsl-button-apple div.nsl-button-label-container {\n    font-size: 17px;\n    font-family: -apple-system, BlinkMacSystemFont, \"Segoe UI\", Roboto, Helvetica, Arial, sans-serif, \"Apple Color Emoji\", \"Segoe UI Emoji\", \"Segoe UI Symbol\";\n}\n\ndiv.nsl-container .nsl-button-slack div.nsl-button-label-container {\n    font-size: 17px;\n    font-family: -apple-system, BlinkMacSystemFont, \"Segoe UI\", Roboto, Helvetica, Arial, sans-serif, \"Apple Color Emoji\", \"Segoe UI Emoji\", \"Segoe UI Symbol\";\n}\n\ndiv.nsl-container .nsl-button-slack[data-skin=\"light\"] {\n    color: #000000;\n    box-shadow: inset 0 0 0 1px #DDDDDD;\n}\n\ndiv.nsl-container .nsl-button-tiktok[data-skin=\"light\"] {\n    color: #161823;\n    box-shadow: 0 0 0 1px rgba(22, 24, 35, 0.12);\n}\n\n\ndiv.nsl-container .nsl-button-kakao {\n    color: rgba(0, 0, 0, 0.85);\n}\n\n.nsl-clear {\n    clear: both;\n}\n\n.nsl-container {\n    clear: both;\n}\n\n.nsl-disabled-provider .nsl-button {\n    filter: grayscale(1);\n    opacity: 0.8;\n}\n\n\/*Button align start*\/\n\ndiv.nsl-container-inline[data-align=\"left\"] .nsl-container-buttons {\n    justify-content: flex-start;\n}\n\ndiv.nsl-container-inline[data-align=\"center\"] .nsl-container-buttons {\n    justify-content: center;\n}\n\ndiv.nsl-container-inline[data-align=\"right\"] .nsl-container-buttons {\n    justify-content: flex-end;\n}\n\n\ndiv.nsl-container-grid[data-align=\"left\"] .nsl-container-buttons {\n    justify-content: flex-start;\n}\n\ndiv.nsl-container-grid[data-align=\"center\"] .nsl-container-buttons {\n    justify-content: center;\n}\n\ndiv.nsl-container-grid[data-align=\"right\"] .nsl-container-buttons {\n    justify-content: flex-end;\n}\n\ndiv.nsl-container-grid[data-align=\"space-around\"] .nsl-container-buttons {\n    justify-content: space-around;\n}\n\ndiv.nsl-container-grid[data-align=\"space-between\"] .nsl-container-buttons {\n    justify-content: space-between;\n}\n\n\/* Button align end*\/\n\n\/* Redirect *\/\n\n#nsl-redirect-overlay {\n    display: flex;\n    flex-direction: column;\n    justify-content: center;\n    align-items: center;\n    position: fixed;\n    z-index: 1000000;\n    left: 0;\n    top: 0;\n    width: 100%;\n    height: 100%;\n    backdrop-filter: blur(1px);\n    background-color: RGBA(0, 0, 0, .32);;\n}\n\n#nsl-redirect-overlay-container {\n    display: flex;\n    flex-direction: column;\n    justify-content: center;\n    align-items: center;\n    background-color: white;\n    padding: 30px;\n    border-radius: 10px;\n}\n\n#nsl-redirect-overlay-spinner {\n    content: '';\n    display: block;\n    margin: 20px;\n    border: 9px solid RGBA(0, 0, 0, .6);\n    border-top: 9px solid #fff;\n    border-radius: 50%;\n    box-shadow: inset 0 0 0 1px RGBA(0, 0, 0, .6), 0 0 0 1px RGBA(0, 0, 0, .6);\n    width: 40px;\n    height: 40px;\n    animation: nsl-loader-spin 2s linear infinite;\n}\n\n@keyframes nsl-loader-spin {\n    0% {\n        transform: rotate(0deg)\n    }\n    to {\n        transform: rotate(360deg)\n    }\n}\n\n#nsl-redirect-overlay-title {\n    font-family: -apple-system, BlinkMacSystemFont, \"Segoe UI\", Roboto, Oxygen-Sans, Ubuntu, Cantarell, \"Helvetica Neue\", sans-serif;\n    font-size: 18px;\n    font-weight: bold;\n    color: #3C434A;\n}\n\n#nsl-redirect-overlay-text {\n    font-family: -apple-system, BlinkMacSystemFont, \"Segoe UI\", Roboto, Oxygen-Sans, Ubuntu, Cantarell, \"Helvetica Neue\", sans-serif;\n    text-align: center;\n    font-size: 14px;\n    color: #3C434A;\n}\n\n\/* Redirect END*\/<\/style><style type=\"text\/css\">\/* Notice fallback *\/\n#nsl-notices-fallback {\n    position: fixed;\n    right: 10px;\n    top: 10px;\n    z-index: 10000;\n}\n\n.admin-bar #nsl-notices-fallback {\n    top: 42px;\n}\n\n#nsl-notices-fallback > div {\n    position: relative;\n    background: #fff;\n    border-left: 4px solid #fff;\n    box-shadow: 0 1px 1px 0 rgba(0, 0, 0, .1);\n    margin: 5px 15px 2px;\n    padding: 1px 20px;\n}\n\n#nsl-notices-fallback > div.error {\n    display: block;\n    border-left-color: #dc3232;\n}\n\n#nsl-notices-fallback > div.updated {\n    display: block;\n    border-left-color: #46b450;\n}\n\n#nsl-notices-fallback p {\n    margin: .5em 0;\n    padding: 2px;\n}\n\n#nsl-notices-fallback > div:after {\n    position: absolute;\n    right: 5px;\n    top: 5px;\n    content: '\\00d7';\n    display: block;\n    height: 16px;\n    width: 16px;\n    line-height: 16px;\n    text-align: center;\n    font-size: 20px;\n    cursor: pointer;\n}<\/style><div id=\"nsl-custom-login-form-1\"><div class=\"nsl-container nsl-container-block\" data-align=\"left\"><div class=\"nsl-container-buttons\"><a href=\"https:\/\/edl-training.eu\/ga\/wp-login.php?loginSocial=facebook&#038;redirect=https%3A%2F%2Fedl-training.eu%2Fga%2Fwp-json%2Fwp%2Fv2%2Fpages%2F2319\" rel=\"nofollow\" aria-label=\"Continue with &lt;b&gt;Facebook&lt;\/b&gt;\" data-plugin=\"nsl\" data-action=\"connect\" data-provider=\"facebook\" data-popupwidth=\"600\" data-popupheight=\"679\" data-e-disable-page-transition=\"1\"><div class=\"nsl-button nsl-button-default nsl-button-facebook\" data-skin=\"dark\" style=\"background-color:#1877F2;\"><div class=\"nsl-button-svg-container\"><svg xmlns=\"http:\/\/www.w3.org\/2000\/svg\" viewBox=\"0 0 1365.3 1365.3\" height=\"24\" width=\"24\"><path d=\"M1365.3 682.7A682.7 682.7 0 10576 1357V880H402.7V682.7H576V532.3c0-171.1 102-265.6 257.9-265.6 74.6 0 152.8 13.3 152.8 13.3v168h-86.1c-84.8 0-111.3 52.6-111.3 106.6v128h189.4L948.4 880h-159v477a682.8 682.8 0 00576-674.3\" fill=\"#fff\"\/><\/svg><\/div><div class=\"nsl-button-label-container\">Continue with <b>Facebook<\/b><\/div><\/div><\/a><\/div><\/div><\/div><script type=\"text\/javascript\">\n    window._nslDOMReady(function () {\n        var container = document.getElementById('nsl-custom-login-form-1'),\n            form = container.closest('form');\n\n        var innerContainer = container.querySelector('.nsl-container');\n        if (innerContainer) {\n            innerContainer.classList.add('nsl-container-embedded-login-layout-below');\n            innerContainer.style.display = 'block';\n        }\n\n        form.appendChild(container);\n    });\n<\/script>\n<style type=\"text\/css\">\n    \n    #nsl-custom-login-form-1 .nsl-container {\n        display: none;\n    }\n\n    #nsl-custom-login-form-1 .nsl-container-embedded-login-layout-below {\n        clear: both;\n        padding: 20px 0 0;\n    }\n\n    .login form {\n        padding-bottom: 20px;\n    }<\/style>\n<\/form><\/div><p class=\"show-password-reset-link\" style=\"display: none;\">Dearmad ar pasfhocal? <a href=\"https:\/\/edl-training.eu\/reset-password\/\">Clice\u00e1il anseo chun \u00e9 a athshocr\u00fa.<\/a><\/p><p class=\"show-register-form\" style=\"display: none;\"><a href=\"\">Taispe\u00e1in foirm chl\u00e1r\u00fach\u00e1in<\/a><\/p>\t\t\t\t<form name=\"learndash_registerform\" id=\"learndash_registerform\" class=\"ldregister\" action=\"https:\/\/edl-training.eu\/ga\/wp-login.php?action=register\" method=\"post\">\n\t\t\t\t<p class=\"learndash-registration-field learndash-registration-field-username learndash-required\"><label for=\"username\">Ainm \u00fas\u00e1ideora <span class=\"learndash-required-field\">*<\/span><\/label>\n\t\t\t\t\t\t<input aria-required=&quot;true&quot; type=\"text\" id=\"username\" name=\"user_login\" value=\"\" \/><\/p><p class=\"learndash-registration-field learndash-registration-field-email learndash-required\"><label for=\"email\">R\u00edomhphost <span class=\"learndash-required-field\">*<\/span><\/label>\n\t\t\t\t\t\t<input aria-required=&quot;true&quot; type=\"text\" id=\"email\" name=\"user_email\" value=\"\" \/><\/p><p class=\"learndash-registration-field learndash-registration-field-first_name learndash-required\"><label for=\"first_name\">Ainm <span class=\"learndash-required-field\">*<\/span><\/label>\n\t\t\t\t\t\t<input aria-required=&quot;true&quot; type=\"text\" id=\"first_name\" name=\"first_name\" value=\"\" \/><\/p><p class=\"learndash-registration-field learndash-registration-field-last_name learndash-required\"><label for=\"last_name\">Sloinne <span class=\"learndash-required-field\">*<\/span><\/label>\n\t\t\t\t\t\t<input aria-required=&quot;true&quot; type=\"text\" id=\"last_name\" name=\"last_name\" value=\"\" \/><\/p><p class=\"learndash-registration-field learndash-registration-field-password learndash-required\"><label for=\"password\">Pasfhocal <span class=\"learndash-required-field\">*<\/span><\/label>\n\t\t\t\t\t\t<input aria-required=&quot;true&quot; type=\"password\" id=\"password\" name=\"password\" value=\"\" \/><\/p><p class=\"learndash-registration-field learndash-registration-field-confirmpassword learndash-required\"><label for=\"confirm_password\">Deimhnigh Pasfhocal <span class=\"learndash-required-field\">*<\/span><\/label><input aria-required=&quot;true&quot; type=\"password\" id=\"confirm_password\" name=\"confirm_password\" \/><\/p><style type=\"text\/css\">div.nsl-container[data-align=\"left\"] {\n    text-align: left;\n}\n\ndiv.nsl-container[data-align=\"center\"] {\n    text-align: center;\n}\n\ndiv.nsl-container[data-align=\"right\"] {\n    text-align: right;\n}\n\n\ndiv.nsl-container div.nsl-container-buttons a[data-plugin=\"nsl\"] {\n    text-decoration: none;\n    box-shadow: none;\n    border: 0;\n}\n\ndiv.nsl-container .nsl-container-buttons {\n    display: flex;\n    padding: 5px 0;\n}\n\ndiv.nsl-container.nsl-container-block .nsl-container-buttons {\n    display: inline-grid;\n    grid-template-columns: minmax(145px, auto);\n}\n\ndiv.nsl-container-block-fullwidth .nsl-container-buttons {\n    flex-flow: column;\n    align-items: center;\n}\n\ndiv.nsl-container-block-fullwidth .nsl-container-buttons a,\ndiv.nsl-container-block .nsl-container-buttons a {\n    flex: 1 1 auto;\n    display: block;\n    margin: 5px 0;\n    width: 100%;\n}\n\ndiv.nsl-container-inline {\n    margin: -5px;\n    text-align: left;\n}\n\ndiv.nsl-container-inline .nsl-container-buttons {\n    justify-content: center;\n    flex-wrap: wrap;\n}\n\ndiv.nsl-container-inline .nsl-container-buttons a {\n    margin: 5px;\n    display: inline-block;\n}\n\ndiv.nsl-container-grid .nsl-container-buttons {\n    flex-flow: row;\n    align-items: center;\n    flex-wrap: wrap;\n}\n\ndiv.nsl-container-grid .nsl-container-buttons a {\n    flex: 1 1 auto;\n    display: block;\n    margin: 5px;\n    max-width: 280px;\n    width: 100%;\n}\n\n@media only screen and (min-width: 650px) {\n    div.nsl-container-grid .nsl-container-buttons a {\n        width: auto;\n    }\n}\n\ndiv.nsl-container .nsl-button {\n    cursor: pointer;\n    vertical-align: top;\n    border-radius: 4px;\n}\n\ndiv.nsl-container .nsl-button-default {\n    color: #fff;\n    display: flex;\n}\n\ndiv.nsl-container .nsl-button-icon {\n    display: inline-block;\n}\n\ndiv.nsl-container .nsl-button-svg-container {\n    flex: 0 0 auto;\n    padding: 8px;\n    display: flex;\n    align-items: center;\n}\n\ndiv.nsl-container svg {\n    height: 24px;\n    width: 24px;\n    vertical-align: top;\n}\n\ndiv.nsl-container .nsl-button-default div.nsl-button-label-container {\n    margin: 0 24px 0 12px;\n    padding: 10px 0;\n    font-family: Helvetica, Arial, sans-serif;\n    font-size: 16px;\n    line-height: 20px;\n    letter-spacing: .25px;\n    overflow: hidden;\n    text-align: center;\n    text-overflow: clip;\n    white-space: nowrap;\n    flex: 1 1 auto;\n    -webkit-font-smoothing: antialiased;\n    -moz-osx-font-smoothing: grayscale;\n    text-transform: none;\n    display: inline-block;\n}\n\ndiv.nsl-container .nsl-button-google[data-skin=\"dark\"] .nsl-button-svg-container {\n    margin: 1px;\n    padding: 7px;\n    border-radius: 3px;\n    background: #fff;\n}\n\ndiv.nsl-container .nsl-button-google[data-skin=\"light\"] {\n    border-radius: 1px;\n    box-shadow: 0 1px 5px 0 rgba(0, 0, 0, .25);\n    color: RGBA(0, 0, 0, 0.54);\n}\n\ndiv.nsl-container .nsl-button-apple .nsl-button-svg-container {\n    padding: 0 6px;\n}\n\ndiv.nsl-container .nsl-button-apple .nsl-button-svg-container svg {\n    height: 40px;\n    width: auto;\n}\n\ndiv.nsl-container .nsl-button-apple[data-skin=\"light\"] {\n    color: #000;\n    box-shadow: 0 0 0 1px #000;\n}\n\ndiv.nsl-container .nsl-button-facebook[data-skin=\"white\"] {\n    color: #000;\n    box-shadow: inset 0 0 0 1px #000;\n}\n\ndiv.nsl-container .nsl-button-facebook[data-skin=\"light\"] {\n    color: #1877F2;\n    box-shadow: inset 0 0 0 1px #1877F2;\n}\n\ndiv.nsl-container .nsl-button-spotify[data-skin=\"white\"] {\n    color: #191414;\n    box-shadow: inset 0 0 0 1px #191414;\n}\n\ndiv.nsl-container .nsl-button-apple div.nsl-button-label-container {\n    font-size: 17px;\n    font-family: -apple-system, BlinkMacSystemFont, \"Segoe UI\", Roboto, Helvetica, Arial, sans-serif, \"Apple Color Emoji\", \"Segoe UI Emoji\", \"Segoe UI Symbol\";\n}\n\ndiv.nsl-container .nsl-button-slack div.nsl-button-label-container {\n    font-size: 17px;\n    font-family: -apple-system, BlinkMacSystemFont, \"Segoe UI\", Roboto, Helvetica, Arial, sans-serif, \"Apple Color Emoji\", \"Segoe UI Emoji\", \"Segoe UI Symbol\";\n}\n\ndiv.nsl-container .nsl-button-slack[data-skin=\"light\"] {\n    color: #000000;\n    box-shadow: inset 0 0 0 1px #DDDDDD;\n}\n\ndiv.nsl-container .nsl-button-tiktok[data-skin=\"light\"] {\n    color: #161823;\n    box-shadow: 0 0 0 1px rgba(22, 24, 35, 0.12);\n}\n\n\ndiv.nsl-container .nsl-button-kakao {\n    color: rgba(0, 0, 0, 0.85);\n}\n\n.nsl-clear {\n    clear: both;\n}\n\n.nsl-container {\n    clear: both;\n}\n\n.nsl-disabled-provider .nsl-button {\n    filter: grayscale(1);\n    opacity: 0.8;\n}\n\n\/*Button align start*\/\n\ndiv.nsl-container-inline[data-align=\"left\"] .nsl-container-buttons {\n    justify-content: flex-start;\n}\n\ndiv.nsl-container-inline[data-align=\"center\"] .nsl-container-buttons {\n    justify-content: center;\n}\n\ndiv.nsl-container-inline[data-align=\"right\"] .nsl-container-buttons {\n    justify-content: flex-end;\n}\n\n\ndiv.nsl-container-grid[data-align=\"left\"] .nsl-container-buttons {\n    justify-content: flex-start;\n}\n\ndiv.nsl-container-grid[data-align=\"center\"] .nsl-container-buttons {\n    justify-content: center;\n}\n\ndiv.nsl-container-grid[data-align=\"right\"] .nsl-container-buttons {\n    justify-content: flex-end;\n}\n\ndiv.nsl-container-grid[data-align=\"space-around\"] .nsl-container-buttons {\n    justify-content: space-around;\n}\n\ndiv.nsl-container-grid[data-align=\"space-between\"] .nsl-container-buttons {\n    justify-content: space-between;\n}\n\n\/* Button align end*\/\n\n\/* Redirect *\/\n\n#nsl-redirect-overlay {\n    display: flex;\n    flex-direction: column;\n    justify-content: center;\n    align-items: center;\n    position: fixed;\n    z-index: 1000000;\n    left: 0;\n    top: 0;\n    width: 100%;\n    height: 100%;\n    backdrop-filter: blur(1px);\n    background-color: RGBA(0, 0, 0, .32);;\n}\n\n#nsl-redirect-overlay-container {\n    display: flex;\n    flex-direction: column;\n    justify-content: center;\n    align-items: center;\n    background-color: white;\n    padding: 30px;\n    border-radius: 10px;\n}\n\n#nsl-redirect-overlay-spinner {\n    content: '';\n    display: block;\n    margin: 20px;\n    border: 9px solid RGBA(0, 0, 0, .6);\n    border-top: 9px solid #fff;\n    border-radius: 50%;\n    box-shadow: inset 0 0 0 1px RGBA(0, 0, 0, .6), 0 0 0 1px RGBA(0, 0, 0, .6);\n    width: 40px;\n    height: 40px;\n    animation: nsl-loader-spin 2s linear infinite;\n}\n\n@keyframes nsl-loader-spin {\n    0% {\n        transform: rotate(0deg)\n    }\n    to {\n        transform: rotate(360deg)\n    }\n}\n\n#nsl-redirect-overlay-title {\n    font-family: -apple-system, BlinkMacSystemFont, \"Segoe UI\", Roboto, Oxygen-Sans, Ubuntu, Cantarell, \"Helvetica Neue\", sans-serif;\n    font-size: 18px;\n    font-weight: bold;\n    color: #3C434A;\n}\n\n#nsl-redirect-overlay-text {\n    font-family: -apple-system, BlinkMacSystemFont, \"Segoe UI\", Roboto, Oxygen-Sans, Ubuntu, Cantarell, \"Helvetica Neue\", sans-serif;\n    text-align: center;\n    font-size: 14px;\n    color: #3C434A;\n}\n\n\/* Redirect END*\/<\/style><div id=\"nsl-custom-login-form-2\"><div class=\"nsl-container nsl-container-block\" data-align=\"left\"><div class=\"nsl-container-buttons\"><a href=\"https:\/\/edl-training.eu\/ga\/wp-login.php?loginSocial=facebook&#038;redirect=https%3A%2F%2Fedl-training.eu%2Fga%2Fwp-json%2Fwp%2Fv2%2Fpages%2F2319\" rel=\"nofollow\" aria-label=\"Continue with &lt;b&gt;Facebook&lt;\/b&gt;\" data-plugin=\"nsl\" data-action=\"connect\" data-provider=\"facebook\" data-popupwidth=\"600\" data-popupheight=\"679\" data-e-disable-page-transition=\"1\"><div class=\"nsl-button nsl-button-default nsl-button-facebook\" data-skin=\"dark\" style=\"background-color:#1877F2;\"><div class=\"nsl-button-svg-container\"><svg xmlns=\"http:\/\/www.w3.org\/2000\/svg\" viewBox=\"0 0 1365.3 1365.3\" height=\"24\" width=\"24\"><path d=\"M1365.3 682.7A682.7 682.7 0 10576 1357V880H402.7V682.7H576V532.3c0-171.1 102-265.6 257.9-265.6 74.6 0 152.8 13.3 152.8 13.3v168h-86.1c-84.8 0-111.3 52.6-111.3 106.6v128h189.4L948.4 880h-159v477a682.8 682.8 0 00576-674.3\" fill=\"#fff\"\/><\/svg><\/div><div class=\"nsl-button-label-container\">Continue with <b>Facebook<\/b><\/div><\/div><\/a><\/div><\/div><\/div><script type=\"text\/javascript\">\n    window._nslDOMReady(function () {\n        var container = document.getElementById('nsl-custom-login-form-2'),\n            form = container.closest('form');\n\n        var innerContainer = container.querySelector('.nsl-container');\n        if (innerContainer) {\n            innerContainer.classList.add('nsl-container-embedded-login-layout-below');\n            innerContainer.style.display = 'block';\n        }\n\n        form.appendChild(container);\n    });\n<\/script>\n<style type=\"text\/css\">\n    \n    #nsl-custom-login-form-2 .nsl-container {\n        display: none;\n    }\n\n    #nsl-custom-login-form-2 .nsl-container-embedded-login-layout-below {\n        clear: both;\n        padding: 20px 0 0;\n    }\n\n    .login form {\n        padding-bottom: 20px;\n    }<\/style>\n\t\t\t\t<input name=\"ld_register_id\" value=\"0\" type=\"hidden\" \/>\n\t\t\t\t<input type=\"hidden\" name=\"learndash-registration-form\" value=\"2164598b29\" \/>\n\t\t\t\t<input type=\"hidden\" name=\"redirect_to\" value=\"https:\/\/edl-training.eu\/ga\/claru\/?ld-registered=true&#038;ld_register_id=0\" \/>\n\t\t\t\t<p><input type=\"submit\" name=\"wp-submit\" id=\"wp-submit\" class=\"button button-primary button-large\" value=\"Cl\u00e1r\u00fa\" \/><\/p>\n\t\t\t<\/form>\n\t\t\t\t<\/div><\/div><\/div>","protected":false},"excerpt":{"rendered":"","protected":false},"author":1,"featured_media":0,"parent":0,"menu_order":0,"comment_status":"closed","ping_status":"closed","template":"","meta":{"footnotes":""},"class_list":["post-2319","page","type-page","status-publish","hentry"],"_links":{"self":[{"href":"https:\/\/edl-training.eu\/ga\/wp-json\/wp\/v2\/pages\/2319","targetHints":{"allow":["GET"]}}],"collection":[{"href":"https:\/\/edl-training.eu\/ga\/wp-json\/wp\/v2\/pages"}],"about":[{"href":"https:\/\/edl-training.eu\/ga\/wp-json\/wp\/v2\/types\/page"}],"author":[{"embeddable":true,"href":"https:\/\/edl-training.eu\/ga\/wp-json\/wp\/v2\/users\/1"}],"replies":[{"embeddable":true,"href":"https:\/\/edl-training.eu\/ga\/wp-json\/wp\/v2\/comments?post=2319"}],"version-history":[{"count":1,"href":"https:\/\/edl-training.eu\/ga\/wp-json\/wp\/v2\/pages\/2319\/revisions"}],"predecessor-version":[{"id":2320,"href":"https:\/\/edl-training.eu\/ga\/wp-json\/wp\/v2\/pages\/2319\/revisions\/2320"}],"wp:attachment":[{"href":"https:\/\/edl-training.eu\/ga\/wp-json\/wp\/v2\/media?parent=2319"}],"curies":[{"name":"wp","href":"https:\/\/api.w.org\/{rel}","templated":true}]}}