{"id":2323,"date":"2023-09-07T10:02:45","date_gmt":"2023-09-07T10:02:45","guid":{"rendered":"https:\/\/edl-training.eu\/athshocraigh-pasfhocal\/"},"modified":"2023-11-09T13:03:20","modified_gmt":"2023-11-09T13:03:20","slug":"athshocraigh-pasfhocal","status":"publish","type":"page","link":"https:\/\/edl-training.eu\/ga\/athshocraigh-pasfhocal\/","title":{"rendered":"Athshocraigh Pasfhocal"},"content":{"rendered":"<div class=\"learndash-wrap\">\t<div class=\"learndash-wrapper\">\n\t\t<div class=\"learndash-wrapper\">\n\t<div id=\"learndash-reset-password-wrapper\" >\n\t\t\t<form action=\"\" method=\"POST\">\n\t\t\t<p>\n\t\t\t\t<label for=\"reset_password\">Ainm \u00das\u00e1ideora n\u00f3 Seoladh R\u00edomhphoist<\/label>\n\t\t\t\t<input type=\"text\" name=\"user_login\" id=\"user_login\" autocapitalize=\"off\" autocomplete=\"off\" \/>\n\t\t\t\t<input type=\"hidden\" id=\"learndash-reset-password-form-nonce\" name=\"learndash-reset-password-form-nonce\" value=\"82860c0f71\" \/><input type=\"hidden\" name=\"_wp_http_referer\" value=\"\/ga\/wp-json\/wp\/v2\/pages\/2323\" \/>\t\t\t<\/p>\n\t\t\t<input type=\"submit\" value=\"Athshocraigh Pasfhocal\"\/>\n\t\t<\/form>\n\t\t\t<\/div>\n\t<\/div>\n\t<\/div>","protected":false},"excerpt":{"rendered":"","protected":false},"author":1,"featured_media":0,"parent":0,"menu_order":0,"comment_status":"closed","ping_status":"closed","template":"","meta":{"footnotes":""},"class_list":["post-2323","page","type-page","status-publish","hentry"],"_links":{"self":[{"href":"https:\/\/edl-training.eu\/ga\/wp-json\/wp\/v2\/pages\/2323","targetHints":{"allow":["GET"]}}],"collection":[{"href":"https:\/\/edl-training.eu\/ga\/wp-json\/wp\/v2\/pages"}],"about":[{"href":"https:\/\/edl-training.eu\/ga\/wp-json\/wp\/v2\/types\/page"}],"author":[{"embeddable":true,"href":"https:\/\/edl-training.eu\/ga\/wp-json\/wp\/v2\/users\/1"}],"replies":[{"embeddable":true,"href":"https:\/\/edl-training.eu\/ga\/wp-json\/wp\/v2\/comments?post=2323"}],"version-history":[{"count":1,"href":"https:\/\/edl-training.eu\/ga\/wp-json\/wp\/v2\/pages\/2323\/revisions"}],"predecessor-version":[{"id":2324,"href":"https:\/\/edl-training.eu\/ga\/wp-json\/wp\/v2\/pages\/2323\/revisions\/2324"}],"wp:attachment":[{"href":"https:\/\/edl-training.eu\/ga\/wp-json\/wp\/v2\/media?parent=2323"}],"curies":[{"name":"wp","href":"https:\/\/api.w.org\/{rel}","templated":true}]}}