{"id":7910,"date":"2023-11-28T14:46:33","date_gmt":"2023-11-28T14:46:33","guid":{"rendered":"https:\/\/edl-training.eu\/faq\/"},"modified":"2023-11-30T11:39:29","modified_gmt":"2023-11-30T11:39:29","slug":"faq","status":"publish","type":"page","link":"https:\/\/edl-training.eu\/ga\/faq\/","title":{"rendered":"FAQ"},"content":{"rendered":"\t\t<div data-elementor-type=\"wp-page\" data-elementor-id=\"7910\" class=\"elementor elementor-7910 elementor-7851\">\n\t\t\t\t\t\t\t<div class=\"elementor-element elementor-element-f93ff98 e-con-full e-flex e-con e-parent\" data-id=\"f93ff98\" data-element_type=\"container\" data-settings=\"{&quot;content_width&quot;:&quot;full&quot;,&quot;background_background&quot;:&quot;classic&quot;}\" data-core-v316-plus=\"true\">\n\t\t<div class=\"elementor-element elementor-element-685cb7e msr-page-header e-flex e-con-boxed e-con e-child\" data-id=\"685cb7e\" data-element_type=\"container\" data-settings=\"{&quot;content_width&quot;:&quot;boxed&quot;}\">\n\t\t\t\t\t<div class=\"e-con-inner\">\n\t\t\t\t<div class=\"elementor-element elementor-element-e7b611c elementor-widget elementor-widget-heading\" data-id=\"e7b611c\" data-element_type=\"widget\" data-widget_type=\"heading.default\">\n\t\t\t\t<div class=\"elementor-widget-container\">\n\t\t\t<style>\/*! elementor - v3.16.0 - 20-09-2023 *\/\n.elementor-heading-title{padding:0;margin:0;line-height:1}.elementor-widget-heading .elementor-heading-title[class*=elementor-size-]>a{color:inherit;font-size:inherit;line-height:inherit}.elementor-widget-heading .elementor-heading-title.elementor-size-small{font-size:15px}.elementor-widget-heading .elementor-heading-title.elementor-size-medium{font-size:19px}.elementor-widget-heading .elementor-heading-title.elementor-size-large{font-size:29px}.elementor-widget-heading .elementor-heading-title.elementor-size-xl{font-size:39px}.elementor-widget-heading .elementor-heading-title.elementor-size-xxl{font-size:59px}<\/style><h2 class=\"elementor-heading-title elementor-size-default\">Ceisteanna Coitianta<\/h2>\t\t<\/div>\n\t\t\t\t<\/div>\n\t\t\t\t\t<\/div>\n\t\t\t\t<\/div>\n\t\t\t\t<\/div>\n\t\t<div class=\"elementor-element elementor-element-5d188e9 e-con-full e-flex e-con e-parent\" data-id=\"5d188e9\" data-element_type=\"container\" data-settings=\"{&quot;content_width&quot;:&quot;full&quot;,&quot;background_background&quot;:&quot;classic&quot;}\" data-core-v316-plus=\"true\">\n\t\t<div class=\"elementor-element elementor-element-88c8c46 e-flex e-con-boxed e-con e-child\" data-id=\"88c8c46\" data-element_type=\"container\" data-settings=\"{&quot;content_width&quot;:&quot;boxed&quot;}\">\n\t\t\t\t\t<div class=\"e-con-inner\">\n\t\t<div class=\"elementor-element elementor-element-9b95805 msr-edl-faq-wrapper e-flex e-con-boxed e-con e-child\" data-id=\"9b95805\" data-element_type=\"container\" data-settings=\"{&quot;content_width&quot;:&quot;boxed&quot;}\">\n\t\t\t\t\t<div class=\"e-con-inner\">\n\t\t\t\t<div class=\"elementor-element elementor-element-afee5a7 elementor-widget elementor-widget-toggle\" data-id=\"afee5a7\" data-element_type=\"widget\" data-widget_type=\"toggle.default\">\n\t\t\t\t<div class=\"elementor-widget-container\">\n\t\t\t<style>.elementor-toggle{text-align:left}.elementor-toggle .elementor-tab-title{font-weight:700;line-height:1;margin:0;padding:15px;border-bottom:1px solid #d5d8dc;cursor:pointer;outline:none}.elementor-toggle .elementor-tab-title .elementor-toggle-icon{display:inline-block;width:1em}.elementor-toggle .elementor-tab-title .elementor-toggle-icon svg{margin-inline-start:-5px;width:1em;height:1em}.elementor-toggle .elementor-tab-title .elementor-toggle-icon.elementor-toggle-icon-right{float:right;text-align:right}.elementor-toggle .elementor-tab-title .elementor-toggle-icon.elementor-toggle-icon-left{float:left;text-align:left}.elementor-toggle .elementor-tab-title .elementor-toggle-icon .elementor-toggle-icon-closed{display:block}.elementor-toggle .elementor-tab-title .elementor-toggle-icon .elementor-toggle-icon-opened{display:none}.elementor-toggle .elementor-tab-title.elementor-active{border-bottom:none}.elementor-toggle .elementor-tab-title.elementor-active .elementor-toggle-icon-closed{display:none}.elementor-toggle .elementor-tab-title.elementor-active .elementor-toggle-icon-opened{display:block}.elementor-toggle .elementor-tab-content{padding:15px;border-bottom:1px solid #d5d8dc;display:none}@media (max-width:480px){.elementor-toggle .elementor-tab-title{padding:12px}.elementor-toggle .elementor-tab-content{padding:12px 10px}}.e-con-inner>.elementor-widget-toggle,.e-con>.elementor-widget-toggle{width:var(--container-widget-width);--flex-grow:var(--container-widget-flex-grow)}<\/style>\t\t<div class=\"elementor-toggle\">\n\t\t\t\t\t\t\t<div class=\"elementor-toggle-item\">\n\t\t\t\t\t<div id=\"elementor-tab-title-1841\" class=\"elementor-tab-title\" data-tab=\"1\" role=\"button\" aria-controls=\"elementor-tab-content-1841\" aria-expanded=\"false\">\n\t\t\t\t\t\t\t\t\t\t\t\t<span class=\"elementor-toggle-icon elementor-toggle-icon-right\" aria-hidden=\"true\">\n\t\t\t\t\t\t\t\t\t\t\t\t\t\t\t<span class=\"elementor-toggle-icon-closed\"><i class=\"fas fa-caret-right\"><\/i><\/span>\n\t\t\t\t\t\t\t\t<span class=\"elementor-toggle-icon-opened\"><i class=\"elementor-toggle-icon-opened fas fa-caret-up\"><\/i><\/span>\n\t\t\t\t\t\t\t\t\t\t\t\t\t<\/span>\n\t\t\t\t\t\t\t\t\t\t\t\t<a class=\"elementor-toggle-title\" tabindex=\"0\">Conas is f\u00e9idir liom cl\u00e1r\u00fa don ard\u00e1n oideachais ar l\u00edne EDL?<\/a>\n\t\t\t\t\t<\/div>\n\n\t\t\t\t\t<div id=\"elementor-tab-content-1841\" class=\"elementor-tab-content elementor-clearfix\" data-tab=\"1\" role=\"region\" aria-labelledby=\"elementor-tab-title-1841\"><p><span style=\"font-weight: 400;\">Chun cl\u00e1r\u00fa don ard\u00e1n oideachais ar l\u00edne EDL, n\u00edl le d\u00e9anamh ach nasclean\u00faint a dh\u00e9anamh chuig an rann\u00e1n cl\u00e1r\u00fach\u00e1in agus lean na treoracha. Le linn cl\u00e1r\u00fach\u00e1in, beidh ort ainm \u00fas\u00e1ideora, pasfhocal agus seoladh r\u00edomhphoist bail\u00ed a ionchur. Nuair a bheidh t\u00fa cl\u00e1raithe, is f\u00e9idir leat log\u00e1il isteach ar ard\u00e1n oideachais ar l\u00edne EDL ag baint \u00fas\u00e1ide as na dinti\u00fair ch\u00e9anna a chuir t\u00fa ar f\u00e1il le linn an phr\u00f3isis s\u00ednithe..<\/span><\/p><\/div>\n\t\t\t\t<\/div>\n\t\t\t\t\t\t\t<div class=\"elementor-toggle-item\">\n\t\t\t\t\t<div id=\"elementor-tab-title-1842\" class=\"elementor-tab-title\" data-tab=\"2\" role=\"button\" aria-controls=\"elementor-tab-content-1842\" aria-expanded=\"false\">\n\t\t\t\t\t\t\t\t\t\t\t\t<span class=\"elementor-toggle-icon elementor-toggle-icon-right\" aria-hidden=\"true\">\n\t\t\t\t\t\t\t\t\t\t\t\t\t\t\t<span class=\"elementor-toggle-icon-closed\"><i class=\"fas fa-caret-right\"><\/i><\/span>\n\t\t\t\t\t\t\t\t<span class=\"elementor-toggle-icon-opened\"><i class=\"elementor-toggle-icon-opened fas fa-caret-up\"><\/i><\/span>\n\t\t\t\t\t\t\t\t\t\t\t\t\t<\/span>\n\t\t\t\t\t\t\t\t\t\t\t\t<a class=\"elementor-toggle-title\" tabindex=\"0\">Conas is f\u00e9idir liom mo phasfhocal a athshocr\u00fa?<\/a>\n\t\t\t\t\t<\/div>\n\n\t\t\t\t\t<div id=\"elementor-tab-content-1842\" class=\"elementor-tab-content elementor-clearfix\" data-tab=\"2\" role=\"region\" aria-labelledby=\"elementor-tab-title-1842\"><p><span style=\"font-weight: 400;\">I gc\u00e1s nach f\u00e9idir leat do phasfhocal a aisghlaoch, t\u00e1 an rogha agat an roinn &#8220;dearmad ar do phasfhocal&#8221; a roghn\u00fa agus clice\u00e1il ar an nasc a thugtar chun an pr\u00f3iseas athshocraithe a thionscnamh.<\/span><\/p><\/div>\n\t\t\t\t<\/div>\n\t\t\t\t\t\t\t<div class=\"elementor-toggle-item\">\n\t\t\t\t\t<div id=\"elementor-tab-title-1843\" class=\"elementor-tab-title\" data-tab=\"3\" role=\"button\" aria-controls=\"elementor-tab-content-1843\" aria-expanded=\"false\">\n\t\t\t\t\t\t\t\t\t\t\t\t<span class=\"elementor-toggle-icon elementor-toggle-icon-right\" aria-hidden=\"true\">\n\t\t\t\t\t\t\t\t\t\t\t\t\t\t\t<span class=\"elementor-toggle-icon-closed\"><i class=\"fas fa-caret-right\"><\/i><\/span>\n\t\t\t\t\t\t\t\t<span class=\"elementor-toggle-icon-opened\"><i class=\"elementor-toggle-icon-opened fas fa-caret-up\"><\/i><\/span>\n\t\t\t\t\t\t\t\t\t\t\t\t\t<\/span>\n\t\t\t\t\t\t\t\t\t\t\t\t<a class=\"elementor-toggle-title\" tabindex=\"0\">An bhfuil roghanna trialach saor in aisce ann do ch\u00farsa\u00ed?<\/a>\n\t\t\t\t\t<\/div>\n\n\t\t\t\t\t<div id=\"elementor-tab-content-1843\" class=\"elementor-tab-content elementor-clearfix\" data-tab=\"3\" role=\"region\" aria-labelledby=\"elementor-tab-title-1843\"><p><span style=\"font-weight: 400;\">T\u00e1 gach c\u00farsa agus uirlis dhigiteach oideachais saor in aisce. Is \u00e9 an t-aon riachtanas amh\u00e1in maidir le cl\u00e1r\u00fa c\u00farsa n\u00e1 cuntas a chruth\u00fa.<\/span><\/p><\/div>\n\t\t\t\t<\/div>\n\t\t\t\t\t\t\t<div class=\"elementor-toggle-item\">\n\t\t\t\t\t<div id=\"elementor-tab-title-1844\" class=\"elementor-tab-title\" data-tab=\"4\" role=\"button\" aria-controls=\"elementor-tab-content-1844\" aria-expanded=\"false\">\n\t\t\t\t\t\t\t\t\t\t\t\t<span class=\"elementor-toggle-icon elementor-toggle-icon-right\" aria-hidden=\"true\">\n\t\t\t\t\t\t\t\t\t\t\t\t\t\t\t<span class=\"elementor-toggle-icon-closed\"><i class=\"fas fa-caret-right\"><\/i><\/span>\n\t\t\t\t\t\t\t\t<span class=\"elementor-toggle-icon-opened\"><i class=\"elementor-toggle-icon-opened fas fa-caret-up\"><\/i><\/span>\n\t\t\t\t\t\t\t\t\t\t\t\t\t<\/span>\n\t\t\t\t\t\t\t\t\t\t\t\t<a class=\"elementor-toggle-title\" tabindex=\"0\">Conas is f\u00e9idir liom rochtain a fh\u00e1il ar m'\u00e1bhair ch\u00farsa tar \u00e9is dom cl\u00e1r\u00fa?<\/a>\n\t\t\t\t\t<\/div>\n\n\t\t\t\t\t<div id=\"elementor-tab-content-1844\" class=\"elementor-tab-content elementor-clearfix\" data-tab=\"4\" role=\"region\" aria-labelledby=\"elementor-tab-title-1844\"><p><span style=\"font-weight: 400;\">Nuair a chrutha\u00edtear go rath\u00fail do chuntas agus nuair a chl\u00e1ra\u00edtear ar an gc\u00farsa, beidh an t-\u00e1bhar inrochtana le l\u00e9amh n\u00f3 le h\u00edosl\u00f3d\u00e1il.<\/span><\/p><\/div>\n\t\t\t\t<\/div>\n\t\t\t\t\t\t\t<div class=\"elementor-toggle-item\">\n\t\t\t\t\t<div id=\"elementor-tab-title-1845\" class=\"elementor-tab-title\" data-tab=\"5\" role=\"button\" aria-controls=\"elementor-tab-content-1845\" aria-expanded=\"false\">\n\t\t\t\t\t\t\t\t\t\t\t\t<span class=\"elementor-toggle-icon elementor-toggle-icon-right\" aria-hidden=\"true\">\n\t\t\t\t\t\t\t\t\t\t\t\t\t\t\t<span class=\"elementor-toggle-icon-closed\"><i class=\"fas fa-caret-right\"><\/i><\/span>\n\t\t\t\t\t\t\t\t<span class=\"elementor-toggle-icon-opened\"><i class=\"elementor-toggle-icon-opened fas fa-caret-up\"><\/i><\/span>\n\t\t\t\t\t\t\t\t\t\t\t\t\t<\/span>\n\t\t\t\t\t\t\t\t\t\t\t\t<a class=\"elementor-toggle-title\" tabindex=\"0\">Cad iad na cine\u00e1lacha acmhainn\u00ed agus \u00e1bhar a chuirtear ar f\u00e1il sna c\u00farsa\u00ed?<\/a>\n\t\t\t\t\t<\/div>\n\n\t\t\t\t\t<div id=\"elementor-tab-content-1845\" class=\"elementor-tab-content elementor-clearfix\" data-tab=\"5\" role=\"region\" aria-labelledby=\"elementor-tab-title-1845\"><p><span style=\"font-weight: 400;\">Cuireann an t-ard\u00e1n oideachais ar l\u00edne EDL c\u00farsa\u00ed ar f\u00e1il a chuims\u00edonn f\u00edse\u00e1in, infographics, c\u00e1rta\u00ed meaitse\u00e1la, c\u00e1rta\u00ed teagasc\u00f3ra, cur i l\u00e1thair PowerPoint, tr\u00e1th na gceist ilroghnacha, agus seisi\u00fain f\u00e9inmheas\u00fanaithe.<\/span><\/p><\/div>\n\t\t\t\t<\/div>\n\t\t\t\t\t\t\t\t<\/div>\n\t\t\t\t<\/div>\n\t\t\t\t<\/div>\n\t\t\t\t\t<\/div>\n\t\t\t\t<\/div>\n\t\t<div class=\"elementor-element elementor-element-d0bb11f msr-edl-faq-wrapper e-flex e-con-boxed e-con e-child\" data-id=\"d0bb11f\" data-element_type=\"container\" data-settings=\"{&quot;content_width&quot;:&quot;boxed&quot;}\">\n\t\t\t\t\t<div class=\"e-con-inner\">\n\t\t\t\t<div class=\"elementor-element elementor-element-457e22f elementor-widget elementor-widget-toggle\" data-id=\"457e22f\" data-element_type=\"widget\" data-widget_type=\"toggle.default\">\n\t\t\t\t<div class=\"elementor-widget-container\">\n\t\t\t\t\t<div class=\"elementor-toggle\">\n\t\t\t\t\t\t\t<div class=\"elementor-toggle-item\">\n\t\t\t\t\t<div id=\"elementor-tab-title-7281\" class=\"elementor-tab-title\" data-tab=\"1\" role=\"button\" aria-controls=\"elementor-tab-content-7281\" aria-expanded=\"false\">\n\t\t\t\t\t\t\t\t\t\t\t\t<span class=\"elementor-toggle-icon elementor-toggle-icon-right\" aria-hidden=\"true\">\n\t\t\t\t\t\t\t\t\t\t\t\t\t\t\t<span class=\"elementor-toggle-icon-closed\"><i class=\"fas fa-caret-right\"><\/i><\/span>\n\t\t\t\t\t\t\t\t<span class=\"elementor-toggle-icon-opened\"><i class=\"elementor-toggle-icon-opened fas fa-caret-up\"><\/i><\/span>\n\t\t\t\t\t\t\t\t\t\t\t\t\t<\/span>\n\t\t\t\t\t\t\t\t\t\t\t\t<a class=\"elementor-toggle-title\" tabindex=\"0\">An f\u00e9idir liom \u00e1bhair ch\u00farsa a \u00edosl\u00f3d\u00e1il le haghaidh rochtana as l\u00edne?<\/a>\n\t\t\t\t\t<\/div>\n\n\t\t\t\t\t<div id=\"elementor-tab-content-7281\" class=\"elementor-tab-content elementor-clearfix\" data-tab=\"1\" role=\"region\" aria-labelledby=\"elementor-tab-title-7281\"><p><span style=\"font-weight: 400;\">Seachas \u00e1bhar f\u00edse an ard\u00e1in, t\u00e1 gach \u00e1bhar le h\u00edosl\u00f3d\u00e1il saor in aisce do gach \u00fas\u00e1ideoir cl\u00e1raithe. Is le haghaidh \u00fas\u00e1ide pearsanta a \u00fas\u00e1idtear \u00e1bhar an ard\u00e1in.\u00a0<\/span><\/p><\/div>\n\t\t\t\t<\/div>\n\t\t\t\t\t\t\t<div class=\"elementor-toggle-item\">\n\t\t\t\t\t<div id=\"elementor-tab-title-7282\" class=\"elementor-tab-title\" data-tab=\"2\" role=\"button\" aria-controls=\"elementor-tab-content-7282\" aria-expanded=\"false\">\n\t\t\t\t\t\t\t\t\t\t\t\t<span class=\"elementor-toggle-icon elementor-toggle-icon-right\" aria-hidden=\"true\">\n\t\t\t\t\t\t\t\t\t\t\t\t\t\t\t<span class=\"elementor-toggle-icon-closed\"><i class=\"fas fa-caret-right\"><\/i><\/span>\n\t\t\t\t\t\t\t\t<span class=\"elementor-toggle-icon-opened\"><i class=\"elementor-toggle-icon-opened fas fa-caret-up\"><\/i><\/span>\n\t\t\t\t\t\t\t\t\t\t\t\t\t<\/span>\n\t\t\t\t\t\t\t\t\t\t\t\t<a class=\"elementor-toggle-title\" tabindex=\"0\">Conas is f\u00e9idir liom \u00e1bhar an ard\u00e1in a \u00fas\u00e1id?<\/a>\n\t\t\t\t\t<\/div>\n\n\t\t\t\t\t<div id=\"elementor-tab-content-7282\" class=\"elementor-tab-content elementor-clearfix\" data-tab=\"2\" role=\"region\" aria-labelledby=\"elementor-tab-title-7282\"><p><span style=\"font-weight: 400;\">Tugtar le tuiscint don \u00e1bhar at\u00e1 ar f\u00e1il le h\u00edosl\u00f3d\u00e1il ar an ard\u00e1n seo gur chun cr\u00edocha taighde agus oideachais amh\u00e1in at\u00e1 s\u00e9. Tr\u00edd an \u00e1bhar seo a \u00edosl\u00f3d\u00e1il agus a \u00fas\u00e1id, aonta\u00edonn t\u00fa leis na t\u00e9arma\u00ed agus coinn\u00edollacha seo a leanas:<\/span><\/p><p>\u00a0<\/p><p><b>Cusp\u00f3ir\u00ed Taighde Amh\u00e1in<\/b><span style=\"font-weight: 400;\">: T\u00e1 an t-\u00e1bhar \u00edosl\u00f3d\u00e1la cead\u00fanaithe duit le h\u00fas\u00e1id go heisiach maidir le gn\u00edomha\u00edochta\u00ed taighde acad\u00fala n\u00f3 neamhthr\u00e1cht\u00e1la. T\u00e1 cosc \u200b\u200bdian ar aon \u00fas\u00e1id a bhaint as an \u00e1bhar chun cr\u00edocha tr\u00e1cht\u00e1la.<\/span><\/p><p>\u00a0<\/p><p><b>Cead\u00fanas Neamh-Inaistrithe:<\/b><span style=\"font-weight: 400;\"> T\u00e1 an cead\u00fanas a dheona\u00edtear don \u00e1bhar is f\u00e9idir a \u00edosl\u00f3d\u00e1il neamheisiach agus neamh-inaistrithe. Is chun d\u2019\u00fas\u00e1ide taighde pearsanta n\u00f3 inmhe\u00e1nach amh\u00e1in \u00e9 agus n\u00ed f\u00e9idir \u00e9 a fhochead\u00fan\u00fa, a aistri\u00fa n\u00e1 a shannadh d\u2019aon ph\u00e1irt\u00ed eile.<\/span><\/p><p>\u00a0<\/p><p><b>Gan Modhn\u00fa n\u00e1 Oibreacha D\u00edorthaigh:<\/b><span style=\"font-weight: 400;\"> T\u00e1 cosc \u200b\u200bort saothair d\u00edorthaigh \u00f3n \u00e1bhar a \u00edosl\u00f3d\u00e1ltar a mhodhn\u00fa, a oiri\u00fan\u00fa n\u00f3 a chruth\u00fa. N\u00ed m\u00f3r an t-\u00e1bhar a \u00fas\u00e1id ina bhunfhoirm chun cr\u00edocha taighde agus oideachais.<\/span><\/p><p>\u00a0<\/p><p><b>Sannadh:<\/b><span style=\"font-weight: 400;\"> Agus an t-\u00e1bhar \u00e1 \u00fas\u00e1id agat in aon fhoilseach\u00e1n taighde, cur i l\u00e1thair, n\u00f3 saothair ghaolmhara, aonta\u00edonn t\u00fa foinse an \u00e1bhair a admh\u00e1il go cu\u00ed agus creidi\u00faint a thabhairt d\u2019\u00e1bhar ard\u00e1n an AE agus do chuibhreannas chomhalta\u00ed freagrach an AE.<\/span><\/p><\/div>\n\t\t\t\t<\/div>\n\t\t\t\t\t\t\t<div class=\"elementor-toggle-item\">\n\t\t\t\t\t<div id=\"elementor-tab-title-7283\" class=\"elementor-tab-title\" data-tab=\"3\" role=\"button\" aria-controls=\"elementor-tab-content-7283\" aria-expanded=\"false\">\n\t\t\t\t\t\t\t\t\t\t\t\t<span class=\"elementor-toggle-icon elementor-toggle-icon-right\" aria-hidden=\"true\">\n\t\t\t\t\t\t\t\t\t\t\t\t\t\t\t<span class=\"elementor-toggle-icon-closed\"><i class=\"fas fa-caret-right\"><\/i><\/span>\n\t\t\t\t\t\t\t\t<span class=\"elementor-toggle-icon-opened\"><i class=\"elementor-toggle-icon-opened fas fa-caret-up\"><\/i><\/span>\n\t\t\t\t\t\t\t\t\t\t\t\t\t<\/span>\n\t\t\t\t\t\t\t\t\t\t\t\t<a class=\"elementor-toggle-title\" tabindex=\"0\">An f\u00e9idir liom c\u00farsa a uasl\u00f3d\u00e1il chuig an ard\u00e1n mar thraen\u00e1la\u00ed?<\/a>\n\t\t\t\t\t<\/div>\n\n\t\t\t\t\t<div id=\"elementor-tab-content-7283\" class=\"elementor-tab-content elementor-clearfix\" data-tab=\"3\" role=\"region\" aria-labelledby=\"elementor-tab-title-7283\"><p><span style=\"font-weight: 400;\">Chun c\u00farsa a uasl\u00f3d\u00e1il ar an ard\u00e1n, n\u00ed m\u00f3r duit cuntas a chl\u00e1r\u00fa ar dt\u00fas. Ina dhiaidh sin, caithfidh t\u00fa \u00e1bhar a ghini\u00faint a ail\u00edn\u00edonn le cusp\u00f3ir\u00ed an tionscadail EDL. Ina theannta sin, bain \u00fas\u00e1id as an teimpl\u00e9ad ar f\u00e1il (<\/span><a href=\"https:\/\/docs.google.com\/presentation\/d\/1V_8gDoL_GLreaZ1HqiNdcBZBCzv9Qdv3\/edit?usp=drive_link&amp;ouid=106745725041095685988&amp;rtpof=true&amp;sd=true\"><span style=\"font-weight: 400;\">template<\/span><\/a><span style=\"font-weight: 400;\">) chun do ch\u00farsa a strucht\u00far\u00fa. Ar deireadh, tar \u00e9is pr\u00f3iseas mionsonraithe athbhreithnithe c\u00e1il\u00edochta ar do mhod\u00fal, cuirfidh riarth\u00f3ir\u00ed an ard\u00e1in d\u2019inneachar forbartha faoi bhr\u00e1id ard\u00e1n an AE. Seol do ch\u00farsa\u00ed l\u00e9irithe chuig ag <\/span><a href=\"http:\/\/emotionaldistancelearning03@gmail.com\"><span style=\"font-weight: 400;\">emotionaldistancelearning03@gmail.com<\/span><\/a><\/p><\/div>\n\t\t\t\t<\/div>\n\t\t\t\t\t\t\t<div class=\"elementor-toggle-item\">\n\t\t\t\t\t<div id=\"elementor-tab-title-7284\" class=\"elementor-tab-title\" data-tab=\"4\" role=\"button\" aria-controls=\"elementor-tab-content-7284\" aria-expanded=\"false\">\n\t\t\t\t\t\t\t\t\t\t\t\t<span class=\"elementor-toggle-icon elementor-toggle-icon-right\" aria-hidden=\"true\">\n\t\t\t\t\t\t\t\t\t\t\t\t\t\t\t<span class=\"elementor-toggle-icon-closed\"><i class=\"fas fa-caret-right\"><\/i><\/span>\n\t\t\t\t\t\t\t\t<span class=\"elementor-toggle-icon-opened\"><i class=\"elementor-toggle-icon-opened fas fa-caret-up\"><\/i><\/span>\n\t\t\t\t\t\t\t\t\t\t\t\t\t<\/span>\n\t\t\t\t\t\t\t\t\t\t\t\t<a class=\"elementor-toggle-title\" tabindex=\"0\">Conas a dh\u00e9anaim mo dhul chun cinn a rian\u00fa laistigh de ch\u00farsa?<\/a>\n\t\t\t\t\t<\/div>\n\n\t\t\t\t\t<div id=\"elementor-tab-content-7284\" class=\"elementor-tab-content elementor-clearfix\" data-tab=\"4\" role=\"region\" aria-labelledby=\"elementor-tab-title-7284\"><p><span style=\"font-weight: 400;\">T\u00e1 barra dul chun cinn rian ag barr leathanach an ard\u00e1in.<\/span><\/p><\/div>\n\t\t\t\t<\/div>\n\t\t\t\t\t\t\t<div class=\"elementor-toggle-item\">\n\t\t\t\t\t<div id=\"elementor-tab-title-7285\" class=\"elementor-tab-title\" data-tab=\"5\" role=\"button\" aria-controls=\"elementor-tab-content-7285\" aria-expanded=\"false\">\n\t\t\t\t\t\t\t\t\t\t\t\t<span class=\"elementor-toggle-icon elementor-toggle-icon-right\" aria-hidden=\"true\">\n\t\t\t\t\t\t\t\t\t\t\t\t\t\t\t<span class=\"elementor-toggle-icon-closed\"><i class=\"fas fa-caret-right\"><\/i><\/span>\n\t\t\t\t\t\t\t\t<span class=\"elementor-toggle-icon-opened\"><i class=\"elementor-toggle-icon-opened fas fa-caret-up\"><\/i><\/span>\n\t\t\t\t\t\t\t\t\t\t\t\t\t<\/span>\n\t\t\t\t\t\t\t\t\t\t\t\t<a class=\"elementor-toggle-title\" tabindex=\"0\">An f\u00e9idir liom labhairt le gn\u00edomhaire beo?<\/a>\n\t\t\t\t\t<\/div>\n\n\t\t\t\t\t<div id=\"elementor-tab-content-7285\" class=\"elementor-tab-content elementor-clearfix\" data-tab=\"5\" role=\"region\" aria-labelledby=\"elementor-tab-title-7285\"><p><span style=\"font-weight: 400;\">Le haghaidh rannph\u00e1irt\u00edocht bheo agus cumars\u00e1id dh\u00edreach, is f\u00e9idir leat do theachtaireachta\u00ed a sheoladh ag <\/span><a href=\"mailto:csp@hs-wismar.de\"><span style=\"font-weight: 400;\">csp@hs-wismar.de<\/span><\/a><\/p><\/div>\n\t\t\t\t<\/div>\n\t\t\t\t\t\t\t\t<\/div>\n\t\t\t\t<\/div>\n\t\t\t\t<\/div>\n\t\t\t\t\t<\/div>\n\t\t\t\t<\/div>\n\t\t\t\t\t<\/div>\n\t\t\t\t<\/div>\n\t\t\t\t<\/div>\n\t\t\t\t\t\t\t<\/div>\n\t\t","protected":false},"excerpt":{"rendered":"<p>Ceisteanna Coitianta Conas is f\u00e9idir liom cl\u00e1r\u00fa don ard\u00e1n oideachais ar l\u00edne EDL? Chun cl\u00e1r\u00fa don ard\u00e1n oideachais ar l\u00edne EDL, n\u00edl le d\u00e9anamh ach nasclean\u00faint a dh\u00e9anamh chuig an rann\u00e1n cl\u00e1r\u00fach\u00e1in agus lean na treoracha. Le linn cl\u00e1r\u00fach\u00e1in, beidh ort ainm \u00fas\u00e1ideora, pasfhocal agus seoladh r\u00edomhphoist bail\u00ed a ionchur. Nuair a bheidh t\u00fa cl\u00e1raithe, [&hellip;]<\/p>\n","protected":false},"author":1,"featured_media":0,"parent":0,"menu_order":0,"comment_status":"closed","ping_status":"closed","template":"","meta":{"footnotes":""},"class_list":["post-7910","page","type-page","status-publish","hentry"],"_links":{"self":[{"href":"https:\/\/edl-training.eu\/ga\/wp-json\/wp\/v2\/pages\/7910","targetHints":{"allow":["GET"]}}],"collection":[{"href":"https:\/\/edl-training.eu\/ga\/wp-json\/wp\/v2\/pages"}],"about":[{"href":"https:\/\/edl-training.eu\/ga\/wp-json\/wp\/v2\/types\/page"}],"author":[{"embeddable":true,"href":"https:\/\/edl-training.eu\/ga\/wp-json\/wp\/v2\/users\/1"}],"replies":[{"embeddable":true,"href":"https:\/\/edl-training.eu\/ga\/wp-json\/wp\/v2\/comments?post=7910"}],"version-history":[{"count":15,"href":"https:\/\/edl-training.eu\/ga\/wp-json\/wp\/v2\/pages\/7910\/revisions"}],"predecessor-version":[{"id":8346,"href":"https:\/\/edl-training.eu\/ga\/wp-json\/wp\/v2\/pages\/7910\/revisions\/8346"}],"wp:attachment":[{"href":"https:\/\/edl-training.eu\/ga\/wp-json\/wp\/v2\/media?parent=7910"}],"curies":[{"name":"wp","href":"https:\/\/api.w.org\/{rel}","templated":true}]}}