{"id":7984,"date":"2023-11-29T09:21:43","date_gmt":"2023-11-29T09:21:43","guid":{"rendered":"https:\/\/edl-training.eu\/glossary\/"},"modified":"2023-11-30T11:37:34","modified_gmt":"2023-11-30T11:37:34","slug":"glossary","status":"publish","type":"page","link":"https:\/\/edl-training.eu\/ga\/glossary\/","title":{"rendered":"Glossary"},"content":{"rendered":"\t\t<div data-elementor-type=\"wp-page\" data-elementor-id=\"7984\" class=\"elementor elementor-7984 elementor-7958\">\n\t\t\t\t\t\t\t<div class=\"elementor-element elementor-element-8818978 e-con-full e-flex e-con e-parent\" data-id=\"8818978\" data-element_type=\"container\" data-settings=\"{&quot;content_width&quot;:&quot;full&quot;,&quot;background_background&quot;:&quot;classic&quot;}\" data-core-v316-plus=\"true\">\n\t\t<div class=\"elementor-element elementor-element-717b321 msr-page-header e-flex e-con-boxed e-con e-child\" data-id=\"717b321\" data-element_type=\"container\" data-settings=\"{&quot;content_width&quot;:&quot;boxed&quot;}\">\n\t\t\t\t\t<div class=\"e-con-inner\">\n\t\t\t\t<div class=\"elementor-element elementor-element-5776e35 elementor-widget elementor-widget-heading\" data-id=\"5776e35\" data-element_type=\"widget\" data-widget_type=\"heading.default\">\n\t\t\t\t<div class=\"elementor-widget-container\">\n\t\t\t<style>\/*! elementor - v3.16.0 - 20-09-2023 *\/\n.elementor-heading-title{padding:0;margin:0;line-height:1}.elementor-widget-heading .elementor-heading-title[class*=elementor-size-]>a{color:inherit;font-size:inherit;line-height:inherit}.elementor-widget-heading .elementor-heading-title.elementor-size-small{font-size:15px}.elementor-widget-heading .elementor-heading-title.elementor-size-medium{font-size:19px}.elementor-widget-heading .elementor-heading-title.elementor-size-large{font-size:29px}.elementor-widget-heading .elementor-heading-title.elementor-size-xl{font-size:39px}.elementor-widget-heading .elementor-heading-title.elementor-size-xxl{font-size:59px}<\/style><h2 class=\"elementor-heading-title elementor-size-default\">Gluais<\/h2>\t\t<\/div>\n\t\t\t\t<\/div>\n\t\t\t\t\t<\/div>\n\t\t\t\t<\/div>\n\t\t\t\t<\/div>\n\t\t<div class=\"elementor-element elementor-element-6aca497 e-con-full e-flex e-con e-parent\" data-id=\"6aca497\" data-element_type=\"container\" data-settings=\"{&quot;content_width&quot;:&quot;full&quot;,&quot;background_background&quot;:&quot;classic&quot;}\" data-core-v316-plus=\"true\">\n\t\t<div class=\"elementor-element elementor-element-c0f1bc5 e-flex e-con-boxed e-con e-child\" data-id=\"c0f1bc5\" data-element_type=\"container\" data-settings=\"{&quot;content_width&quot;:&quot;boxed&quot;}\">\n\t\t\t\t\t<div class=\"e-con-inner\">\n\t\t<div class=\"elementor-element elementor-element-c1f5d6d msr-edl-faq-wrapper e-flex e-con-boxed e-con e-child\" data-id=\"c1f5d6d\" data-element_type=\"container\" data-settings=\"{&quot;background_background&quot;:&quot;classic&quot;,&quot;content_width&quot;:&quot;boxed&quot;}\">\n\t\t\t\t\t<div class=\"e-con-inner\">\n\t\t\t\t<div class=\"elementor-element elementor-element-a43f0d4 elementor-widget elementor-widget-heading\" data-id=\"a43f0d4\" data-element_type=\"widget\" data-widget_type=\"heading.default\">\n\t\t\t\t<div class=\"elementor-widget-container\">\n\t\t\t<h2 class=\"elementor-heading-title elementor-size-default\">Ard\u00e1n EDL\n<\/h2>\t\t<\/div>\n\t\t\t\t<\/div>\n\t\t\t\t<div class=\"elementor-element elementor-element-f9268d3 elementor-widget elementor-widget-text-editor\" data-id=\"f9268d3\" data-element_type=\"widget\" data-widget_type=\"text-editor.default\">\n\t\t\t\t<div class=\"elementor-widget-container\">\n\t\t\t<style>\/*! elementor - v3.16.0 - 20-09-2023 *\/\n.elementor-widget-text-editor.elementor-drop-cap-view-stacked .elementor-drop-cap{background-color:#69727d;color:#fff}.elementor-widget-text-editor.elementor-drop-cap-view-framed .elementor-drop-cap{color:#69727d;border:3px solid;background-color:transparent}.elementor-widget-text-editor:not(.elementor-drop-cap-view-default) .elementor-drop-cap{margin-top:8px}.elementor-widget-text-editor:not(.elementor-drop-cap-view-default) .elementor-drop-cap-letter{width:1em;height:1em}.elementor-widget-text-editor .elementor-drop-cap{float:left;text-align:center;line-height:1;font-size:50px}.elementor-widget-text-editor .elementor-drop-cap-letter{display:inline-block}<\/style>\t\t\t\t<p><span style=\"font-weight: 400;\">Is ard\u00e1n oideachais ar l\u00edne \u00e9 an tArd\u00e1n EDL a crutha\u00edodh don tionscadal Cianfhoghlaim Moth\u00fach\u00e1nach. Cuireann s\u00e9 \u00e9ags\u00falacht c\u00farsa\u00ed, mod\u00fail, agus uirlis\u00ed idirghn\u00edomhacha ar f\u00e1il at\u00e1 deartha chun \u00e9irim mhoth\u00fach\u00e1nach a fheabhs\u00fa agus chun forbairt phearsanta a \u00e9asc\u00fa i gcomhth\u00e9acs an chianoideachais..<\/span><\/p>\t\t\t\t\t\t<\/div>\n\t\t\t\t<\/div>\n\t\t\t\t\t<\/div>\n\t\t\t\t<\/div>\n\t\t<div class=\"elementor-element elementor-element-c34493e msr-edl-faq-wrapper e-flex e-con-boxed e-con e-child\" data-id=\"c34493e\" data-element_type=\"container\" data-settings=\"{&quot;background_background&quot;:&quot;classic&quot;,&quot;content_width&quot;:&quot;boxed&quot;}\">\n\t\t\t\t\t<div class=\"e-con-inner\">\n\t\t\t\t<div class=\"elementor-element elementor-element-f02bb51 elementor-widget elementor-widget-heading\" data-id=\"f02bb51\" data-element_type=\"widget\" data-widget_type=\"heading.default\">\n\t\t\t\t<div class=\"elementor-widget-container\">\n\t\t\t<h2 class=\"elementor-heading-title elementor-size-default\">Mod\u00fal\n<\/h2>\t\t<\/div>\n\t\t\t\t<\/div>\n\t\t\t\t<div class=\"elementor-element elementor-element-d321c7c elementor-widget elementor-widget-text-editor\" data-id=\"d321c7c\" data-element_type=\"widget\" data-widget_type=\"text-editor.default\">\n\t\t\t\t<div class=\"elementor-widget-container\">\n\t\t\t\t\t\t\t<p><span style=\"font-weight: 400;\">Is \u00e9ard is mod\u00fal oideachais ann n\u00e1 cuid fh\u00e9inchuimsitheach den \u00e1bhar teagaisc a fhaightear i gcl\u00e1r n\u00f3 i gc\u00farsa oideachais. Is \u00e9 an cusp\u00f3ir at\u00e1 leis n\u00e1 aghaidh a thabhairt ar thopaic ar leith n\u00f3 ar ghr\u00fapa topaic\u00ed idirnasctha, agus de ghn\u00e1th eagra\u00edtear \u00e9 chun tac\u00fa le foghlaim fh\u00f3casaithe agus chomhlean\u00fanach. Cuims\u00edonn mod\u00fail oideachais \u00e1bhair \u00e9ags\u00fala amhail l\u00e9achta\u00ed, l\u00e9amha, acmhainn\u00ed ilmhe\u00e1n, meas\u00fanuithe, agus gn\u00edomha\u00edochta\u00ed idirghn\u00edomhacha. De ghn\u00e1th socra\u00edtear na mod\u00fail seo chun treoir a thabhairt d\u2019fhoghlaimeoir\u00ed maidir le heolas agus scileanna a shealbh\u00fa ar bhealach strucht\u00fartha seicheamhach..<\/span><\/p>\t\t\t\t\t\t<\/div>\n\t\t\t\t<\/div>\n\t\t\t\t\t<\/div>\n\t\t\t\t<\/div>\n\t\t<div class=\"elementor-element elementor-element-addba54 msr-edl-faq-wrapper e-flex e-con-boxed e-con e-child\" data-id=\"addba54\" data-element_type=\"container\" data-settings=\"{&quot;background_background&quot;:&quot;classic&quot;,&quot;content_width&quot;:&quot;boxed&quot;}\">\n\t\t\t\t\t<div class=\"e-con-inner\">\n\t\t\t\t<div class=\"elementor-element elementor-element-ea00789 elementor-widget elementor-widget-heading\" data-id=\"ea00789\" data-element_type=\"widget\" data-widget_type=\"heading.default\">\n\t\t\t\t<div class=\"elementor-widget-container\">\n\t\t\t<h2 class=\"elementor-heading-title elementor-size-default\">Uirlis\u00ed Digiteacha\n<\/h2>\t\t<\/div>\n\t\t\t\t<\/div>\n\t\t\t\t<div class=\"elementor-element elementor-element-e1659f4 elementor-widget elementor-widget-text-editor\" data-id=\"e1659f4\" data-element_type=\"widget\" data-widget_type=\"text-editor.default\">\n\t\t\t\t<div class=\"elementor-widget-container\">\n\t\t\t\t\t\t\t<p><span style=\"font-weight: 400;\">Acmhainn\u00ed agus feidhmchl\u00e1ir a ionchorpra\u00edtear san ard\u00e1n EDL a \u00fas\u00e1id chun an turas foghlama a shaibhri\u00fa, ag cuimsi\u00fa gn\u00e9ithe \u00e9ags\u00fala amhail f\u00edse\u00e1in, infographics, c\u00e1rta\u00ed meaitse\u00e1la, agus c\u00e1rta\u00ed teagasc\u00f3ra, i measc ruda\u00ed eile.<\/span><\/p>\t\t\t\t\t\t<\/div>\n\t\t\t\t<\/div>\n\t\t\t\t\t<\/div>\n\t\t\t\t<\/div>\n\t\t<div class=\"elementor-element elementor-element-faa4077 msr-edl-faq-wrapper e-flex e-con-boxed e-con e-child\" data-id=\"faa4077\" data-element_type=\"container\" data-settings=\"{&quot;background_background&quot;:&quot;classic&quot;,&quot;content_width&quot;:&quot;boxed&quot;}\">\n\t\t\t\t\t<div class=\"e-con-inner\">\n\t\t\t\t<div class=\"elementor-element elementor-element-d3e7dd1 elementor-widget elementor-widget-heading\" data-id=\"d3e7dd1\" data-element_type=\"widget\" data-widget_type=\"heading.default\">\n\t\t\t\t<div class=\"elementor-widget-container\">\n\t\t\t<h2 class=\"elementor-heading-title elementor-size-default\">Scileanna moth\u00fach\u00e1in idirphearsanta\n\n<\/h2>\t\t<\/div>\n\t\t\t\t<\/div>\n\t\t\t\t<div class=\"elementor-element elementor-element-54a146f elementor-widget elementor-widget-text-editor\" data-id=\"54a146f\" data-element_type=\"widget\" data-widget_type=\"text-editor.default\">\n\t\t\t\t<div class=\"elementor-widget-container\">\n\t\t\t\t\t\t\t<p><span style=\"font-weight: 400;\">Alt speisialaithe a th\u00e9ann i ngleic le coth\u00fa scileanna moth\u00fach\u00e1nacha idirphearsanta. Cuireann an deighleog seo b\u00e9im l\u00e1idir ar inni\u00falacht a choth\u00fa sa chumars\u00e1id, sa chomhoibri\u00fa agus sa t\u00f3g\u00e1il caidrimh laistigh de chomhth\u00e9acs uath\u00fail an chianoideachais.<\/span><\/p>\t\t\t\t\t\t<\/div>\n\t\t\t\t<\/div>\n\t\t\t\t\t<\/div>\n\t\t\t\t<\/div>\n\t\t<div class=\"elementor-element elementor-element-fd971b4 msr-edl-faq-wrapper e-flex e-con-boxed e-con e-child\" data-id=\"fd971b4\" data-element_type=\"container\" data-settings=\"{&quot;background_background&quot;:&quot;classic&quot;,&quot;content_width&quot;:&quot;boxed&quot;}\">\n\t\t\t\t\t<div class=\"e-con-inner\">\n\t\t\t\t<div class=\"elementor-element elementor-element-32b8738 elementor-widget elementor-widget-heading\" data-id=\"32b8738\" data-element_type=\"widget\" data-widget_type=\"heading.default\">\n\t\t\t\t<div class=\"elementor-widget-container\">\n\t\t\t<h2 class=\"elementor-heading-title elementor-size-default\">Scileanna moth\u00fach\u00e1in idirphearsanta\n\n<\/h2>\t\t<\/div>\n\t\t\t\t<\/div>\n\t\t\t\t<div class=\"elementor-element elementor-element-532b753 elementor-widget elementor-widget-text-editor\" data-id=\"532b753\" data-element_type=\"widget\" data-widget_type=\"text-editor.default\">\n\t\t\t\t<div class=\"elementor-widget-container\">\n\t\t\t\t\t\t\t<p><span style=\"font-weight: 400;\">Cuid a dh\u00edr\u00edonn ar fh\u00e9infheasacht an duine aonair, ar fh\u00e9inrial\u00fa agus ar fh\u00e1s pearsanta a fheabhs\u00fa. T\u00e1 s\u00e9 mar aidhm aige tuiscint dhomhain ar mhoth\u00fach\u00e1in agus ar iompar duine a spreagadh.<\/span><\/p>\t\t\t\t\t\t<\/div>\n\t\t\t\t<\/div>\n\t\t\t\t\t<\/div>\n\t\t\t\t<\/div>\n\t\t<div class=\"elementor-element elementor-element-f3e712c msr-edl-faq-wrapper e-flex e-con-boxed e-con e-child\" data-id=\"f3e712c\" data-element_type=\"container\" data-settings=\"{&quot;background_background&quot;:&quot;classic&quot;,&quot;content_width&quot;:&quot;boxed&quot;}\">\n\t\t\t\t\t<div class=\"e-con-inner\">\n\t\t\t\t<div class=\"elementor-element elementor-element-2960be3 elementor-widget elementor-widget-heading\" data-id=\"2960be3\" data-element_type=\"widget\" data-widget_type=\"heading.default\">\n\t\t\t\t<div class=\"elementor-widget-container\">\n\t\t\t<h2 class=\"elementor-heading-title elementor-size-default\">Cuntas \u00fas\u00e1ideora \n<\/h2>\t\t<\/div>\n\t\t\t\t<\/div>\n\t\t\t\t<div class=\"elementor-element elementor-element-f281a25 elementor-widget elementor-widget-text-editor\" data-id=\"f281a25\" data-element_type=\"widget\" data-widget_type=\"text-editor.default\">\n\t\t\t\t<div class=\"elementor-widget-container\">\n\t\t\t\t\t\t\t<p><span style=\"font-weight: 400;\">Pr\u00f3if\u00edl\u00ed saincheaptha bunaithe ag daoine aonair laistigh den ard\u00e1n EDL, a shol\u00e1thra\u00edonn iontr\u00e1il ar ch\u00farsa\u00ed, mod\u00fail, agus uirlis\u00ed at\u00e1 deartha chun freastal ar a sainriachtanais foghlama.<\/span><\/p>\t\t\t\t\t\t<\/div>\n\t\t\t\t<\/div>\n\t\t\t\t\t<\/div>\n\t\t\t\t<\/div>\n\t\t<div class=\"elementor-element elementor-element-2bdbf83 msr-edl-faq-wrapper e-flex e-con-boxed e-con e-child\" data-id=\"2bdbf83\" data-element_type=\"container\" data-settings=\"{&quot;background_background&quot;:&quot;classic&quot;,&quot;content_width&quot;:&quot;boxed&quot;}\">\n\t\t\t\t\t<div class=\"e-con-inner\">\n\t\t\t\t<div class=\"elementor-element elementor-element-1ab51be elementor-widget elementor-widget-heading\" data-id=\"1ab51be\" data-element_type=\"widget\" data-widget_type=\"heading.default\">\n\t\t\t\t<div class=\"elementor-widget-container\">\n\t\t\t<h2 class=\"elementor-heading-title elementor-size-default\">Cl\u00e1r\u00fa\n<\/h2>\t\t<\/div>\n\t\t\t\t<\/div>\n\t\t\t\t<div class=\"elementor-element elementor-element-99d3555 elementor-widget elementor-widget-text-editor\" data-id=\"99d3555\" data-element_type=\"widget\" data-widget_type=\"text-editor.default\">\n\t\t\t\t<div class=\"elementor-widget-container\">\n\t\t\t\t\t\t\t<p><span style=\"font-weight: 400;\">An pr\u00f3iseas chun cl\u00e1r\u00fa le haghaidh na gc\u00farsa\u00ed, na mod\u00fail n\u00f3 na huirlis\u00ed laistigh den ard\u00e1n EDL agus rochtain a fh\u00e1il orthu.<\/span><\/p>\t\t\t\t\t\t<\/div>\n\t\t\t\t<\/div>\n\t\t\t\t\t<\/div>\n\t\t\t\t<\/div>\n\t\t<div class=\"elementor-element elementor-element-35f2cc5 msr-edl-faq-wrapper e-flex e-con-boxed e-con e-child\" data-id=\"35f2cc5\" data-element_type=\"container\" data-settings=\"{&quot;background_background&quot;:&quot;classic&quot;,&quot;content_width&quot;:&quot;boxed&quot;}\">\n\t\t\t\t\t<div class=\"e-con-inner\">\n\t\t\t\t<div class=\"elementor-element elementor-element-1255454 elementor-widget elementor-widget-heading\" data-id=\"1255454\" data-element_type=\"widget\" data-widget_type=\"heading.default\">\n\t\t\t\t<div class=\"elementor-widget-container\">\n\t\t\t<h2 class=\"elementor-heading-title elementor-size-default\">Rian\u00fa Dul Chun Cinn\n\n<\/h2>\t\t<\/div>\n\t\t\t\t<\/div>\n\t\t\t\t<div class=\"elementor-element elementor-element-0fa8445 elementor-widget elementor-widget-text-editor\" data-id=\"0fa8445\" data-element_type=\"widget\" data-widget_type=\"text-editor.default\">\n\t\t\t\t<div class=\"elementor-widget-container\">\n\t\t\t\t\t\t\t<p><span style=\"font-weight: 400;\">Cumas na n-\u00fas\u00e1ideoir\u00ed a ndul chun cinn a bhreathn\u00fa agus a mheas laistigh den ard\u00e1n EDL, ag tairiscint l\u00e9argais ar mhod\u00fail cr\u00edochnaithe agus ar \u00e9achta\u00ed forioml\u00e1na.<\/span><\/p>\t\t\t\t\t\t<\/div>\n\t\t\t\t<\/div>\n\t\t\t\t\t<\/div>\n\t\t\t\t<\/div>\n\t\t<div class=\"elementor-element elementor-element-e1b61f7 msr-edl-faq-wrapper e-flex e-con-boxed e-con e-child\" data-id=\"e1b61f7\" data-element_type=\"container\" data-settings=\"{&quot;background_background&quot;:&quot;classic&quot;,&quot;content_width&quot;:&quot;boxed&quot;}\">\n\t\t\t\t\t<div class=\"e-con-inner\">\n\t\t\t\t<div class=\"elementor-element elementor-element-ee2f94b elementor-widget elementor-widget-heading\" data-id=\"ee2f94b\" data-element_type=\"widget\" data-widget_type=\"heading.default\">\n\t\t\t\t<div class=\"elementor-widget-container\">\n\t\t\t<h2 class=\"elementor-heading-title elementor-size-default\">Uirlis\u00ed Meas\u00fanaithe\n\n<\/h2>\t\t<\/div>\n\t\t\t\t<\/div>\n\t\t\t\t<div class=\"elementor-element elementor-element-34b5947 elementor-widget elementor-widget-text-editor\" data-id=\"34b5947\" data-element_type=\"widget\" data-widget_type=\"text-editor.default\">\n\t\t\t\t<div class=\"elementor-widget-container\">\n\t\t\t\t\t\t\t<p><span style=\"font-weight: 400;\">T\u00e1 gn\u00e9ithe san ard\u00e1n EDL, cos\u00fail le tr\u00e1th na gceist agus seisi\u00fain f\u00e9inmheas\u00fanaithe, deartha chun tuiscint agus cur i bhfeidhm na bhfoghlaimeoir\u00ed ar choincheapa a bhaineann le h\u00e9irim mhoth\u00fach\u00e1nach a mheas.<\/span><\/p>\t\t\t\t\t\t<\/div>\n\t\t\t\t<\/div>\n\t\t\t\t\t<\/div>\n\t\t\t\t<\/div>\n\t\t\t\t\t<\/div>\n\t\t\t\t<\/div>\n\t\t\t\t<\/div>\n\t\t\t\t\t\t\t<\/div>\n\t\t","protected":false},"excerpt":{"rendered":"<p>Gluais Ard\u00e1n EDL Is ard\u00e1n oideachais ar l\u00edne \u00e9 an tArd\u00e1n EDL a crutha\u00edodh don tionscadal Cianfhoghlaim Moth\u00fach\u00e1nach. Cuireann s\u00e9 \u00e9ags\u00falacht c\u00farsa\u00ed, mod\u00fail, agus uirlis\u00ed idirghn\u00edomhacha ar f\u00e1il at\u00e1 deartha chun \u00e9irim mhoth\u00fach\u00e1nach a fheabhs\u00fa agus chun forbairt phearsanta a \u00e9asc\u00fa i gcomhth\u00e9acs an chianoideachais.. Mod\u00fal Is \u00e9ard is mod\u00fal oideachais ann n\u00e1 cuid fh\u00e9inchuimsitheach [&hellip;]<\/p>\n","protected":false},"author":1,"featured_media":0,"parent":0,"menu_order":0,"comment_status":"closed","ping_status":"closed","template":"","meta":{"footnotes":""},"class_list":["post-7984","page","type-page","status-publish","hentry"],"_links":{"self":[{"href":"https:\/\/edl-training.eu\/ga\/wp-json\/wp\/v2\/pages\/7984","targetHints":{"allow":["GET"]}}],"collection":[{"href":"https:\/\/edl-training.eu\/ga\/wp-json\/wp\/v2\/pages"}],"about":[{"href":"https:\/\/edl-training.eu\/ga\/wp-json\/wp\/v2\/types\/page"}],"author":[{"embeddable":true,"href":"https:\/\/edl-training.eu\/ga\/wp-json\/wp\/v2\/users\/1"}],"replies":[{"embeddable":true,"href":"https:\/\/edl-training.eu\/ga\/wp-json\/wp\/v2\/comments?post=7984"}],"version-history":[{"count":9,"href":"https:\/\/edl-training.eu\/ga\/wp-json\/wp\/v2\/pages\/7984\/revisions"}],"predecessor-version":[{"id":8343,"href":"https:\/\/edl-training.eu\/ga\/wp-json\/wp\/v2\/pages\/7984\/revisions\/8343"}],"wp:attachment":[{"href":"https:\/\/edl-training.eu\/ga\/wp-json\/wp\/v2\/media?parent=7984"}],"curies":[{"name":"wp","href":"https:\/\/api.w.org\/{rel}","templated":true}]}}