{"id":8455,"date":"2023-09-07T09:26:42","date_gmt":"2023-09-07T09:26:42","guid":{"rendered":"https:\/\/edl-training.eu\/privacy-policy\/"},"modified":"2024-04-22T11:11:48","modified_gmt":"2024-04-22T11:11:48","slug":"privacy-policy","status":"publish","type":"page","link":"https:\/\/edl-training.eu\/ga\/privacy-policy\/","title":{"rendered":"Beartas Pr\u00edobh\u00e1ideachais"},"content":{"rendered":"\r\n<p><strong>Go ginear\u00e1lta<\/strong><\/p>\r\n<p>\u00das\u00e1ideann edl-training.eu an fhaisn\u00e9is a shol\u00e1thra\u00edonn \u00fas\u00e1ideoir\u00ed an tsu\u00edmh Ghr\u00e9as\u00e1in luaite go deonach, ionas go mbeidh cumars\u00e1id dh\u00edreach agus bhr\u00edoch ag a chuid \u00fas\u00e1ideoir\u00ed leis an siopa, chun freagra\u00ed a shol\u00e1thar ar cheisteanna sonracha a chuireann siad agus ar deireadh le freastal orthu. agus rinne siad a n-orduithe. T\u00e1 s\u00e9 mar aidhm ag an bhfaisn\u00e9is a bhail\u00edonn edl-training.eu tr\u00edd an su\u00edomh Gr\u00e9as\u00e1in a l\u00edon tr\u00e1chta a thomhas, chun riachtanais chustaim\u00e9ir\u00ed a chinneadh le haghaidh tuilleadh t\u00e1irg\u00ed agus chun d\u00e9ile\u00e1il leis an gcuideachta a \u00e9asc\u00fa. n\u00ed dh\u00e1ileann edl-training.eu ar aon eagra\u00edocht n\u00f3 comhph\u00e1irt\u00ed eile nach bhfuil baint aige le edl-training.eu na seolta\u00ed r\u00edomhphoist, n\u00f3 aon fhaisn\u00e9is eile a bhaineann lena cuid \u00fas\u00e1ideoir\u00ed agus custaim\u00e9ir\u00ed.<\/p>\r\n<p><strong>Eolas a bhaili\u00fa<\/strong><\/p>\r\n<p>Dhear Edl-training.eu a shu\u00edomh Gr\u00e9as\u00e1in ionas gur f\u00e9idir lena chuid \u00fas\u00e1ideoir\u00ed cuairt a thabhairt air gan a n-aitheantas a nochtadh mura roghna\u00edonn siad \u00e9 sin a dh\u00e9anamh. Iarrtar ar chuairteoir\u00ed ar \u00e1r su\u00edomh Gr\u00e9as\u00e1in a sonra\u00ed pearsanta a shol\u00e1thar d\u00fainn ach amh\u00e1in m\u00e1s mian leo t\u00e1irge(anna a ord\u00fa), cl\u00e1r\u00fa ar \u00e1r su\u00edomh Gr\u00e9as\u00e1in agus\/n\u00f3 r\u00edomhphost a sheoladh chuig edl-training.eu<\/p>\r\n<p><strong>\u00das\u00e1id Faisn\u00e9ise<\/strong><\/p>\r\n<p>Bail\u00edonn Edl-training.eu dh\u00e1 chine\u00e1l faisn\u00e9ise faoi \u00fas\u00e1ideoir\u00ed: (1) faisn\u00e9is a thugann an t-\u00fas\u00e1ideoir d\u00fainn agus \u00e9 ag cl\u00e1r\u00fa mar chustaim\u00e9ir, (2) faisn\u00e9is a thugann an t-\u00fas\u00e1ideoir d\u00fainn chun a ord\u00fa \u00f3 edl-training.eu a chomhl\u00edonadh. Nuair a bheidh aon fhoirm ordaithe \u00e1 l\u00edonadh isteach ar \u00e1r su\u00edomh Gr\u00e9as\u00e1in, iarrfar ort d\u2019ainm ioml\u00e1n, do sheoladh, do ch\u00f3d poist de do cheantar, do sheoladh r\u00edomhphoist, d\u2019uimhir theileaf\u00f3in, sonra\u00ed c\u00e1rta creidmheasa, modh \u00edoca\u00edochta an ordaithe. Ina theannta sin, b\u2019fh\u00e9idir go n-iarrfar ort faisn\u00e9is n\u00edos saini\u00fala, amhail faisn\u00e9is loingseoireachta agus seachadta le haghaidh ordaithe, faisn\u00e9is bhille\u00e1la n\u00f3 sonra\u00ed faoi thairiscint a d\u2019iarr t\u00fa. \u00das\u00e1ideann edl-training.eu an fhaisn\u00e9is a thugann t\u00fa d\u00fainn le linn duit an fhoirm a chur isteach ar l\u00edne chun teagmh\u00e1il a dh\u00e9anamh leat maidir le (i) seachadadh an ordaithe chuig do shu\u00edomh, (ii) chun an custaim\u00e9ir a dhearbh\u00fa agus a shainaithint in aon ch\u00e1s riachtanach, (iii) i gc\u00e1s t\u00e1irg\u00ed nua n\u00f3 t\u00e1irg\u00ed malartacha arna dtairiscint ag edl-training.eu, (iv) tairiscint\u00ed speisialta edl-training.eu, (v) duaiseanna a fh\u00e1il tar \u00e9is tarraingt com\u00f3rtais.<\/p>\r\n<p><strong>Faisn\u00e9is a cheart\u00fa, a leas\u00fa n\u00f3 a scriosadh<\/strong><\/p>\r\n<p>Ligeann Edl-training.eu d\u00e1 \u00fas\u00e1ideoir\u00ed sonra\u00ed agus faisn\u00e9is a cuireadh isteach chuig edl-training.eu a cheart\u00fa, a athr\u00fa, a chomhl\u00e1n\u00fa n\u00f3 a scriosadh. M\u00e1 roghna\u00edonn t\u00fa faisn\u00e9is a scriosadh, gn\u00edomh\u00f3idh edl-training.eu chun an fhaisn\u00e9is sin a scriosadh \u00f3na thaifid l\u00e1ithreach. Ar mhaithe le cosaint agus sl\u00e1nd\u00e1il an \u00fas\u00e1ideora d\u00e9anfaidh edl-training.eu iarracht a chinnti\u00fa gurb \u00e9 an duine a dh\u00e9anfaidh na hathruithe go deimhin an duine c\u00e9anna leis an \u00fas\u00e1ideoir. Chun do shonra\u00ed pearsanta a rochtain, a athr\u00fa n\u00f3 a scriosadh, chun fadhbanna maidir le feidhmi\u00fa an tsu\u00edmh Ghr\u00e9as\u00e1in a thuairisci\u00fa n\u00f3 chun aon cheist a chur, d\u00e9an teagmh\u00e1il le do thoil le edl-training.eu tr\u00ed www.edl-training.eu. Is f\u00e9idir do shonra\u00ed pearsanta a athr\u00fa n\u00f3 a cheart\u00fa freisin tr\u00ed leathanach cl\u00e1r\u00fach\u00e1in edl-training.eu. Tabhair faoi deara le do thoil go nd\u00e9anfaimid \u00e1r nd\u00edcheall chun do shonra\u00ed pearsanta a chosaint, ach t\u00e1 s\u00e9 f\u00fatsa freisin do phasfhocal a chosaint ar \u00e1r su\u00edomh Gr\u00e9as\u00e1in.<\/p>\r\n<p><strong>Athruithe Tr\u00e9imhsi\u00fala<\/strong><\/p>\r\n<p>T\u00e1 Edl-training.eu ag leathn\u00fa, ag nuashonr\u00fa agus ag feabhs\u00fa a shu\u00edomh Gr\u00e9as\u00e1in, agus t\u00e1irg\u00ed agus seirbh\u00eds\u00ed gaolmhara i gc\u00f3na\u00ed, agus d\u00e9anfaidh s\u00e9 an beartas seo a nuashonr\u00fa. Molaimid duit an n\u00f3s imeachta seo a l\u00e9amh go rialta, le go gcuirf\u00ed ar an eolas t\u00fa faoi aon athruithe ar \u00e1bhar an bheartais um chosaint sonra\u00ed pearsanta seo. Leas\u00f3far an polasa\u00ed seo \u00f3 am go ch\u00e9ile gan f\u00f3gra a thabhairt roimh r\u00e9 d\u2019\u00fas\u00e1ideoir\u00ed. Glacadh leis na N\u00f3sanna Imeachta um Chosaint Pr\u00edobh\u00e1ideachta arna gcur i bhfeidhm ag edl-training.eu<\/p>\r\n<p>M\u00e1 \u00fas\u00e1ideann t\u00fa an su\u00edomh Gr\u00e9as\u00e1in seo, glacann t\u00fa agus aonta\u00edonn t\u00fa leis an R\u00e1iteas Pr\u00edobh\u00e1ideachta seo chomh maith le t\u00e9arma\u00ed agus coinn\u00edollacha \u00fas\u00e1ide an tsu\u00edmh Ghr\u00e9as\u00e1in a f\u00f3gra\u00edodh tr\u00edd.<\/p>\r\n<p><strong>Polasa\u00ed Fian\u00e1n<\/strong><\/p>\r\n<p>\u00das\u00e1ideann an su\u00edomh Gr\u00e9as\u00e1in seo fian\u00e1in. D\u00e9anaimid \u00e9 seo chun tuiscint n\u00edos fearr a fh\u00e1il ar conas a \u00fas\u00e1ideann cuairteoir\u00ed \u00e1r su\u00edomh Gr\u00e9as\u00e1in agus chun eisp\u00e9ireas n\u00edos pearsantaithe a shol\u00e1thar duit. D\u2019fh\u00e9adfaimis staitistic\u00ed a bhaili\u00fa go d\u00edreach agus tr\u00edn\u00e1r gcomhph\u00e1irtithe le linn do chuairte.<\/p>\r\n<p><strong>Cad is fian\u00e1in ann?<\/strong><\/p>\r\n<p>Is comhaid bheaga t\u00e9acs iad fian\u00e1in a st\u00f3r\u00e1iltear ar thiom\u00e1nt\u00e1n crua gach cuairteora \/ \u00fas\u00e1ideora, ar a bhf\u00f3n cliste n\u00f3 ar ghl\u00e9as eile at\u00e1 nasctha leis an Idirl\u00edon chun brabhs\u00e1la\u00ed an chuairteora a shainaithint go saini\u00fail n\u00f3 chun faisn\u00e9is &amp; socruithe a st\u00f3r\u00e1il sa bhrabhs\u00e1la\u00ed, mar shampla an rogha teanga.<\/p>\r\n<p>\u00das\u00e1idtear iad chun rochtain cuairteoir\u00ed \/ \u00fas\u00e1ideoir\u00ed a \u00e9asc\u00fa i dt\u00e9arma\u00ed \u00fas\u00e1id a bhaint as seirbh\u00eds\u00ed sonracha \u00e1r l\u00e1ithre\u00e1n, chun leathanaigh ghr\u00e9as\u00e1in phearsantaithe a shol\u00e1thar agus chun f\u00f3gra\u00edocht agus \u00e1bhar eile a oiri\u00fan\u00fa chun do riachtanais agus do sp\u00e9iseanna ar leith a l\u00e9iri\u00fa. F\u00e9adann s\u00e9 seo do ch\u00e9ad chuairt eile a dh\u00e9anamh n\u00edos \u00e9asca agus an su\u00edomh a dh\u00e9anamh n\u00edos \u00fas\u00e1id\u00ed duit.<\/p>\r\n<p>N\u00ed f\u00e9idir fian\u00e1in a fhorghn\u00edomh\u00fa mar ch\u00f3id n\u00f3 a \u00fas\u00e1id chun v\u00edris a tharchur agus n\u00ed f\u00e9idir rochtain a thabhairt d\u00fainn ar do thiom\u00e1int crua. N\u00ed f\u00e9idir linn aon fhaisn\u00e9is \u00f3 do thiom\u00e1int crua a l\u00e9amh fi\u00fa m\u00e1 st\u00f3r\u00e1laimid fian\u00e1in ann. N\u00ed f\u00e9idir linn d&#8217;aitheantas pearsanta a fh\u00e1il amach \u00f3n bhfaisn\u00e9is seo.<\/p>\r\n<p>Is f\u00e9idir leat fian\u00e1in at\u00e1 st\u00f3r\u00e1ilte ar do r\u00edomhaire cheana f\u00e9in a dh\u00edchumas\u00fa ach, t\u00e1 s\u00e9 t\u00e1bhachtach go mbeadh a fhios agat nach bhfuil roinnt feidhmeanna ar f\u00e1il ach tr\u00ed \u00fas\u00e1id a bhaint as fian\u00e1in agus m\u00e1 roghna\u00edonn t\u00fa fian\u00e1in a dhi\u00falt\u00fa, seans nach mbeidh na feidhmeanna seo ar f\u00e1il.<\/p>\r\n<p>Tagra\u00edonn \u00fas\u00e1id na bhfian\u00e1n ar \u00e1r su\u00edomh Gr\u00e9as\u00e1in do na catag\u00f3ir\u00ed seo a leanas<\/p>\r\n<p><strong>Fian\u00e1in Riachtanach amh\u00e1in agus go docht<\/strong><\/p>\r\n<p>T\u00e1 na fian\u00e1in seo riachtanach chun idirbheart n\u00f3 iarratas a chuir t\u00fa isteach a dh\u00e9anamh. I measc na sampla\u00ed t\u00e1 faisn\u00e9is (\u201ccuimhneamh\u201d) a chuir t\u00fa ar f\u00e1il agus t\u00fa ag brabhs\u00e1il ar an Su\u00edomh chun pac\u00e1iste a sheoladh n\u00f3 a rian\u00fa agus do st\u00e1das log\u00e1il isteach a bhainisti\u00fa le linn do chuairte.<\/p>\r\n<p><strong>Fian\u00e1in Feidhmi\u00fala<\/strong><\/p>\r\n<p>Ligeann na fian\u00e1in seo don su\u00edomh Gr\u00e9as\u00e1in cuimhneamh ar na roghanna at\u00e1 d\u00e9anta agat chun feidhmi\u00falacht a shol\u00e1thar chun do leasa. Mar shampla, cuireann fian\u00e1in fheidhmi\u00fala ar chumas an tsu\u00edmh Ghr\u00e9as\u00e1in cuimhneamh ar shocruithe a bhaineann go sonrach leat, ar n\u00f3s do rogha t\u00edre agus st\u00e1das ceangail lean\u00fanaigh m\u00e1 roghna\u00edonn t\u00fa \u00e9, agus chun lastais roimhe seo, pac\u00e1ist\u00ed rianaithe agus gn\u00e9ithe pearsantaithe eile a thaispe\u00e1int.<\/p>\r\n<p><strong>Fian\u00e1in Mionsonraithe<\/strong><\/p>\r\n<p>Ligeann na fian\u00e1in seo d\u00fainn sonra\u00ed a bhaineann le h\u00fas\u00e1id an tsu\u00edmh Ghr\u00e9as\u00e1in a bhaili\u00fa, lena n-\u00e1ir\u00edtear an t-\u00e1bhar a chlice\u00e1lann t\u00fa air agus t\u00fa ag brabhs\u00e1il an tsu\u00edmh Ghr\u00e9as\u00e1in, chun feidhm\u00edocht agus dearadh an tsu\u00edmh Ghr\u00e9as\u00e1in a fheabhs\u00fa. F\u00e9adfaidh an sol\u00e1thra\u00ed tr\u00ed\u00fa p\u00e1irt\u00ed uirlis\u00ed anail\u00edse na fian\u00e1in seo a shol\u00e1thar, ach n\u00ed \u00fas\u00e1idtear iad ach amh\u00e1in chun cr\u00edocha a bhaineann len\u00e1r l\u00e1ithre\u00e1in ghr\u00e9as\u00e1in.<\/p>\r\n<p><strong>Fian\u00e1in Spriocdh\u00edrithe<\/strong><\/p>\r\n<p>Cuimhn\u00edonn na fian\u00e1in seo faisn\u00e9is faoi d\u2019\u00fas\u00e1id l\u00e1ithre\u00e1n gr\u00e9as\u00e1in ionas gur f\u00e9idir linn faisn\u00e9is phrom\u00f3isin agus faisn\u00e9is spriocdh\u00edrithe eile a shol\u00e1thar duit ar \u00e1r su\u00edomh Gr\u00e9as\u00e1in.<\/p>\r\n<p><strong>Fian\u00e1in a Chosc ar Chalaois<\/strong><\/p>\r\n<p>St\u00f3r\u00e1lann na fian\u00e1in seo faisn\u00e9is a chuid\u00edonn linn stop a chur le h\u00fas\u00e1id chalaoiseach an tSu\u00edmh Ghr\u00e9as\u00e1in.<\/p>\r\n<p><strong>Fian\u00e1in Rian\u00fa<\/strong><\/p>\r\n<p>Ligeann na fian\u00e1in seo d\u00fainn faisn\u00e9is a st\u00f3r\u00e1il faoin gcaoi ar th\u00e1inig \u00fas\u00e1ideoir\u00ed ar an L\u00e1ithre\u00e1n Gr\u00e9as\u00e1in. N\u00ed m\u00f3r d\u00fainn \u00e9 seo a thaifeadadh ionas gur f\u00e9idir linn \u00e1r gCleamhnaithe a \u00edoc go cu\u00ed.<\/p>\r\n<p>Fian\u00e1in chun feidhm\u00edocht an l\u00e1ithre\u00e1in a thomhas<\/p>\r\n<p>\u00das\u00e1idtear na fian\u00e1in seo chun sonra\u00ed staitisti\u00fala gan ainm a bhaili\u00fa a ligeann d\u00fainn tuiscint a fh\u00e1il ar an gcaoi a n-\u00fas\u00e1ideann an pobal \u00e1r su\u00edomh Gr\u00e9as\u00e1in agus a chabhra\u00edonn linn a strucht\u00far agus a \u00e1bhar a fheabhs\u00fa.<\/p>\r\n<p>Nuair a chuirtear naisc chuig l\u00e1ithre\u00e1in ghr\u00e9as\u00e1in tr\u00ed\u00fa p\u00e1irt\u00ed ar f\u00e1il ar an L\u00e1ithre\u00e1n Gr\u00e9as\u00e1in, t\u00e1 s\u00e9 t\u00e1bhachtach a mheabhr\u00fa go mbeidh a gcuid fian\u00e1in agus polasaithe pr\u00edobh\u00e1ideachais f\u00e9in ag na su\u00edomhanna Gr\u00e9as\u00e1in seo a rial\u00f3idh aon fhaisn\u00e9is a fh\u00e9adfaidh t\u00fa a chur isteach. M\u00e1 shocra\u00edonn t\u00fa aon su\u00edomh Gr\u00e9as\u00e1in tr\u00ed\u00fa p\u00e1irt\u00ed nasctha a \u00fas\u00e1id, l\u00e9igh a gcuid fian\u00e1in agus polasaithe pr\u00edobh\u00e1ideachais sula nd\u00e9anann t\u00fa amhlaidh.<\/p>\r\n<p><strong>Athbhreithni\u00fa ar shocruithe fian\u00e1n sa Bhrabhs\u00e1la\u00ed<\/strong><\/p>\r\n<p>Sol\u00e1thra\u00edonn gach brabhs\u00e1la\u00ed gr\u00e9as\u00e1in treoracha soil\u00e9ire maidir leis an mbeartas maidir le fian\u00e1in a \u00fas\u00e1id. Le haghaidh tuilleadh eolais ar bhainisti\u00fa fian\u00e1in, tabhair cuairt le do thoil ar an nasc cu\u00ed th\u00edos.<\/p>\r\n<p>Internet Explorer<\/p>\r\n<p>Firefox<\/p>\r\n<p>Google Chrome<\/p>\r\n<p>Safari<\/p>\r\n<p>Molaimid duit breathn\u00fa ar litr\u00edocht oifigi\u00fail an mhonar\u00f3ra chun an fhaisn\u00e9is is d\u00e9ana\u00ed a fh\u00e1il. Is f\u00e9idir leat tuilleadh eolais a fh\u00e1il faoi fhian\u00e1in ag www.allaboutcookies.org. M\u00e1 leanann t\u00fa den su\u00edomh Gr\u00e9as\u00e1in seo a \u00fas\u00e1id, is ionann \u00e9 sin agus do thoili\u00fa le h\u00fas\u00e1id na bhfian\u00e1n.<\/p>\r\n","protected":false},"excerpt":{"rendered":"<p>Go ginear\u00e1lta \u00das\u00e1ideann edl-training.eu an fhaisn\u00e9is a shol\u00e1thra\u00edonn \u00fas\u00e1ideoir\u00ed an tsu\u00edmh Ghr\u00e9as\u00e1in luaite go deonach, ionas go mbeidh cumars\u00e1id dh\u00edreach agus bhr\u00edoch ag a chuid \u00fas\u00e1ideoir\u00ed leis an siopa, chun freagra\u00ed a shol\u00e1thar ar cheisteanna sonracha a chuireann siad agus ar deireadh le freastal orthu. agus rinne siad a n-orduithe. T\u00e1 s\u00e9 mar aidhm ag [&hellip;]<\/p>\n","protected":false},"author":1,"featured_media":0,"parent":0,"menu_order":0,"comment_status":"closed","ping_status":"open","template":"","meta":{"footnotes":""},"class_list":["post-8455","page","type-page","status-publish","hentry"],"_links":{"self":[{"href":"https:\/\/edl-training.eu\/ga\/wp-json\/wp\/v2\/pages\/8455","targetHints":{"allow":["GET"]}}],"collection":[{"href":"https:\/\/edl-training.eu\/ga\/wp-json\/wp\/v2\/pages"}],"about":[{"href":"https:\/\/edl-training.eu\/ga\/wp-json\/wp\/v2\/types\/page"}],"author":[{"embeddable":true,"href":"https:\/\/edl-training.eu\/ga\/wp-json\/wp\/v2\/users\/1"}],"replies":[{"embeddable":true,"href":"https:\/\/edl-training.eu\/ga\/wp-json\/wp\/v2\/comments?post=8455"}],"version-history":[{"count":3,"href":"https:\/\/edl-training.eu\/ga\/wp-json\/wp\/v2\/pages\/8455\/revisions"}],"predecessor-version":[{"id":8492,"href":"https:\/\/edl-training.eu\/ga\/wp-json\/wp\/v2\/pages\/8455\/revisions\/8492"}],"wp:attachment":[{"href":"https:\/\/edl-training.eu\/ga\/wp-json\/wp\/v2\/media?parent=8455"}],"curies":[{"name":"wp","href":"https:\/\/api.w.org\/{rel}","templated":true}]}}