{"id":7985,"date":"2023-11-29T09:21:43","date_gmt":"2023-11-29T09:21:43","guid":{"rendered":"https:\/\/edl-training.eu\/glossary\/"},"modified":"2023-11-30T11:42:59","modified_gmt":"2023-11-30T11:42:59","slug":"glossary","status":"publish","type":"page","link":"https:\/\/edl-training.eu\/it\/glossary\/","title":{"rendered":"Glossary"},"content":{"rendered":"\t\t<div data-elementor-type=\"wp-page\" data-elementor-id=\"7985\" class=\"elementor elementor-7985 elementor-7958\">\n\t\t\t\t\t\t\t<div class=\"elementor-element elementor-element-8818978 e-con-full e-flex e-con e-parent\" data-id=\"8818978\" data-element_type=\"container\" data-settings=\"{&quot;content_width&quot;:&quot;full&quot;,&quot;background_background&quot;:&quot;classic&quot;}\" data-core-v316-plus=\"true\">\n\t\t<div class=\"elementor-element elementor-element-717b321 msr-page-header e-flex e-con-boxed e-con e-child\" data-id=\"717b321\" data-element_type=\"container\" data-settings=\"{&quot;content_width&quot;:&quot;boxed&quot;}\">\n\t\t\t\t\t<div class=\"e-con-inner\">\n\t\t\t\t<div class=\"elementor-element elementor-element-5776e35 elementor-widget elementor-widget-heading\" data-id=\"5776e35\" data-element_type=\"widget\" data-widget_type=\"heading.default\">\n\t\t\t\t<div class=\"elementor-widget-container\">\n\t\t\t<style>\/*! elementor - v3.16.0 - 20-09-2023 *\/\n.elementor-heading-title{padding:0;margin:0;line-height:1}.elementor-widget-heading .elementor-heading-title[class*=elementor-size-]>a{color:inherit;font-size:inherit;line-height:inherit}.elementor-widget-heading .elementor-heading-title.elementor-size-small{font-size:15px}.elementor-widget-heading .elementor-heading-title.elementor-size-medium{font-size:19px}.elementor-widget-heading .elementor-heading-title.elementor-size-large{font-size:29px}.elementor-widget-heading .elementor-heading-title.elementor-size-xl{font-size:39px}.elementor-widget-heading .elementor-heading-title.elementor-size-xxl{font-size:59px}<\/style><h2 class=\"elementor-heading-title elementor-size-default\"> Glossario<\/h2>\t\t<\/div>\n\t\t\t\t<\/div>\n\t\t\t\t\t<\/div>\n\t\t\t\t<\/div>\n\t\t\t\t<\/div>\n\t\t<div class=\"elementor-element elementor-element-6aca497 e-con-full e-flex e-con e-parent\" data-id=\"6aca497\" data-element_type=\"container\" data-settings=\"{&quot;content_width&quot;:&quot;full&quot;,&quot;background_background&quot;:&quot;classic&quot;}\" data-core-v316-plus=\"true\">\n\t\t<div class=\"elementor-element elementor-element-c0f1bc5 e-flex e-con-boxed e-con e-child\" data-id=\"c0f1bc5\" data-element_type=\"container\" data-settings=\"{&quot;content_width&quot;:&quot;boxed&quot;}\">\n\t\t\t\t\t<div class=\"e-con-inner\">\n\t\t<div class=\"elementor-element elementor-element-c1f5d6d msr-edl-faq-wrapper e-flex e-con-boxed e-con e-child\" data-id=\"c1f5d6d\" data-element_type=\"container\" data-settings=\"{&quot;background_background&quot;:&quot;classic&quot;,&quot;content_width&quot;:&quot;boxed&quot;}\">\n\t\t\t\t\t<div class=\"e-con-inner\">\n\t\t\t\t<div class=\"elementor-element elementor-element-a43f0d4 elementor-widget elementor-widget-heading\" data-id=\"a43f0d4\" data-element_type=\"widget\" data-widget_type=\"heading.default\">\n\t\t\t\t<div class=\"elementor-widget-container\">\n\t\t\t<h2 class=\"elementor-heading-title elementor-size-default\">- Piattaforma EDL\n<\/h2>\t\t<\/div>\n\t\t\t\t<\/div>\n\t\t\t\t<div class=\"elementor-element elementor-element-f9268d3 elementor-widget elementor-widget-text-editor\" data-id=\"f9268d3\" data-element_type=\"widget\" data-widget_type=\"text-editor.default\">\n\t\t\t\t<div class=\"elementor-widget-container\">\n\t\t\t<style>\/*! elementor - v3.16.0 - 20-09-2023 *\/\n.elementor-widget-text-editor.elementor-drop-cap-view-stacked .elementor-drop-cap{background-color:#69727d;color:#fff}.elementor-widget-text-editor.elementor-drop-cap-view-framed .elementor-drop-cap{color:#69727d;border:3px solid;background-color:transparent}.elementor-widget-text-editor:not(.elementor-drop-cap-view-default) .elementor-drop-cap{margin-top:8px}.elementor-widget-text-editor:not(.elementor-drop-cap-view-default) .elementor-drop-cap-letter{width:1em;height:1em}.elementor-widget-text-editor .elementor-drop-cap{float:left;text-align:center;line-height:1;font-size:50px}.elementor-widget-text-editor .elementor-drop-cap-letter{display:inline-block}<\/style>\t\t\t\t<p><span style=\"font-weight: 400;\">La piattaforma EDL \u00e8 una piattaforma educativa online creata per il progetto Emotional Distance Learning. Offre una serie di corsi, moduli e strumenti interattivi creati per migliorare l&#8217;intelligenza emotiva e facilitare lo sviluppo personale nel contesto dell&#8217;educazione a distanza.<\/span><\/p>\t\t\t\t\t\t<\/div>\n\t\t\t\t<\/div>\n\t\t\t\t\t<\/div>\n\t\t\t\t<\/div>\n\t\t<div class=\"elementor-element elementor-element-c34493e msr-edl-faq-wrapper e-flex e-con-boxed e-con e-child\" data-id=\"c34493e\" data-element_type=\"container\" data-settings=\"{&quot;background_background&quot;:&quot;classic&quot;,&quot;content_width&quot;:&quot;boxed&quot;}\">\n\t\t\t\t\t<div class=\"e-con-inner\">\n\t\t\t\t<div class=\"elementor-element elementor-element-f02bb51 elementor-widget elementor-widget-heading\" data-id=\"f02bb51\" data-element_type=\"widget\" data-widget_type=\"heading.default\">\n\t\t\t\t<div class=\"elementor-widget-container\">\n\t\t\t<h2 class=\"elementor-heading-title elementor-size-default\">- Modulo\n\n<\/h2>\t\t<\/div>\n\t\t\t\t<\/div>\n\t\t\t\t<div class=\"elementor-element elementor-element-d321c7c elementor-widget elementor-widget-text-editor\" data-id=\"d321c7c\" data-element_type=\"widget\" data-widget_type=\"text-editor.default\">\n\t\t\t\t<div class=\"elementor-widget-container\">\n\t\t\t\t\t\t\t<p><span style=\"font-weight: 400;\">Un modulo educativo \u00e8 una sezione autonoma di contenuti didattici che si trova in un programma educativo o in un corso. Il suo scopo \u00e8 quello di affrontare un argomento particolare o un gruppo di argomenti interconnessi, ed \u00e8 solitamente organizzato per supportare un apprendimento mirato e coerente. I moduli didattici comprendono materiali diversi come lezioni, letture, risorse multimediali, valutazioni e attivit\u00e0 interattive. Questi moduli sono tipicamente organizzati per guidare gli studenti nell&#8217;acquisizione di conoscenze e competenze in modo strutturato e sequenziale.<\/span><\/p>\t\t\t\t\t\t<\/div>\n\t\t\t\t<\/div>\n\t\t\t\t\t<\/div>\n\t\t\t\t<\/div>\n\t\t<div class=\"elementor-element elementor-element-addba54 msr-edl-faq-wrapper e-flex e-con-boxed e-con e-child\" data-id=\"addba54\" data-element_type=\"container\" data-settings=\"{&quot;background_background&quot;:&quot;classic&quot;,&quot;content_width&quot;:&quot;boxed&quot;}\">\n\t\t\t\t\t<div class=\"e-con-inner\">\n\t\t\t\t<div class=\"elementor-element elementor-element-ea00789 elementor-widget elementor-widget-heading\" data-id=\"ea00789\" data-element_type=\"widget\" data-widget_type=\"heading.default\">\n\t\t\t\t<div class=\"elementor-widget-container\">\n\t\t\t<h2 class=\"elementor-heading-title elementor-size-default\">- Strumenti digitali\n<\/h2>\t\t<\/div>\n\t\t\t\t<\/div>\n\t\t\t\t<div class=\"elementor-element elementor-element-e1659f4 elementor-widget elementor-widget-text-editor\" data-id=\"e1659f4\" data-element_type=\"widget\" data-widget_type=\"text-editor.default\">\n\t\t\t\t<div class=\"elementor-widget-container\">\n\t\t\t\t\t\t\t<p><span style=\"font-weight: 400;\">Risorse e applicazioni coinvolgenti incorporate nella piattaforma EDL per arricchire il percorso di apprendimento, comprendenti vari elementi come video, infografiche, schede di abbinamento e schede tutor, tra gli altri.<\/span><\/p>\t\t\t\t\t\t<\/div>\n\t\t\t\t<\/div>\n\t\t\t\t\t<\/div>\n\t\t\t\t<\/div>\n\t\t<div class=\"elementor-element elementor-element-faa4077 msr-edl-faq-wrapper e-flex e-con-boxed e-con e-child\" data-id=\"faa4077\" data-element_type=\"container\" data-settings=\"{&quot;background_background&quot;:&quot;classic&quot;,&quot;content_width&quot;:&quot;boxed&quot;}\">\n\t\t\t\t\t<div class=\"e-con-inner\">\n\t\t\t\t<div class=\"elementor-element elementor-element-d3e7dd1 elementor-widget elementor-widget-heading\" data-id=\"d3e7dd1\" data-element_type=\"widget\" data-widget_type=\"heading.default\">\n\t\t\t\t<div class=\"elementor-widget-container\">\n\t\t\t<h2 class=\"elementor-heading-title elementor-size-default\">- Competenze emotive interpersonali\n<\/h2>\t\t<\/div>\n\t\t\t\t<\/div>\n\t\t\t\t<div class=\"elementor-element elementor-element-54a146f elementor-widget elementor-widget-text-editor\" data-id=\"54a146f\" data-element_type=\"widget\" data-widget_type=\"text-editor.default\">\n\t\t\t\t<div class=\"elementor-widget-container\">\n\t\t\t\t\t\t\t<p><span style=\"font-weight: 400;\">Una sezione specializzata che approfondisce la coltivazione delle competenze emotive interpersonali. Questo segmento pone una forte enfasi sulla promozione dell&#8217;abilit\u00e0 nella comunicazione, nella collaborazione e nella costruzione di relazioni nel contesto unico dell&#8217;istruzione a distanza.<\/span><\/p>\t\t\t\t\t\t<\/div>\n\t\t\t\t<\/div>\n\t\t\t\t\t<\/div>\n\t\t\t\t<\/div>\n\t\t<div class=\"elementor-element elementor-element-fd971b4 msr-edl-faq-wrapper e-flex e-con-boxed e-con e-child\" data-id=\"fd971b4\" data-element_type=\"container\" data-settings=\"{&quot;background_background&quot;:&quot;classic&quot;,&quot;content_width&quot;:&quot;boxed&quot;}\">\n\t\t\t\t\t<div class=\"e-con-inner\">\n\t\t\t\t<div class=\"elementor-element elementor-element-32b8738 elementor-widget elementor-widget-heading\" data-id=\"32b8738\" data-element_type=\"widget\" data-widget_type=\"heading.default\">\n\t\t\t\t<div class=\"elementor-widget-container\">\n\t\t\t<h2 class=\"elementor-heading-title elementor-size-default\">- Competenze emotive intrapersonali\n\n<\/h2>\t\t<\/div>\n\t\t\t\t<\/div>\n\t\t\t\t<div class=\"elementor-element elementor-element-532b753 elementor-widget elementor-widget-text-editor\" data-id=\"532b753\" data-element_type=\"widget\" data-widget_type=\"text-editor.default\">\n\t\t\t\t<div class=\"elementor-widget-container\">\n\t\t\t\t\t\t\t<p><span style=\"font-weight: 400;\">Una sezione che si concentra sul miglioramento dell&#8217;autoconsapevolezza individuale, dell&#8217;autoregolazione e della crescita personale. Mira a incoraggiare una comprensione profonda delle proprie emozioni e dei propri comportamenti.<\/span><\/p>\t\t\t\t\t\t<\/div>\n\t\t\t\t<\/div>\n\t\t\t\t\t<\/div>\n\t\t\t\t<\/div>\n\t\t<div class=\"elementor-element elementor-element-f3e712c msr-edl-faq-wrapper e-flex e-con-boxed e-con e-child\" data-id=\"f3e712c\" data-element_type=\"container\" data-settings=\"{&quot;background_background&quot;:&quot;classic&quot;,&quot;content_width&quot;:&quot;boxed&quot;}\">\n\t\t\t\t\t<div class=\"e-con-inner\">\n\t\t\t\t<div class=\"elementor-element elementor-element-2960be3 elementor-widget elementor-widget-heading\" data-id=\"2960be3\" data-element_type=\"widget\" data-widget_type=\"heading.default\">\n\t\t\t\t<div class=\"elementor-widget-container\">\n\t\t\t<h2 class=\"elementor-heading-title elementor-size-default\">- Account utente\n\n<\/h2>\t\t<\/div>\n\t\t\t\t<\/div>\n\t\t\t\t<div class=\"elementor-element elementor-element-f281a25 elementor-widget elementor-widget-text-editor\" data-id=\"f281a25\" data-element_type=\"widget\" data-widget_type=\"text-editor.default\">\n\t\t\t\t<div class=\"elementor-widget-container\">\n\t\t\t\t\t\t\t<p><span style=\"font-weight: 400;\">Profili personalizzati creati dagli individui all&#8217;interno della piattaforma EDL, che forniscono l&#8217;accesso a corsi, moduli e strumenti progettati per soddisfare le loro specifiche esigenze di apprendimento.<\/span><\/p>\t\t\t\t\t\t<\/div>\n\t\t\t\t<\/div>\n\t\t\t\t\t<\/div>\n\t\t\t\t<\/div>\n\t\t<div class=\"elementor-element elementor-element-2bdbf83 msr-edl-faq-wrapper e-flex e-con-boxed e-con e-child\" data-id=\"2bdbf83\" data-element_type=\"container\" data-settings=\"{&quot;background_background&quot;:&quot;classic&quot;,&quot;content_width&quot;:&quot;boxed&quot;}\">\n\t\t\t\t\t<div class=\"e-con-inner\">\n\t\t\t\t<div class=\"elementor-element elementor-element-1ab51be elementor-widget elementor-widget-heading\" data-id=\"1ab51be\" data-element_type=\"widget\" data-widget_type=\"heading.default\">\n\t\t\t\t<div class=\"elementor-widget-container\">\n\t\t\t<h2 class=\"elementor-heading-title elementor-size-default\">- Iscrizione\n\n<\/h2>\t\t<\/div>\n\t\t\t\t<\/div>\n\t\t\t\t<div class=\"elementor-element elementor-element-99d3555 elementor-widget elementor-widget-text-editor\" data-id=\"99d3555\" data-element_type=\"widget\" data-widget_type=\"text-editor.default\">\n\t\t\t\t<div class=\"elementor-widget-container\">\n\t\t\t\t\t\t\t<p><span style=\"font-weight: 400;\">Il processo di registrazione e di accesso ai corsi, ai moduli e agli strumenti della piattaforma EDL.<\/span><\/p>\t\t\t\t\t\t<\/div>\n\t\t\t\t<\/div>\n\t\t\t\t\t<\/div>\n\t\t\t\t<\/div>\n\t\t<div class=\"elementor-element elementor-element-35f2cc5 msr-edl-faq-wrapper e-flex e-con-boxed e-con e-child\" data-id=\"35f2cc5\" data-element_type=\"container\" data-settings=\"{&quot;background_background&quot;:&quot;classic&quot;,&quot;content_width&quot;:&quot;boxed&quot;}\">\n\t\t\t\t\t<div class=\"e-con-inner\">\n\t\t\t\t<div class=\"elementor-element elementor-element-1255454 elementor-widget elementor-widget-heading\" data-id=\"1255454\" data-element_type=\"widget\" data-widget_type=\"heading.default\">\n\t\t\t\t<div class=\"elementor-widget-container\">\n\t\t\t<h2 class=\"elementor-heading-title elementor-size-default\">- Monitoraggio dei progressi\n\n<\/h2>\t\t<\/div>\n\t\t\t\t<\/div>\n\t\t\t\t<div class=\"elementor-element elementor-element-0fa8445 elementor-widget elementor-widget-text-editor\" data-id=\"0fa8445\" data-element_type=\"widget\" data-widget_type=\"text-editor.default\">\n\t\t\t\t<div class=\"elementor-widget-container\">\n\t\t\t\t\t\t\t<p><span style=\"font-weight: 400;\">La capacit\u00e0 degli utenti di osservare e valutare i propri progressi all&#8217;interno della piattaforma EDL, offrendo approfondimenti sui moduli completati e sui risultati complessivi.<\/span><\/p>\t\t\t\t\t\t<\/div>\n\t\t\t\t<\/div>\n\t\t\t\t\t<\/div>\n\t\t\t\t<\/div>\n\t\t<div class=\"elementor-element elementor-element-e1b61f7 msr-edl-faq-wrapper e-flex e-con-boxed e-con e-child\" data-id=\"e1b61f7\" data-element_type=\"container\" data-settings=\"{&quot;background_background&quot;:&quot;classic&quot;,&quot;content_width&quot;:&quot;boxed&quot;}\">\n\t\t\t\t\t<div class=\"e-con-inner\">\n\t\t\t\t<div class=\"elementor-element elementor-element-ee2f94b elementor-widget elementor-widget-heading\" data-id=\"ee2f94b\" data-element_type=\"widget\" data-widget_type=\"heading.default\">\n\t\t\t\t<div class=\"elementor-widget-container\">\n\t\t\t<h2 class=\"elementor-heading-title elementor-size-default\">- Strumenti di valutazione\n\n<\/h2>\t\t<\/div>\n\t\t\t\t<\/div>\n\t\t\t\t<div class=\"elementor-element elementor-element-34b5947 elementor-widget elementor-widget-text-editor\" data-id=\"34b5947\" data-element_type=\"widget\" data-widget_type=\"text-editor.default\">\n\t\t\t\t<div class=\"elementor-widget-container\">\n\t\t\t\t\t\t\t<p><span style=\"font-weight: 400;\">Funzionalit\u00e0 della piattaforma EDL, come quiz e sessioni di autovalutazione, create per valutare la comprensione e l&#8217;applicazione dei concetti relativi all&#8217;intelligenza emotiva da parte degli studenti.<\/span><\/p>\t\t\t\t\t\t<\/div>\n\t\t\t\t<\/div>\n\t\t\t\t\t<\/div>\n\t\t\t\t<\/div>\n\t\t\t\t\t<\/div>\n\t\t\t\t<\/div>\n\t\t\t\t<\/div>\n\t\t\t\t\t\t\t<\/div>\n\t\t","protected":false},"excerpt":{"rendered":"<p>Glossario &#8211; Piattaforma EDL La piattaforma EDL \u00e8 una piattaforma educativa online creata per il progetto Emotional Distance Learning. Offre una serie di corsi, moduli e strumenti interattivi creati per migliorare l&#8217;intelligenza emotiva e facilitare lo sviluppo personale nel contesto dell&#8217;educazione a distanza. &#8211; Modulo Un modulo educativo \u00e8 una sezione autonoma di contenuti didattici [&hellip;]<\/p>\n","protected":false},"author":1,"featured_media":0,"parent":0,"menu_order":0,"comment_status":"closed","ping_status":"closed","template":"","meta":{"footnotes":""},"class_list":["post-7985","page","type-page","status-publish","hentry"],"_links":{"self":[{"href":"https:\/\/edl-training.eu\/it\/wp-json\/wp\/v2\/pages\/7985","targetHints":{"allow":["GET"]}}],"collection":[{"href":"https:\/\/edl-training.eu\/it\/wp-json\/wp\/v2\/pages"}],"about":[{"href":"https:\/\/edl-training.eu\/it\/wp-json\/wp\/v2\/types\/page"}],"author":[{"embeddable":true,"href":"https:\/\/edl-training.eu\/it\/wp-json\/wp\/v2\/users\/1"}],"replies":[{"embeddable":true,"href":"https:\/\/edl-training.eu\/it\/wp-json\/wp\/v2\/comments?post=7985"}],"version-history":[{"count":9,"href":"https:\/\/edl-training.eu\/it\/wp-json\/wp\/v2\/pages\/7985\/revisions"}],"predecessor-version":[{"id":8349,"href":"https:\/\/edl-training.eu\/it\/wp-json\/wp\/v2\/pages\/7985\/revisions\/8349"}],"wp:attachment":[{"href":"https:\/\/edl-training.eu\/it\/wp-json\/wp\/v2\/media?parent=7985"}],"curies":[{"name":"wp","href":"https:\/\/api.w.org\/{rel}","templated":true}]}}